{"id":2,"date":"2020-04-28T20:19:18","date_gmt":"2020-04-28T18:19:18","guid":{"rendered":"https:\/\/flaviendev.fr\/leblog\/?page_id=2"},"modified":"2023-07-20T23:31:21","modified_gmt":"2023-07-20T21:31:21","slug":"blog","status":"publish","type":"page","link":"https:\/\/flaviendev.fr\/leblog\/","title":{"rendered":"Blog"},"content":{"rendered":"\t\t<div data-elementor-type=\"wp-page\" data-elementor-id=\"2\" class=\"elementor elementor-2\">\n\t\t\t\t\t\t<section class=\"elementor-section elementor-top-section elementor-element elementor-element-24498c52 elementor-section-stretched elementor-section-full_width elementor-section-height-default elementor-section-height-default\" data-id=\"24498c52\" data-element_type=\"section\" data-e-type=\"section\" id=\"top\" data-settings=\"{&quot;stretch_section&quot;:&quot;section-stretched&quot;,&quot;shape_divider_bottom&quot;:&quot;tilt&quot;,&quot;background_background&quot;:&quot;classic&quot;}\">\n\t\t\t\t\t\t\t<div class=\"elementor-background-overlay\"><\/div>\n\t\t\t\t\t\t<div class=\"elementor-shape elementor-shape-bottom\" aria-hidden=\"true\" data-negative=\"false\">\n\t\t\t<svg xmlns=\"http:\/\/www.w3.org\/2000\/svg\" viewBox=\"0 0 1000 100\" preserveAspectRatio=\"none\">\n\t<path class=\"elementor-shape-fill\" d=\"M0,6V0h1000v100L0,6z\"\/>\n<\/svg>\t\t<\/div>\n\t\t\t\t\t<div class=\"elementor-container elementor-column-gap-default\">\n\t\t\t\t\t<div class=\"elementor-column elementor-col-100 elementor-top-column elementor-element elementor-element-4c3eeecc\" data-id=\"4c3eeecc\" data-element_type=\"column\" data-e-type=\"column\">\n\t\t\t<div class=\"elementor-widget-wrap elementor-element-populated\">\n\t\t\t\t\t\t<div class=\"elementor-element elementor-element-bee228c elementor-widget elementor-widget-spacer\" data-id=\"bee228c\" data-element_type=\"widget\" data-e-type=\"widget\" data-widget_type=\"spacer.default\">\n\t\t\t\t<div class=\"elementor-widget-container\">\n\t\t\t\t\t\t\t<div class=\"elementor-spacer\">\n\t\t\t<div class=\"elementor-spacer-inner\"><\/div>\n\t\t<\/div>\n\t\t\t\t\t\t<\/div>\n\t\t\t\t<\/div>\n\t\t\t\t<div class=\"elementor-element elementor-element-b52c39e elementor-invisible elementor-widget elementor-widget-heading\" data-id=\"b52c39e\" data-element_type=\"widget\" data-e-type=\"widget\" data-settings=\"{&quot;_animation&quot;:&quot;bounceIn&quot;}\" data-widget_type=\"heading.default\">\n\t\t\t\t<div class=\"elementor-widget-container\">\n\t\t\t\t\t<h1 class=\"elementor-heading-title elementor-size-default\">Le Blog<\/h1>\t\t\t\t<\/div>\n\t\t\t\t<\/div>\n\t\t\t\t<div class=\"elementor-element elementor-element-45583df1 elementor-widget-divider--view-line elementor-widget elementor-widget-divider\" data-id=\"45583df1\" data-element_type=\"widget\" data-e-type=\"widget\" data-widget_type=\"divider.default\">\n\t\t\t\t<div class=\"elementor-widget-container\">\n\t\t\t\t\t\t\t<div class=\"elementor-divider\">\n\t\t\t<span class=\"elementor-divider-separator\">\n\t\t\t\t\t\t<\/span>\n\t\t<\/div>\n\t\t\t\t\t\t<\/div>\n\t\t\t\t<\/div>\n\t\t\t\t<div class=\"elementor-element elementor-element-144dde41 elementor-widget elementor-widget-spacer\" data-id=\"144dde41\" data-element_type=\"widget\" data-e-type=\"widget\" data-widget_type=\"spacer.default\">\n\t\t\t\t<div class=\"elementor-widget-container\">\n\t\t\t\t\t\t\t<div class=\"elementor-spacer\">\n\t\t\t<div class=\"elementor-spacer-inner\"><\/div>\n\t\t<\/div>\n\t\t\t\t\t\t<\/div>\n\t\t\t\t<\/div>\n\t\t\t\t\t<\/div>\n\t\t<\/div>\n\t\t\t\t\t<\/div>\n\t\t<\/section>\n\t\t\t\t<section class=\"elementor-section elementor-top-section elementor-element elementor-element-fd22867 elementor-section-stretched elementor-section-full_width elementor-section-height-default elementor-section-height-default\" data-id=\"fd22867\" data-element_type=\"section\" data-e-type=\"section\" data-settings=\"{&quot;stretch_section&quot;:&quot;section-stretched&quot;,&quot;background_background&quot;:&quot;classic&quot;}\">\n\t\t\t\t\t\t<div class=\"elementor-container elementor-column-gap-default\">\n\t\t\t\t\t<div class=\"elementor-column elementor-col-16 elementor-top-column elementor-element elementor-element-fb3a56b\" data-id=\"fb3a56b\" data-element_type=\"column\" data-e-type=\"column\">\n\t\t\t<div class=\"elementor-widget-wrap\">\n\t\t\t\t\t\t\t<\/div>\n\t\t<\/div>\n\t\t\t\t<div class=\"elementor-column elementor-col-66 elementor-top-column elementor-element elementor-element-7994a4f\" data-id=\"7994a4f\" data-element_type=\"column\" data-e-type=\"column\">\n\t\t\t<div class=\"elementor-widget-wrap elementor-element-populated\">\n\t\t\t\t\t\t<div class=\"elementor-element elementor-element-8692f4f elementor-widget elementor-widget-spacer\" data-id=\"8692f4f\" data-element_type=\"widget\" data-e-type=\"widget\" data-widget_type=\"spacer.default\">\n\t\t\t\t<div class=\"elementor-widget-container\">\n\t\t\t\t\t\t\t<div class=\"elementor-spacer\">\n\t\t\t<div class=\"elementor-spacer-inner\"><\/div>\n\t\t<\/div>\n\t\t\t\t\t\t<\/div>\n\t\t\t\t<\/div>\n\t\t\t\t<div class=\"elementor-element elementor-element-1ea5394 elementor-grid-eael-col-2 elementor-grid-tablet-eael-col-2 elementor-grid-mobile-eael-col-1 elementor-widget elementor-widget-eael-post-grid\" data-id=\"1ea5394\" data-element_type=\"widget\" data-e-type=\"widget\" data-settings=\"{&quot;eael_post_grid_columns&quot;:&quot;eael-col-2&quot;,&quot;eael_post_grid_columns_tablet&quot;:&quot;eael-col-2&quot;,&quot;eael_post_grid_columns_mobile&quot;:&quot;eael-col-1&quot;}\" data-widget_type=\"eael-post-grid.default\">\n\t\t\t\t<div class=\"elementor-widget-container\">\n\t\t\t\t\t<div id=\"eael-post-grid-1ea5394\" class=\"eael-post-grid-container\">\n            <div class=\"eael-post-grid eael-post-appender eael-post-appender-1ea5394 eael-post-grid-style-one\" data-layout-mode=\"masonry\"><article class=\"eael-grid-post  eael-post-grid-column eael-pg-post-321 category-developpement-web-mariage tags-couple-evenement-famille-fete-mariage-site-union-web\" data-id=\"321\">\n        <div class=\"eael-grid-post-holder\">\n            <div class=\"eael-grid-post-holder-inner\"><div class=\"eael-entry-media\"><ul class=\"post-carousel-categories\"><li><a href=\"https:\/\/flaviendev.fr\/leblog\/category\/developpement-web\/\">D\u00e9veloppement Web<\/a><\/li><li><a href=\"https:\/\/flaviendev.fr\/leblog\/category\/mariage\/\">Mariage<\/a><\/li><\/ul><div class=\"eael-entry-overlay fade-in\"><i class=\"fas fa-long-arrow-alt-right\" aria-hidden=\"true\"><\/i><a href=\"https:\/\/flaviendev.fr\/leblog\/pourquoi-et-comment-faire-un-site-web-pour-un-mariage\/\"><\/a><\/div><div class=\"eael-entry-thumbnail \">\n                <img fetchpriority=\"high\" decoding=\"async\" width=\"870\" height=\"380\" src=\"https:\/\/flaviendev.fr\/leblog\/wp-content\/uploads\/sites\/3\/2020\/08\/Mariage870x380.png\" class=\"attachment-large size-large wp-image-353\" alt=\"\" srcset=\"https:\/\/flaviendev.fr\/leblog\/wp-content\/uploads\/sites\/3\/2020\/08\/Mariage870x380.png 870w, https:\/\/flaviendev.fr\/leblog\/wp-content\/uploads\/sites\/3\/2020\/08\/Mariage870x380-300x131.png 300w, https:\/\/flaviendev.fr\/leblog\/wp-content\/uploads\/sites\/3\/2020\/08\/Mariage870x380-768x335.png 768w\" sizes=\"(max-width: 870px) 100vw, 870px\" \/>\n            <\/div>\n        <\/div><div class=\"eael-entry-wrapper\"><header class=\"eael-entry-header\"><h2 class=\"eael-entry-title\"><a class=\"eael-grid-post-link\" href=\"https:\/\/flaviendev.fr\/leblog\/pourquoi-et-comment-faire-un-site-web-pour-un-mariage\/\" title=\"Pourquoi et Comment faire un site web pour un Mariage ?\">Pourquoi et Comment faire un site web pour un Mariage ?<\/a><\/h2><\/header><div class=\"eael-entry-header-after\"><div class=\"eael-author-avatar\"><a href=\"https:\/\/flaviendev.fr\/leblog\/author\/flaviendev\/\"><img alt='FlavienDev' src='https:\/\/secure.gravatar.com\/avatar\/2af8e4e1ace0ee99fde0c69abd16c871eb0e7882f107916bc5915960fd075ea5?s=96&#038;d=mm&#038;r=g' srcset='https:\/\/secure.gravatar.com\/avatar\/2af8e4e1ace0ee99fde0c69abd16c871eb0e7882f107916bc5915960fd075ea5?s=192&#038;d=mm&#038;r=g 2x' class='avatar avatar-96 photo' height='96' width='96' \/><\/a><\/div><div class=\"eael-entry-meta\"><span class=\"eael-posted-by\"><a href=\"https:\/\/flaviendev.fr\/leblog\/author\/flaviendev\/\" title=\"Posts by FlavienDev\" rel=\"author\">FlavienDev<\/a><\/span><span class=\"eael-posted-on\"><time datetime=\"7 octobre 2020\">7 octobre 2020<\/time><\/span><\/div><\/div><div class=\"eael-entry-content\">\n                        <div class=\"eael-grid-post-excerpt\"><p>Que tu soit le\/la mari\u00e9(e) ultra-connect\u00e9, que tes invit\u00e9s soient 2.0 ou m\u00eame si tu souhaite allier geste \u00e9cologique et \u00e9conomique pour un mariage de...<\/p><a href=\"https:\/\/flaviendev.fr\/leblog\/pourquoi-et-comment-faire-un-site-web-pour-un-mariage\/\" class=\"eael-post-elements-readmore-btn\">Lire la suite<\/a><\/div>\n                    <\/div><\/div><\/div>\n        <\/div>\n    <\/article><article class=\"eael-grid-post  eael-post-grid-column eael-pg-post-193 category-argent-restaurant tags-commande-en-ligne-restaurant-site-systeme-web\" data-id=\"193\">\n        <div class=\"eael-grid-post-holder\">\n            <div class=\"eael-grid-post-holder-inner\"><div class=\"eael-entry-media\"><ul class=\"post-carousel-categories\"><li><a href=\"https:\/\/flaviendev.fr\/leblog\/category\/argent\/\">Argent<\/a><\/li><li><a href=\"https:\/\/flaviendev.fr\/leblog\/category\/restaurant\/\">Restaurant<\/a><\/li><\/ul><div class=\"eael-entry-overlay fade-in\"><i class=\"fas fa-long-arrow-alt-right\" aria-hidden=\"true\"><\/i><a href=\"https:\/\/flaviendev.fr\/leblog\/7-raisons-pour-lesquelles-un-systeme-de-commande-en-ligne-interne-est-le-meilleur-choix-pour-un-restaurant\/\"><\/a><\/div><div class=\"eael-entry-thumbnail \">\n                <img decoding=\"async\" width=\"870\" height=\"380\" src=\"https:\/\/flaviendev.fr\/leblog\/wp-content\/uploads\/sites\/3\/2020\/06\/RestaurantArticleTemplate870x380.png\" class=\"attachment-large size-large wp-image-265\" alt=\"\" srcset=\"https:\/\/flaviendev.fr\/leblog\/wp-content\/uploads\/sites\/3\/2020\/06\/RestaurantArticleTemplate870x380.png 870w, https:\/\/flaviendev.fr\/leblog\/wp-content\/uploads\/sites\/3\/2020\/06\/RestaurantArticleTemplate870x380-300x131.png 300w, https:\/\/flaviendev.fr\/leblog\/wp-content\/uploads\/sites\/3\/2020\/06\/RestaurantArticleTemplate870x380-768x335.png 768w\" sizes=\"(max-width: 870px) 100vw, 870px\" \/>\n            <\/div>\n        <\/div><div class=\"eael-entry-wrapper\"><header class=\"eael-entry-header\"><h2 class=\"eael-entry-title\"><a class=\"eael-grid-post-link\" href=\"https:\/\/flaviendev.fr\/leblog\/7-raisons-pour-lesquelles-un-systeme-de-commande-en-ligne-interne-est-le-meilleur-choix-pour-un-restaurant\/\" title=\"7 raisons pour lesquelles un syst\u00e8me de commande en ligne interne est le meilleur choix pour un restaurant\">7 raisons pour lesquelles un syst\u00e8me de commande en ligne interne est le meilleur choix pour un restaurant<\/a><\/h2><\/header><div class=\"eael-entry-header-after\"><div class=\"eael-author-avatar\"><a href=\"https:\/\/flaviendev.fr\/leblog\/author\/flaviendev\/\"><img alt='FlavienDev' src='https:\/\/secure.gravatar.com\/avatar\/2af8e4e1ace0ee99fde0c69abd16c871eb0e7882f107916bc5915960fd075ea5?s=96&#038;d=mm&#038;r=g' srcset='https:\/\/secure.gravatar.com\/avatar\/2af8e4e1ace0ee99fde0c69abd16c871eb0e7882f107916bc5915960fd075ea5?s=192&#038;d=mm&#038;r=g 2x' class='avatar avatar-96 photo' height='96' width='96' \/><\/a><\/div><div class=\"eael-entry-meta\"><span class=\"eael-posted-by\"><a href=\"https:\/\/flaviendev.fr\/leblog\/author\/flaviendev\/\" title=\"Posts by FlavienDev\" rel=\"author\">FlavienDev<\/a><\/span><span class=\"eael-posted-on\"><time datetime=\"10 juin 2020\">10 juin 2020<\/time><\/span><\/div><\/div><div class=\"eael-entry-content\">\n                        <div class=\"eael-grid-post-excerpt\"><p>Les restaurant ont chacun besoin de se d\u00e9marquer, et c'est gr\u00e2ce \u00e0 un syst\u00e8me de commande interne qu'ils le pourront ! FlavienDev vous explique !<\/p><a href=\"https:\/\/flaviendev.fr\/leblog\/7-raisons-pour-lesquelles-un-systeme-de-commande-en-ligne-interne-est-le-meilleur-choix-pour-un-restaurant\/\" class=\"eael-post-elements-readmore-btn\">Lire la suite<\/a><\/div>\n                    <\/div><\/div><\/div>\n        <\/div>\n    <\/article><article class=\"eael-grid-post  eael-post-grid-column eael-pg-post-160 category-argent-informatique tags-argent-comment-facilement-gagner-money-trading\" data-id=\"160\">\n        <div class=\"eael-grid-post-holder\">\n            <div class=\"eael-grid-post-holder-inner\"><div class=\"eael-entry-media\"><ul class=\"post-carousel-categories\"><li><a href=\"https:\/\/flaviendev.fr\/leblog\/category\/argent\/\">Argent<\/a><\/li><li><a href=\"https:\/\/flaviendev.fr\/leblog\/category\/informatique\/\">Informatique<\/a><\/li><\/ul><div class=\"eael-entry-overlay fade-in\"><i class=\"fas fa-long-arrow-alt-right\" aria-hidden=\"true\"><\/i><a href=\"https:\/\/flaviendev.fr\/leblog\/comment-je-gagne-de-largent-en-trading-facilement\/\"><\/a><\/div><div class=\"eael-entry-thumbnail \">\n                <img decoding=\"async\" width=\"870\" height=\"380\" src=\"https:\/\/flaviendev.fr\/leblog\/wp-content\/uploads\/sites\/3\/2020\/05\/ArgentTrading.png\" class=\"attachment-large size-large wp-image-272\" alt=\"\" srcset=\"https:\/\/flaviendev.fr\/leblog\/wp-content\/uploads\/sites\/3\/2020\/05\/ArgentTrading.png 870w, https:\/\/flaviendev.fr\/leblog\/wp-content\/uploads\/sites\/3\/2020\/05\/ArgentTrading-300x131.png 300w, https:\/\/flaviendev.fr\/leblog\/wp-content\/uploads\/sites\/3\/2020\/05\/ArgentTrading-768x335.png 768w\" sizes=\"(max-width: 870px) 100vw, 870px\" \/>\n            <\/div>\n        <\/div><div class=\"eael-entry-wrapper\"><header class=\"eael-entry-header\"><h2 class=\"eael-entry-title\"><a class=\"eael-grid-post-link\" href=\"https:\/\/flaviendev.fr\/leblog\/comment-je-gagne-de-largent-en-trading-facilement\/\" title=\"Comment je gagne de l&rsquo;argent en trading facilement?\">Comment je gagne de l&rsquo;argent en trading facilement?<\/a><\/h2><\/header><div class=\"eael-entry-header-after\"><div class=\"eael-author-avatar\"><a href=\"https:\/\/flaviendev.fr\/leblog\/author\/flaviendev\/\"><img alt='FlavienDev' src='https:\/\/secure.gravatar.com\/avatar\/2af8e4e1ace0ee99fde0c69abd16c871eb0e7882f107916bc5915960fd075ea5?s=96&#038;d=mm&#038;r=g' srcset='https:\/\/secure.gravatar.com\/avatar\/2af8e4e1ace0ee99fde0c69abd16c871eb0e7882f107916bc5915960fd075ea5?s=192&#038;d=mm&#038;r=g 2x' class='avatar avatar-96 photo' height='96' width='96' \/><\/a><\/div><div class=\"eael-entry-meta\"><span class=\"eael-posted-by\"><a href=\"https:\/\/flaviendev.fr\/leblog\/author\/flaviendev\/\" title=\"Posts by FlavienDev\" rel=\"author\">FlavienDev<\/a><\/span><span class=\"eael-posted-on\"><time datetime=\"27 mai 2020\">27 mai 2020<\/time><\/span><\/div><\/div><div class=\"eael-entry-content\">\n                        <div class=\"eael-grid-post-excerpt\"><p>Vous n'avez aucune notion de trading et vous souhaitez quand m\u00eame gagner de l'argent facilement ? Alors faites comme moi !<\/p><a href=\"https:\/\/flaviendev.fr\/leblog\/comment-je-gagne-de-largent-en-trading-facilement\/\" class=\"eael-post-elements-readmore-btn\">Lire la suite<\/a><\/div>\n                    <\/div><\/div><\/div>\n        <\/div>\n    <\/article><article class=\"eael-grid-post  eael-post-grid-column eael-pg-post-68 category-cv-developpement-web-job tags-conseils-cv-developpeur-job-meilleur-reve-site-web\" data-id=\"68\">\n        <div class=\"eael-grid-post-holder\">\n            <div class=\"eael-grid-post-holder-inner\"><div class=\"eael-entry-media\"><ul class=\"post-carousel-categories\"><li><a href=\"https:\/\/flaviendev.fr\/leblog\/category\/cv\/\">CV<\/a><\/li><li><a href=\"https:\/\/flaviendev.fr\/leblog\/category\/developpement-web\/\">D\u00e9veloppement Web<\/a><\/li><li><a href=\"https:\/\/flaviendev.fr\/leblog\/category\/job\/\">Job<\/a><\/li><\/ul><div class=\"eael-entry-overlay fade-in\"><i class=\"fas fa-long-arrow-alt-right\" aria-hidden=\"true\"><\/i><a href=\"https:\/\/flaviendev.fr\/leblog\/3-conseils-en-2020-pour-avoir-le-meilleur-cv-et-decrocher-le-job-de-vos-reves\/\"><\/a><\/div><div class=\"eael-entry-thumbnail \">\n                <img loading=\"lazy\" decoding=\"async\" width=\"870\" height=\"380\" src=\"https:\/\/flaviendev.fr\/leblog\/wp-content\/uploads\/sites\/3\/2020\/05\/ConseilsMeilleurCV.png\" class=\"attachment-large size-large wp-image-273\" alt=\"\" srcset=\"https:\/\/flaviendev.fr\/leblog\/wp-content\/uploads\/sites\/3\/2020\/05\/ConseilsMeilleurCV.png 870w, https:\/\/flaviendev.fr\/leblog\/wp-content\/uploads\/sites\/3\/2020\/05\/ConseilsMeilleurCV-300x131.png 300w, https:\/\/flaviendev.fr\/leblog\/wp-content\/uploads\/sites\/3\/2020\/05\/ConseilsMeilleurCV-768x335.png 768w\" sizes=\"(max-width: 870px) 100vw, 870px\" \/>\n            <\/div>\n        <\/div><div class=\"eael-entry-wrapper\"><header class=\"eael-entry-header\"><h2 class=\"eael-entry-title\"><a class=\"eael-grid-post-link\" href=\"https:\/\/flaviendev.fr\/leblog\/3-conseils-en-2020-pour-avoir-le-meilleur-cv-et-decrocher-le-job-de-vos-reves\/\" title=\"3 conseils en 2020 pour avoir le meilleur CV et d\u00e9crocher le job de vos r\u00eaves !\">3 conseils en 2020 pour avoir le meilleur CV et d\u00e9crocher le job de vos r\u00eaves !<\/a><\/h2><\/header><div class=\"eael-entry-header-after\"><div class=\"eael-author-avatar\"><a href=\"https:\/\/flaviendev.fr\/leblog\/author\/flaviendev\/\"><img alt='FlavienDev' src='https:\/\/secure.gravatar.com\/avatar\/2af8e4e1ace0ee99fde0c69abd16c871eb0e7882f107916bc5915960fd075ea5?s=96&#038;d=mm&#038;r=g' srcset='https:\/\/secure.gravatar.com\/avatar\/2af8e4e1ace0ee99fde0c69abd16c871eb0e7882f107916bc5915960fd075ea5?s=192&#038;d=mm&#038;r=g 2x' class='avatar avatar-96 photo' height='96' width='96' \/><\/a><\/div><div class=\"eael-entry-meta\"><span class=\"eael-posted-by\"><a href=\"https:\/\/flaviendev.fr\/leblog\/author\/flaviendev\/\" title=\"Posts by FlavienDev\" rel=\"author\">FlavienDev<\/a><\/span><span class=\"eael-posted-on\"><time datetime=\"2 mai 2020\">2 mai 2020<\/time><\/span><\/div><\/div><div class=\"eael-entry-content\">\n                        <div class=\"eael-grid-post-excerpt\"><p>Tout le monde cherche a obtenir le job de ses r\u00eaves, c'est pourquoi FlavienDev propose ses conseils pour l'obtenir !<\/p><a href=\"https:\/\/flaviendev.fr\/leblog\/3-conseils-en-2020-pour-avoir-le-meilleur-cv-et-decrocher-le-job-de-vos-reves\/\" class=\"eael-post-elements-readmore-btn\">Lire la suite<\/a><\/div>\n                    <\/div><\/div><\/div>\n        <\/div>\n    <\/article><\/div>\n            <div class=\"clearfix\"><\/div>\n        <\/div>\t\t\t\t<\/div>\n\t\t\t\t<\/div>\n\t\t\t\t<div class=\"elementor-element elementor-element-428e7f8 elementor-widget elementor-widget-spacer\" data-id=\"428e7f8\" data-element_type=\"widget\" data-e-type=\"widget\" data-widget_type=\"spacer.default\">\n\t\t\t\t<div class=\"elementor-widget-container\">\n\t\t\t\t\t\t\t<div class=\"elementor-spacer\">\n\t\t\t<div class=\"elementor-spacer-inner\"><\/div>\n\t\t<\/div>\n\t\t\t\t\t\t<\/div>\n\t\t\t\t<\/div>\n\t\t\t\t\t<\/div>\n\t\t<\/div>\n\t\t\t\t<div class=\"elementor-column elementor-col-16 elementor-top-column elementor-element elementor-element-385f697\" data-id=\"385f697\" data-element_type=\"column\" data-e-type=\"column\">\n\t\t\t<div class=\"elementor-widget-wrap\">\n\t\t\t\t\t\t\t<\/div>\n\t\t<\/div>\n\t\t\t\t\t<\/div>\n\t\t<\/section>\n\t\t\t\t<\/div>\n\t\t","protected":false},"excerpt":{"rendered":"<p>Le Blog D\u00e9veloppement Web Mariage Pourquoi et Comment faire un site web pour un Mariage ? FlavienDev7 octobre 2020 Que tu soit le\/la mari\u00e9(e) ultra-connect\u00e9, que tes invit\u00e9s soient 2.0 ou m\u00eame si tu souhaite allier geste \u00e9cologique et \u00e9conomique pour un mariage de&#8230; Lire la suite Argent Restaurant 7 raisons pour lesquelles un syst\u00e8me [&hellip;]<\/p>\n","protected":false},"author":1,"featured_media":0,"parent":0,"menu_order":0,"comment_status":"closed","ping_status":"open","template":"","meta":{"site-sidebar-layout":"no-sidebar","site-content-layout":"page-builder","ast-site-content-layout":"default","site-content-style":"default","site-sidebar-style":"default","ast-global-header-display":"","ast-banner-title-visibility":"","ast-main-header-display":"","ast-hfb-above-header-display":"","ast-hfb-below-header-display":"","ast-hfb-mobile-header-display":"","site-post-title":"disabled","ast-breadcrumbs-content":"","ast-featured-img":"disabled","footer-sml-layout":"","theme-transparent-header-meta":"default","adv-header-id-meta":"","stick-header-meta":"","header-above-stick-meta":"","header-main-stick-meta":"","header-below-stick-meta":"","astra-migrate-meta-layouts":"default","ast-page-background-enabled":"default","ast-page-background-meta":{"desktop":{"background-color":"","background-image":"","background-repeat":"repeat","background-position":"center center","background-size":"auto","background-attachment":"scroll","background-type":"","background-media":"","overlay-type":"","overlay-color":"","overlay-opacity":"","overlay-gradient":""},"tablet":{"background-color":"","background-image":"","background-repeat":"repeat","background-position":"center center","background-size":"auto","background-attachment":"scroll","background-type":"","background-media":"","overlay-type":"","overlay-color":"","overlay-opacity":"","overlay-gradient":""},"mobile":{"background-color":"","background-image":"","background-repeat":"repeat","background-position":"center center","background-size":"auto","background-attachment":"scroll","background-type":"","background-media":"","overlay-type":"","overlay-color":"","overlay-opacity":"","overlay-gradient":""}},"ast-content-background-meta":{"desktop":{"background-color":"var(--ast-global-color-5)","background-image":"","background-repeat":"repeat","background-position":"center center","background-size":"auto","background-attachment":"scroll","background-type":"","background-media":"","overlay-type":"","overlay-color":"","overlay-opacity":"","overlay-gradient":""},"tablet":{"background-color":"var(--ast-global-color-5)","background-image":"","background-repeat":"repeat","background-position":"center center","background-size":"auto","background-attachment":"scroll","background-type":"","background-media":"","overlay-type":"","overlay-color":"","overlay-opacity":"","overlay-gradient":""},"mobile":{"background-color":"var(--ast-global-color-5)","background-image":"","background-repeat":"repeat","background-position":"center center","background-size":"auto","background-attachment":"scroll","background-type":"","background-media":"","overlay-type":"","overlay-color":"","overlay-opacity":"","overlay-gradient":""}},"footnotes":""},"class_list":["post-2","page","type-page","status-publish","hentry"],"_links":{"self":[{"href":"https:\/\/flaviendev.fr\/leblog\/wp-json\/wp\/v2\/pages\/2","targetHints":{"allow":["GET"]}}],"collection":[{"href":"https:\/\/flaviendev.fr\/leblog\/wp-json\/wp\/v2\/pages"}],"about":[{"href":"https:\/\/flaviendev.fr\/leblog\/wp-json\/wp\/v2\/types\/page"}],"author":[{"embeddable":true,"href":"https:\/\/flaviendev.fr\/leblog\/wp-json\/wp\/v2\/users\/1"}],"replies":[{"embeddable":true,"href":"https:\/\/flaviendev.fr\/leblog\/wp-json\/wp\/v2\/comments?post=2"}],"version-history":[{"count":52,"href":"https:\/\/flaviendev.fr\/leblog\/wp-json\/wp\/v2\/pages\/2\/revisions"}],"predecessor-version":[{"id":535,"href":"https:\/\/flaviendev.fr\/leblog\/wp-json\/wp\/v2\/pages\/2\/revisions\/535"}],"wp:attachment":[{"href":"https:\/\/flaviendev.fr\/leblog\/wp-json\/wp\/v2\/media?parent=2"}],"curies":[{"name":"wp","href":"https:\/\/api.w.org\/{rel}","templated":true}]}}