{"id":13036,"date":"2024-02-27T21:35:21","date_gmt":"2024-02-27T20:35:21","guid":{"rendered":"https:\/\/flaviendev.fr\/shop\/?page_id=13036"},"modified":"2025-06-23T22:38:00","modified_gmt":"2025-06-23T20:38:00","slug":"nos-valeurs","status":"publish","type":"page","link":"https:\/\/flaviendev.fr\/shop\/nos-valeurs\/","title":{"rendered":"Nos Valeurs"},"content":{"rendered":"\n<div class=\"wp-block-cover alignfull is-light\" style=\"padding-top:var(--wp--preset--spacing--60);padding-bottom:var(--wp--preset--spacing--60)\"><span aria-hidden=\"true\" class=\"wp-block-cover__background has-background-dim-20 has-background-dim\"><\/span><img data-recalc-dims=\"1\" fetchpriority=\"high\" decoding=\"async\" width=\"1150\" height=\"486\" class=\"wp-block-cover__image-background wp-image-13039\" alt=\"\" src=\"https:\/\/i0.wp.com\/flaviendev.fr\/shop\/wp-content\/uploads\/sites\/4\/2024\/02\/Banniere_Accueil_3.jpg?resize=1150%2C486&#038;ssl=1\" data-object-fit=\"cover\" srcset=\"https:\/\/i0.wp.com\/flaviendev.fr\/shop\/wp-content\/uploads\/sites\/4\/2024\/02\/Banniere_Accueil_3.jpg?w=1920&amp;ssl=1 1920w, https:\/\/i0.wp.com\/flaviendev.fr\/shop\/wp-content\/uploads\/sites\/4\/2024\/02\/Banniere_Accueil_3.jpg?resize=300%2C127&amp;ssl=1 300w, https:\/\/i0.wp.com\/flaviendev.fr\/shop\/wp-content\/uploads\/sites\/4\/2024\/02\/Banniere_Accueil_3.jpg?resize=1024%2C433&amp;ssl=1 1024w, https:\/\/i0.wp.com\/flaviendev.fr\/shop\/wp-content\/uploads\/sites\/4\/2024\/02\/Banniere_Accueil_3.jpg?resize=768%2C325&amp;ssl=1 768w, https:\/\/i0.wp.com\/flaviendev.fr\/shop\/wp-content\/uploads\/sites\/4\/2024\/02\/Banniere_Accueil_3.jpg?resize=1536%2C650&amp;ssl=1 1536w, https:\/\/i0.wp.com\/flaviendev.fr\/shop\/wp-content\/uploads\/sites\/4\/2024\/02\/Banniere_Accueil_3.jpg?resize=812%2C343&amp;ssl=1 812w, https:\/\/i0.wp.com\/flaviendev.fr\/shop\/wp-content\/uploads\/sites\/4\/2024\/02\/Banniere_Accueil_3.jpg?resize=142%2C60&amp;ssl=1 142w, https:\/\/i0.wp.com\/flaviendev.fr\/shop\/wp-content\/uploads\/sites\/4\/2024\/02\/Banniere_Accueil_3.jpg?resize=213%2C90&amp;ssl=1 213w\" sizes=\"(max-width: 1150px) 100vw, 1150px\" \/><div class=\"wp-block-cover__inner-container is-layout-flow wp-block-cover-is-layout-flow\">\n<div class=\"wp-block-columns is-layout-flex wp-container-core-columns-is-layout-9d6595d7 wp-block-columns-is-layout-flex\">\n<div class=\"wp-block-column is-layout-flow wp-block-column-is-layout-flow\" style=\"flex-basis:66.66%\"><\/div>\n\n\n\n<div class=\"wp-block-column is-layout-flow wp-block-column-is-layout-flow\" style=\"flex-basis:40%\">\n<div style=\"background-color : #FFF; margin: 10px; padding:5% 5%!important\"><p class=\"has-text-align-center has-yith-proteo-editor-custom-color-6-color has-yith-proteo-editor-custom-color-2-background-color has-text-color has-background\" style=\"font-size:40px;line-height:1.2; margin:10px 15px; border: 1px solid #000;\">Nos<br>Valeurs<\/p><\/div>\n<\/div>\n<\/div>\n<\/div><\/div>\n\n\n\n<div style=\"height:100px\" aria-hidden=\"true\" class=\"wp-block-spacer\"><\/div>\n\n\n\n<div class=\"wp-block-columns is-layout-flex wp-container-core-columns-is-layout-9d6595d7 wp-block-columns-is-layout-flex\">\n<div class=\"wp-block-column is-vertically-aligned-center is-layout-flow wp-block-column-is-layout-flow\">\n<h2 class=\"wp-block-heading\" style=\"font-size:41px;font-style:normal;font-weight:300\">UNE MAISON ARTISANALE 100% FRAN\u00c7AISE<\/h2>\n\n\n\n<p style=\"font-size:18px\">Marcus Spurway accorde une importance capitale \u00e0 la s\u00e9lection de mati\u00e8res premi\u00e8res de haute qualit\u00e9, particuli\u00e8rement celles provenant de la r\u00e9gion de Grasse, assurant ainsi l&#8217;excellence de ses produits tout en soutenant l&#8217;\u00e9conomie locale.<\/p>\n\n\n\n<p style=\"font-size:18px\">L&#8217;atelier Marcus Spurway, perch\u00e9e sur les collines de Grasse, r\u00e9unit une \u00e9quipe d&#8217;experts dont les savoir-faire garantissent une gestion compl\u00e8te et autonome de l&#8217;ensemble du processus de production.<\/p>\n<\/div>\n\n\n\n<div class=\"wp-block-column is-vertically-aligned-center is-layout-flow wp-block-column-is-layout-flow\">\n<figure class=\"wp-block-image size-full\"><img data-recalc-dims=\"1\" decoding=\"async\" width=\"874\" height=\"515\" src=\"https:\/\/i0.wp.com\/flaviendev.fr\/shop\/wp-content\/uploads\/sites\/4\/2024\/02\/MS_Img_15.png?resize=874%2C515&#038;ssl=1\" alt=\"\" class=\"wp-image-13042\" srcset=\"https:\/\/i0.wp.com\/flaviendev.fr\/shop\/wp-content\/uploads\/sites\/4\/2024\/02\/MS_Img_15.png?w=874&amp;ssl=1 874w, https:\/\/i0.wp.com\/flaviendev.fr\/shop\/wp-content\/uploads\/sites\/4\/2024\/02\/MS_Img_15.png?resize=300%2C177&amp;ssl=1 300w, https:\/\/i0.wp.com\/flaviendev.fr\/shop\/wp-content\/uploads\/sites\/4\/2024\/02\/MS_Img_15.png?resize=768%2C453&amp;ssl=1 768w, https:\/\/i0.wp.com\/flaviendev.fr\/shop\/wp-content\/uploads\/sites\/4\/2024\/02\/MS_Img_15.png?resize=812%2C478&amp;ssl=1 812w, https:\/\/i0.wp.com\/flaviendev.fr\/shop\/wp-content\/uploads\/sites\/4\/2024\/02\/MS_Img_15.png?resize=102%2C60&amp;ssl=1 102w, https:\/\/i0.wp.com\/flaviendev.fr\/shop\/wp-content\/uploads\/sites\/4\/2024\/02\/MS_Img_15.png?resize=153%2C90&amp;ssl=1 153w\" sizes=\"(max-width: 874px) 100vw, 874px\" \/><\/figure>\n<\/div>\n<\/div>\n\n\n\n<div style=\"height:40px\" aria-hidden=\"true\" class=\"wp-block-spacer\"><\/div>\n\n\n\n<div class=\"wp-block-columns is-layout-flex wp-container-core-columns-is-layout-9d6595d7 wp-block-columns-is-layout-flex\">\n<div class=\"wp-block-column is-vertically-aligned-center is-layout-flow wp-block-column-is-layout-flow\">\n<figure class=\"wp-block-image size-full\"><img data-recalc-dims=\"1\" decoding=\"async\" width=\"699\" height=\"417\" src=\"https:\/\/i0.wp.com\/flaviendev.fr\/shop\/wp-content\/uploads\/sites\/4\/2024\/02\/MS_Img_16.png?resize=699%2C417&#038;ssl=1\" alt=\"\" class=\"wp-image-13043\" srcset=\"https:\/\/i0.wp.com\/flaviendev.fr\/shop\/wp-content\/uploads\/sites\/4\/2024\/02\/MS_Img_16.png?w=699&amp;ssl=1 699w, https:\/\/i0.wp.com\/flaviendev.fr\/shop\/wp-content\/uploads\/sites\/4\/2024\/02\/MS_Img_16.png?resize=300%2C179&amp;ssl=1 300w, https:\/\/i0.wp.com\/flaviendev.fr\/shop\/wp-content\/uploads\/sites\/4\/2024\/02\/MS_Img_16.png?resize=101%2C60&amp;ssl=1 101w, https:\/\/i0.wp.com\/flaviendev.fr\/shop\/wp-content\/uploads\/sites\/4\/2024\/02\/MS_Img_16.png?resize=151%2C90&amp;ssl=1 151w\" sizes=\"(max-width: 699px) 100vw, 699px\" \/><\/figure>\n<\/div>\n\n\n\n<div class=\"wp-block-column is-vertically-aligned-center is-layout-flow wp-block-column-is-layout-flow\">\n<h2 class=\"wp-block-heading\" style=\"font-size:41px;font-style:normal;font-weight:300\">UNE FABRICATION 100% \u00c0 LA MAIN<\/h2>\n\n\n\n<p style=\"font-size:18px\">La Maison Marcus Spurway a brillamment travers\u00e9 les ann\u00e9es, se r\u00e9inventant au gr\u00e9 des tendances tout en pr\u00e9servant son h\u00e9ritage traditionnel. Elle maintient une qualit\u00e9 d&#8217;artisanat qui classe Marcus Spurway parmi les rares marques fran\u00e7aises de luxe v\u00e9ritables. Chaque produit est confectionn\u00e9 individuellement \u00e0 la main, r\u00e9sultant d&#8217;une qu\u00eate incessante d&#8217;authenticit\u00e9 et d&#8217;excellence dans l&#8217;artisanat.<\/p>\n<\/div>\n<\/div>\n\n\n\n<div style=\"height:40px\" aria-hidden=\"true\" class=\"wp-block-spacer\"><\/div>\n\n\n\n<div class=\"wp-block-columns is-layout-flex wp-container-core-columns-is-layout-9d6595d7 wp-block-columns-is-layout-flex\">\n<div class=\"wp-block-column is-vertically-aligned-center is-layout-flow wp-block-column-is-layout-flow\">\n<h2 class=\"wp-block-heading\" style=\"font-size:41px;font-style:normal;font-weight:300\">DES CR\u00c9ATIONS EXCLUSIVES<\/h2>\n\n\n\n<p style=\"font-size:18px\">Marcus Spurway se distingue par une vision unique et une expertise remarquable, \u00e9voquant l&#8217;\u00e9l\u00e9gance de la haute couture. Il ose explorer au-del\u00e0 des conventions, cr\u00e9ant des \u0153uvres qui transcendent les tendances, une marque de finesse caract\u00e9ristique des cr\u00e9ations Spurway.<\/p>\n\n\n\n<p style=\"font-size:18px\">Le cr\u00e9ateur de parfums chez Marcus Spurway s&#8217;engage dans une qu\u00eate olfactive, investissant mois apr\u00e8s mois son talent et sa passion pour atteindre une harmonie id\u00e9ale. Cet effort requiert patience et humilit\u00e9, et la formule finale, tenue secr\u00e8te, est offerte aux clients comme un joyau olfactif inestimable.<\/p>\n\n\n\n<p style=\"font-size:18px\">Chaque pi\u00e8ce sign\u00e9e Marcus Spurway incarne l&#8217;\u00e9l\u00e9gance et le raffinement qui caract\u00e9risent le savoir-faire fran\u00e7ais.<\/p>\n<\/div>\n\n\n\n<div class=\"wp-block-column is-vertically-aligned-center is-layout-flow wp-block-column-is-layout-flow\">\n<figure class=\"wp-block-image size-full\"><img data-recalc-dims=\"1\" loading=\"lazy\" decoding=\"async\" width=\"632\" height=\"506\" src=\"https:\/\/i0.wp.com\/flaviendev.fr\/shop\/wp-content\/uploads\/sites\/4\/2024\/02\/MS_Img_17.png?resize=632%2C506&#038;ssl=1\" alt=\"\" class=\"wp-image-13044\" srcset=\"https:\/\/i0.wp.com\/flaviendev.fr\/shop\/wp-content\/uploads\/sites\/4\/2024\/02\/MS_Img_17.png?w=632&amp;ssl=1 632w, https:\/\/i0.wp.com\/flaviendev.fr\/shop\/wp-content\/uploads\/sites\/4\/2024\/02\/MS_Img_17.png?resize=300%2C240&amp;ssl=1 300w, https:\/\/i0.wp.com\/flaviendev.fr\/shop\/wp-content\/uploads\/sites\/4\/2024\/02\/MS_Img_17.png?resize=75%2C60&amp;ssl=1 75w, https:\/\/i0.wp.com\/flaviendev.fr\/shop\/wp-content\/uploads\/sites\/4\/2024\/02\/MS_Img_17.png?resize=112%2C90&amp;ssl=1 112w\" sizes=\"(max-width: 632px) 100vw, 632px\" \/><\/figure>\n<\/div>\n<\/div>\n\n\n\n<div style=\"height:40px\" aria-hidden=\"true\" class=\"wp-block-spacer\"><\/div>\n\n\n\n<div class=\"wp-block-cover aligncenter\"><span aria-hidden=\"true\" class=\"wp-block-cover__background has-background-dim-0 has-background-dim\"><\/span><img data-recalc-dims=\"1\" loading=\"lazy\" decoding=\"async\" width=\"1024\" height=\"481\" class=\"wp-block-cover__image-background wp-image-13045\" alt=\"\" src=\"https:\/\/i0.wp.com\/flaviendev.fr\/shop\/wp-content\/uploads\/sites\/4\/2024\/02\/MS_Img_18.png?resize=1024%2C481&#038;ssl=1\" data-object-fit=\"cover\" srcset=\"https:\/\/i0.wp.com\/flaviendev.fr\/shop\/wp-content\/uploads\/sites\/4\/2024\/02\/MS_Img_18.png?resize=1024%2C481&amp;ssl=1 1024w, https:\/\/i0.wp.com\/flaviendev.fr\/shop\/wp-content\/uploads\/sites\/4\/2024\/02\/MS_Img_18.png?resize=300%2C141&amp;ssl=1 300w, https:\/\/i0.wp.com\/flaviendev.fr\/shop\/wp-content\/uploads\/sites\/4\/2024\/02\/MS_Img_18.png?resize=768%2C361&amp;ssl=1 768w, https:\/\/i0.wp.com\/flaviendev.fr\/shop\/wp-content\/uploads\/sites\/4\/2024\/02\/MS_Img_18.png?resize=1536%2C722&amp;ssl=1 1536w, https:\/\/i0.wp.com\/flaviendev.fr\/shop\/wp-content\/uploads\/sites\/4\/2024\/02\/MS_Img_18.png?resize=812%2C382&amp;ssl=1 812w, https:\/\/i0.wp.com\/flaviendev.fr\/shop\/wp-content\/uploads\/sites\/4\/2024\/02\/MS_Img_18.png?resize=128%2C60&amp;ssl=1 128w, https:\/\/i0.wp.com\/flaviendev.fr\/shop\/wp-content\/uploads\/sites\/4\/2024\/02\/MS_Img_18.png?resize=191%2C90&amp;ssl=1 191w, https:\/\/i0.wp.com\/flaviendev.fr\/shop\/wp-content\/uploads\/sites\/4\/2024\/02\/MS_Img_18.png?w=1676&amp;ssl=1 1676w\" sizes=\"(max-width: 1024px) 100vw, 1024px\" \/><div class=\"wp-block-cover__inner-container is-layout-flow wp-block-cover-is-layout-flow\">\n<div class=\"wp-block-columns is-layout-flex wp-container-core-columns-is-layout-9d6595d7 wp-block-columns-is-layout-flex\">\n<div class=\"wp-block-column is-layout-flow wp-block-column-is-layout-flow\" style=\"flex-basis:40%\"><\/div>\n\n\n\n<div class=\"wp-block-column is-vertically-aligned-center is-layout-flow wp-block-column-is-layout-flow\">\n<div style=\"height:20px\" aria-hidden=\"true\" class=\"wp-block-spacer\"><\/div>\n\n\n\n<h2 class=\"wp-block-heading\" style=\"font-size:41px;font-style:normal;font-weight:300\">TRA\u00c7ABILIT\u00c9 ET QUALIT\u00c9 CONSTANTE<\/h2>\n\n\n\n<div style=\"height:20px\" aria-hidden=\"true\" class=\"wp-block-spacer\"><\/div>\n\n\n\n<p style=\"font-size:16px\">Chaque composant et mati\u00e8re premi\u00e8re est rigoureusement s\u00e9lectionn\u00e9 et v\u00e9rifi\u00e9 pour assurer une tra\u00e7abilit\u00e9 compl\u00e8te et maintenir une qualit\u00e9 irr\u00e9prochable. Les produits Marcus Spurway sont exempts de conservateurs et de colorants, conformes aux exigences des r\u00e9glementations cosm\u00e9tiques fran\u00e7aises et europ\u00e9ennes.<\/p>\n\n\n\n<div style=\"height:15px\" aria-hidden=\"true\" class=\"wp-block-spacer\"><\/div>\n\n\n\n<p style=\"font-size:16px\">Un contr\u00f4le qualit\u00e9 rigoureux accompagne chaque \u00e9tape de production. Depuis l&#8217;assemblage des ingr\u00e9dients qui cr\u00e9e l&#8217;essence du parfum, en passant par le processus de mac\u00e9ration (effectu\u00e9 sans cong\u00e9lation ni filtration), jusqu&#8217;\u00e0 l&#8217;embouteillage manuel de chaque article, et finalement, la pr\u00e9paration et l&#8217;envoi direct aux Ambassadeurs pour une remise en main propre au client. Ce processus garantit une ma\u00eetrise totale de la cha\u00eene de production et de distribution.<\/p>\n\n\n\n<div style=\"height:20px\" aria-hidden=\"true\" class=\"wp-block-spacer\"><\/div>\n<\/div>\n<\/div>\n<\/div><\/div>\n\n\n\n<div style=\"height:125px\" aria-hidden=\"true\" class=\"wp-block-spacer\"><\/div>\n\n\n\n<script async=\"\" src=\"https:\/\/pagead2.googlesyndication.com\/pagead\/js\/adsbygoogle.js\"><\/script>\n<!-- Horizontal -->\n<ins class=\"adsbygoogle\" style=\"display:block\" data-ad-client=\"ca-pub-5319183221160651\" data-ad-slot=\"6315779761\" data-ad-format=\"auto\" data-full-width-responsive=\"true\"><\/ins>\n<script>\n     (adsbygoogle = window.adsbygoogle || []).push({});\n<\/script>\n","protected":false},"excerpt":{"rendered":"<p>UNE MAISON ARTISANALE 100% FRAN\u00c7AISE Marcus Spurway accorde une importance capitale \u00e0 la s\u00e9lection de mati\u00e8res premi\u00e8res de haute qualit\u00e9, particuli\u00e8rement celles provenant de la r\u00e9gion de Grasse, assurant ainsi l&#8217;excellence de ses produits tout en soutenant l&#8217;\u00e9conomie locale. L&#8217;atelier Marcus Spurway, perch\u00e9e sur les collines de Grasse, r\u00e9unit une \u00e9quipe d&#8217;experts dont les savoir-faire<a class=\"more-link\" href=\"https:\/\/flaviendev.fr\/shop\/nos-valeurs\/\">Lire la suite \u27f6<\/a><\/p>\n","protected":false},"author":1,"featured_media":0,"parent":0,"menu_order":0,"comment_status":"closed","ping_status":"closed","template":"","meta":{"footnotes":""},"class_list":["post-13036","page","type-page","status-publish","hentry"],"yoast_head":"<!-- This site is optimized with the Yoast SEO plugin v27.4 - https:\/\/yoast.com\/product\/yoast-seo-wordpress\/ -->\n<title>&#8902; Nos Valeurs &#8902; FlavienDev Shop<\/title>\n<meta name=\"description\" content=\"&#8902; Chaque cr\u00e9ation est m\u00e9ticuleusement fabriqu\u00e9e \u00e0 la main, refl\u00e9tant l&#039;excellence du savoir-faire fran\u00e7ais &#8902;\" \/>\n<meta name=\"robots\" content=\"index, follow, max-snippet:-1, max-image-preview:large, max-video-preview:-1\" \/>\n<link rel=\"canonical\" href=\"https:\/\/flaviendev.fr\/shop\/nos-valeurs\/\" \/>\n<meta property=\"og:locale\" content=\"fr_FR\" \/>\n<meta property=\"og:type\" content=\"article\" \/>\n<meta property=\"og:title\" content=\"&#8902; Nos Valeurs &#8902; FlavienDev Shop\" \/>\n<meta property=\"og:description\" content=\"&#8902; Chaque cr\u00e9ation est m\u00e9ticuleusement fabriqu\u00e9e \u00e0 la main, refl\u00e9tant l&#039;excellence du savoir-faire fran\u00e7ais &#8902;\" \/>\n<meta property=\"og:url\" content=\"https:\/\/flaviendev.fr\/shop\/nos-valeurs\/\" \/>\n<meta property=\"og:site_name\" content=\"FlavienDev Shop\" \/>\n<meta property=\"article:publisher\" content=\"https:\/\/www.facebook.com\/FlavienDev\" \/>\n<meta property=\"article:modified_time\" content=\"2025-06-23T20:38:00+00:00\" \/>\n<meta property=\"og:image\" content=\"https:\/\/flaviendev.fr\/shop\/wp-content\/uploads\/sites\/4\/2024\/02\/Banniere_Accueil_3.jpg\" \/>\n<meta name=\"twitter:card\" content=\"summary_large_image\" \/>\n<meta name=\"twitter:site\" content=\"@FlavienDev\" \/>\n<meta name=\"twitter:label1\" content=\"Dur\u00e9e de lecture estim\u00e9e\" \/>\n\t<meta name=\"twitter:data1\" content=\"3 minutes\" \/>\n<script type=\"application\/ld+json\" class=\"yoast-schema-graph\">{\"@context\":\"https:\\\/\\\/schema.org\",\"@graph\":[{\"@type\":\"WebPage\",\"@id\":\"https:\\\/\\\/flaviendev.fr\\\/shop\\\/nos-valeurs\\\/\",\"url\":\"https:\\\/\\\/flaviendev.fr\\\/shop\\\/nos-valeurs\\\/\",\"name\":\"&#8902; Nos Valeurs &#8902; FlavienDev Shop\",\"isPartOf\":{\"@id\":\"https:\\\/\\\/flaviendev.fr\\\/shop\\\/#website\"},\"primaryImageOfPage\":{\"@id\":\"https:\\\/\\\/flaviendev.fr\\\/shop\\\/nos-valeurs\\\/#primaryimage\"},\"image\":{\"@id\":\"https:\\\/\\\/flaviendev.fr\\\/shop\\\/nos-valeurs\\\/#primaryimage\"},\"thumbnailUrl\":\"https:\\\/\\\/flaviendev.fr\\\/shop\\\/wp-content\\\/uploads\\\/sites\\\/4\\\/2024\\\/02\\\/Banniere_Accueil_3.jpg\",\"datePublished\":\"2024-02-27T20:35:21+00:00\",\"dateModified\":\"2025-06-23T20:38:00+00:00\",\"description\":\"&#8902; Chaque cr\u00e9ation est m\u00e9ticuleusement fabriqu\u00e9e \u00e0 la main, refl\u00e9tant l'excellence du savoir-faire fran\u00e7ais &#8902;\",\"breadcrumb\":{\"@id\":\"https:\\\/\\\/flaviendev.fr\\\/shop\\\/nos-valeurs\\\/#breadcrumb\"},\"inLanguage\":\"fr-FR\",\"potentialAction\":[{\"@type\":\"ReadAction\",\"target\":[\"https:\\\/\\\/flaviendev.fr\\\/shop\\\/nos-valeurs\\\/\"]}]},{\"@type\":\"ImageObject\",\"inLanguage\":\"fr-FR\",\"@id\":\"https:\\\/\\\/flaviendev.fr\\\/shop\\\/nos-valeurs\\\/#primaryimage\",\"url\":\"https:\\\/\\\/i0.wp.com\\\/flaviendev.fr\\\/shop\\\/wp-content\\\/uploads\\\/sites\\\/4\\\/2024\\\/02\\\/Banniere_Accueil_3.jpg?fit=1920%2C812&ssl=1\",\"contentUrl\":\"https:\\\/\\\/i0.wp.com\\\/flaviendev.fr\\\/shop\\\/wp-content\\\/uploads\\\/sites\\\/4\\\/2024\\\/02\\\/Banniere_Accueil_3.jpg?fit=1920%2C812&ssl=1\",\"width\":1920,\"height\":812},{\"@type\":\"BreadcrumbList\",\"@id\":\"https:\\\/\\\/flaviendev.fr\\\/shop\\\/nos-valeurs\\\/#breadcrumb\",\"itemListElement\":[{\"@type\":\"ListItem\",\"position\":1,\"name\":\"Accueil\",\"item\":\"https:\\\/\\\/flaviendev.fr\\\/shop\\\/\"},{\"@type\":\"ListItem\",\"position\":2,\"name\":\"Nos Valeurs\"}]},{\"@type\":\"WebSite\",\"@id\":\"https:\\\/\\\/flaviendev.fr\\\/shop\\\/#website\",\"url\":\"https:\\\/\\\/flaviendev.fr\\\/shop\\\/\",\"name\":\"FlavienDev Shop\",\"description\":\"\",\"publisher\":{\"@id\":\"https:\\\/\\\/flaviendev.fr\\\/shop\\\/#organization\"},\"potentialAction\":[{\"@type\":\"SearchAction\",\"target\":{\"@type\":\"EntryPoint\",\"urlTemplate\":\"https:\\\/\\\/flaviendev.fr\\\/shop\\\/?s={search_term_string}\"},\"query-input\":{\"@type\":\"PropertyValueSpecification\",\"valueRequired\":true,\"valueName\":\"search_term_string\"}}],\"inLanguage\":\"fr-FR\"},{\"@type\":\"Organization\",\"@id\":\"https:\\\/\\\/flaviendev.fr\\\/shop\\\/#organization\",\"name\":\"FlavienDev Shop\",\"url\":\"https:\\\/\\\/flaviendev.fr\\\/shop\\\/\",\"logo\":{\"@type\":\"ImageObject\",\"inLanguage\":\"fr-FR\",\"@id\":\"https:\\\/\\\/flaviendev.fr\\\/shop\\\/#\\\/schema\\\/logo\\\/image\\\/\",\"url\":\"https:\\\/\\\/i0.wp.com\\\/flaviendev.fr\\\/shop\\\/wp-content\\\/uploads\\\/sites\\\/4\\\/2020\\\/11\\\/cropped-FlavienDev_Couverture_Twitter_Transparent.png?fit=1500%2C500&ssl=1\",\"contentUrl\":\"https:\\\/\\\/i0.wp.com\\\/flaviendev.fr\\\/shop\\\/wp-content\\\/uploads\\\/sites\\\/4\\\/2020\\\/11\\\/cropped-FlavienDev_Couverture_Twitter_Transparent.png?fit=1500%2C500&ssl=1\",\"width\":1500,\"height\":500,\"caption\":\"FlavienDev Shop\"},\"image\":{\"@id\":\"https:\\\/\\\/flaviendev.fr\\\/shop\\\/#\\\/schema\\\/logo\\\/image\\\/\"},\"sameAs\":[\"https:\\\/\\\/www.facebook.com\\\/FlavienDev\",\"https:\\\/\\\/x.com\\\/FlavienDev\",\"https:\\\/\\\/www.instagram.com\\\/flaviendev\\\/\"]}]}<\/script>\n<!-- \/ Yoast SEO plugin. -->","yoast_head_json":{"title":"&#8902; Nos Valeurs &#8902; FlavienDev Shop","description":"&#8902; Chaque cr\u00e9ation est m\u00e9ticuleusement fabriqu\u00e9e \u00e0 la main, refl\u00e9tant l'excellence du savoir-faire fran\u00e7ais &#8902;","robots":{"index":"index","follow":"follow","max-snippet":"max-snippet:-1","max-image-preview":"max-image-preview:large","max-video-preview":"max-video-preview:-1"},"canonical":"https:\/\/flaviendev.fr\/shop\/nos-valeurs\/","og_locale":"fr_FR","og_type":"article","og_title":"&#8902; Nos Valeurs &#8902; FlavienDev Shop","og_description":"&#8902; Chaque cr\u00e9ation est m\u00e9ticuleusement fabriqu\u00e9e \u00e0 la main, refl\u00e9tant l'excellence du savoir-faire fran\u00e7ais &#8902;","og_url":"https:\/\/flaviendev.fr\/shop\/nos-valeurs\/","og_site_name":"FlavienDev Shop","article_publisher":"https:\/\/www.facebook.com\/FlavienDev","article_modified_time":"2025-06-23T20:38:00+00:00","og_image":[{"url":"https:\/\/flaviendev.fr\/shop\/wp-content\/uploads\/sites\/4\/2024\/02\/Banniere_Accueil_3.jpg","type":"","width":"","height":""}],"twitter_card":"summary_large_image","twitter_site":"@FlavienDev","twitter_misc":{"Dur\u00e9e de lecture estim\u00e9e":"3 minutes"},"schema":{"@context":"https:\/\/schema.org","@graph":[{"@type":"WebPage","@id":"https:\/\/flaviendev.fr\/shop\/nos-valeurs\/","url":"https:\/\/flaviendev.fr\/shop\/nos-valeurs\/","name":"&#8902; Nos Valeurs &#8902; FlavienDev Shop","isPartOf":{"@id":"https:\/\/flaviendev.fr\/shop\/#website"},"primaryImageOfPage":{"@id":"https:\/\/flaviendev.fr\/shop\/nos-valeurs\/#primaryimage"},"image":{"@id":"https:\/\/flaviendev.fr\/shop\/nos-valeurs\/#primaryimage"},"thumbnailUrl":"https:\/\/flaviendev.fr\/shop\/wp-content\/uploads\/sites\/4\/2024\/02\/Banniere_Accueil_3.jpg","datePublished":"2024-02-27T20:35:21+00:00","dateModified":"2025-06-23T20:38:00+00:00","description":"&#8902; Chaque cr\u00e9ation est m\u00e9ticuleusement fabriqu\u00e9e \u00e0 la main, refl\u00e9tant l'excellence du savoir-faire fran\u00e7ais &#8902;","breadcrumb":{"@id":"https:\/\/flaviendev.fr\/shop\/nos-valeurs\/#breadcrumb"},"inLanguage":"fr-FR","potentialAction":[{"@type":"ReadAction","target":["https:\/\/flaviendev.fr\/shop\/nos-valeurs\/"]}]},{"@type":"ImageObject","inLanguage":"fr-FR","@id":"https:\/\/flaviendev.fr\/shop\/nos-valeurs\/#primaryimage","url":"https:\/\/i0.wp.com\/flaviendev.fr\/shop\/wp-content\/uploads\/sites\/4\/2024\/02\/Banniere_Accueil_3.jpg?fit=1920%2C812&ssl=1","contentUrl":"https:\/\/i0.wp.com\/flaviendev.fr\/shop\/wp-content\/uploads\/sites\/4\/2024\/02\/Banniere_Accueil_3.jpg?fit=1920%2C812&ssl=1","width":1920,"height":812},{"@type":"BreadcrumbList","@id":"https:\/\/flaviendev.fr\/shop\/nos-valeurs\/#breadcrumb","itemListElement":[{"@type":"ListItem","position":1,"name":"Accueil","item":"https:\/\/flaviendev.fr\/shop\/"},{"@type":"ListItem","position":2,"name":"Nos Valeurs"}]},{"@type":"WebSite","@id":"https:\/\/flaviendev.fr\/shop\/#website","url":"https:\/\/flaviendev.fr\/shop\/","name":"FlavienDev Shop","description":"","publisher":{"@id":"https:\/\/flaviendev.fr\/shop\/#organization"},"potentialAction":[{"@type":"SearchAction","target":{"@type":"EntryPoint","urlTemplate":"https:\/\/flaviendev.fr\/shop\/?s={search_term_string}"},"query-input":{"@type":"PropertyValueSpecification","valueRequired":true,"valueName":"search_term_string"}}],"inLanguage":"fr-FR"},{"@type":"Organization","@id":"https:\/\/flaviendev.fr\/shop\/#organization","name":"FlavienDev Shop","url":"https:\/\/flaviendev.fr\/shop\/","logo":{"@type":"ImageObject","inLanguage":"fr-FR","@id":"https:\/\/flaviendev.fr\/shop\/#\/schema\/logo\/image\/","url":"https:\/\/i0.wp.com\/flaviendev.fr\/shop\/wp-content\/uploads\/sites\/4\/2020\/11\/cropped-FlavienDev_Couverture_Twitter_Transparent.png?fit=1500%2C500&ssl=1","contentUrl":"https:\/\/i0.wp.com\/flaviendev.fr\/shop\/wp-content\/uploads\/sites\/4\/2020\/11\/cropped-FlavienDev_Couverture_Twitter_Transparent.png?fit=1500%2C500&ssl=1","width":1500,"height":500,"caption":"FlavienDev Shop"},"image":{"@id":"https:\/\/flaviendev.fr\/shop\/#\/schema\/logo\/image\/"},"sameAs":["https:\/\/www.facebook.com\/FlavienDev","https:\/\/x.com\/FlavienDev","https:\/\/www.instagram.com\/flaviendev\/"]}]}},"jetpack_shortlink":"https:\/\/wp.me\/PcBDdz-3og","jetpack_sharing_enabled":true,"_links":{"self":[{"href":"https:\/\/flaviendev.fr\/shop\/wp-json\/wp\/v2\/pages\/13036","targetHints":{"allow":["GET"]}}],"collection":[{"href":"https:\/\/flaviendev.fr\/shop\/wp-json\/wp\/v2\/pages"}],"about":[{"href":"https:\/\/flaviendev.fr\/shop\/wp-json\/wp\/v2\/types\/page"}],"author":[{"embeddable":true,"href":"https:\/\/flaviendev.fr\/shop\/wp-json\/wp\/v2\/users\/1"}],"replies":[{"embeddable":true,"href":"https:\/\/flaviendev.fr\/shop\/wp-json\/wp\/v2\/comments?post=13036"}],"version-history":[{"count":6,"href":"https:\/\/flaviendev.fr\/shop\/wp-json\/wp\/v2\/pages\/13036\/revisions"}],"predecessor-version":[{"id":15357,"href":"https:\/\/flaviendev.fr\/shop\/wp-json\/wp\/v2\/pages\/13036\/revisions\/15357"}],"wp:attachment":[{"href":"https:\/\/flaviendev.fr\/shop\/wp-json\/wp\/v2\/media?parent=13036"}],"curies":[{"name":"wp","href":"https:\/\/api.w.org\/{rel}","templated":true}]}}