{"id":13052,"date":"2024-02-28T09:58:14","date_gmt":"2024-02-28T08:58:14","guid":{"rendered":"https:\/\/flaviendev.fr\/shop\/?page_id=13052"},"modified":"2025-06-23T22:36:43","modified_gmt":"2025-06-23T20:36:43","slug":"nos-metiers","status":"publish","type":"page","link":"https:\/\/flaviendev.fr\/shop\/nos-metiers\/","title":{"rendered":"Nos M\u00e9tiers"},"content":{"rendered":"\n<div class=\"wp-block-cover alignfull is-light\" style=\"padding-top:var(--wp--preset--spacing--60);padding-bottom:var(--wp--preset--spacing--60)\"><span aria-hidden=\"true\" class=\"wp-block-cover__background has-background-dim-20 has-background-dim\"><\/span><img data-recalc-dims=\"1\" fetchpriority=\"high\" decoding=\"async\" width=\"1150\" height=\"486\" class=\"wp-block-cover__image-background wp-image-13053\" alt=\"\" src=\"https:\/\/i0.wp.com\/flaviendev.fr\/shop\/wp-content\/uploads\/sites\/4\/2024\/02\/Banniere_Accueil_4.jpg?resize=1150%2C486&#038;ssl=1\" data-object-fit=\"cover\" srcset=\"https:\/\/i0.wp.com\/flaviendev.fr\/shop\/wp-content\/uploads\/sites\/4\/2024\/02\/Banniere_Accueil_4.jpg?w=1920&amp;ssl=1 1920w, https:\/\/i0.wp.com\/flaviendev.fr\/shop\/wp-content\/uploads\/sites\/4\/2024\/02\/Banniere_Accueil_4.jpg?resize=300%2C127&amp;ssl=1 300w, https:\/\/i0.wp.com\/flaviendev.fr\/shop\/wp-content\/uploads\/sites\/4\/2024\/02\/Banniere_Accueil_4.jpg?resize=1024%2C433&amp;ssl=1 1024w, https:\/\/i0.wp.com\/flaviendev.fr\/shop\/wp-content\/uploads\/sites\/4\/2024\/02\/Banniere_Accueil_4.jpg?resize=768%2C325&amp;ssl=1 768w, https:\/\/i0.wp.com\/flaviendev.fr\/shop\/wp-content\/uploads\/sites\/4\/2024\/02\/Banniere_Accueil_4.jpg?resize=1536%2C650&amp;ssl=1 1536w, https:\/\/i0.wp.com\/flaviendev.fr\/shop\/wp-content\/uploads\/sites\/4\/2024\/02\/Banniere_Accueil_4.jpg?resize=812%2C343&amp;ssl=1 812w, https:\/\/i0.wp.com\/flaviendev.fr\/shop\/wp-content\/uploads\/sites\/4\/2024\/02\/Banniere_Accueil_4.jpg?resize=142%2C60&amp;ssl=1 142w, https:\/\/i0.wp.com\/flaviendev.fr\/shop\/wp-content\/uploads\/sites\/4\/2024\/02\/Banniere_Accueil_4.jpg?resize=213%2C90&amp;ssl=1 213w\" sizes=\"(max-width: 1150px) 100vw, 1150px\" \/><div class=\"wp-block-cover__inner-container is-layout-flow wp-block-cover-is-layout-flow\">\n<div class=\"wp-block-columns is-layout-flex wp-container-core-columns-is-layout-9d6595d7 wp-block-columns-is-layout-flex\">\n<div class=\"wp-block-column is-layout-flow wp-block-column-is-layout-flow\" style=\"flex-basis:66.66%\"><\/div>\n\n\n\n<div class=\"wp-block-column is-layout-flow wp-block-column-is-layout-flow\" style=\"flex-basis:40%\">\n<div style=\"background-color : #FFF; margin: 10px; padding:5% 5%!important\"><p class=\"has-text-align-center has-yith-proteo-editor-custom-color-6-color has-yith-proteo-editor-custom-color-2-background-color has-text-color has-background\" style=\"font-size:40px;line-height:1.2; margin:10px 15px; border: 1px solid #000;\">Nos<br>M\u00e9tiers<\/p><\/div>\n<\/div>\n<\/div>\n<\/div><\/div>\n\n\n\n<div style=\"height:100px\" aria-hidden=\"true\" class=\"wp-block-spacer\"><\/div>\n\n\n\n<div class=\"wp-block-columns is-layout-flex wp-container-core-columns-is-layout-9d6595d7 wp-block-columns-is-layout-flex\">\n<div class=\"wp-block-column is-vertically-aligned-center is-layout-flow wp-block-column-is-layout-flow\">\n<h2 class=\"wp-block-heading\" style=\"font-size:41px;font-style:normal;font-weight:300\">FABRICANT DE COMPOSITION PARFUM\u00c9E<\/h2>\n\n\n\n<p style=\"font-size:18px\">Marcus Spurway met \u00e0 disposition son expertise s\u00e9culaire pour aider des marques ou individus d\u00e9sireux d&#8217;\u00e9tablir leur propre signature olfactive. Nous collaborons \u00e9troitement pour cerner vos besoins et aspirations, et les mat\u00e9rialiser en cr\u00e9ations parfum\u00e9es uniques et personnelles. Notre engagement consiste \u00e0 vous soutenir et guider votre projet depuis sa conception jusqu&#8217;\u00e0 son lancement sur le march\u00e9, marquant ainsi notre diff\u00e9rence. De la personnalisation de votre d\u00e9veloppement, en passant par la proposition d&#8217;\u00e9chantillons, jusqu&#8217;\u00e0 la production finale et la pr\u00e9paration des documents r\u00e9glementaires, notre accompagnement est complet et d\u00e9di\u00e9.<\/p>\n<\/div>\n\n\n\n<div class=\"wp-block-column is-vertically-aligned-center is-layout-flow wp-block-column-is-layout-flow\">\n<figure class=\"wp-block-image size-full\"><img data-recalc-dims=\"1\" decoding=\"async\" width=\"790\" height=\"613\" src=\"https:\/\/i0.wp.com\/flaviendev.fr\/shop\/wp-content\/uploads\/sites\/4\/2024\/02\/MS_Img_19.png?resize=790%2C613&#038;ssl=1\" alt=\"\" class=\"wp-image-13054\" srcset=\"https:\/\/i0.wp.com\/flaviendev.fr\/shop\/wp-content\/uploads\/sites\/4\/2024\/02\/MS_Img_19.png?w=790&amp;ssl=1 790w, https:\/\/i0.wp.com\/flaviendev.fr\/shop\/wp-content\/uploads\/sites\/4\/2024\/02\/MS_Img_19.png?resize=300%2C233&amp;ssl=1 300w, https:\/\/i0.wp.com\/flaviendev.fr\/shop\/wp-content\/uploads\/sites\/4\/2024\/02\/MS_Img_19.png?resize=768%2C596&amp;ssl=1 768w, https:\/\/i0.wp.com\/flaviendev.fr\/shop\/wp-content\/uploads\/sites\/4\/2024\/02\/MS_Img_19.png?resize=77%2C60&amp;ssl=1 77w, https:\/\/i0.wp.com\/flaviendev.fr\/shop\/wp-content\/uploads\/sites\/4\/2024\/02\/MS_Img_19.png?resize=116%2C90&amp;ssl=1 116w\" sizes=\"(max-width: 790px) 100vw, 790px\" \/><\/figure>\n<\/div>\n<\/div>\n\n\n\n<div style=\"height:125px\" aria-hidden=\"true\" class=\"wp-block-spacer\"><\/div>\n\n\n\n<div class=\"wp-block-columns is-layout-flex wp-container-core-columns-is-layout-9d6595d7 wp-block-columns-is-layout-flex\">\n<div class=\"wp-block-column is-vertically-aligned-center is-layout-flow wp-block-column-is-layout-flow\">\n<figure class=\"wp-block-image size-full\"><img data-recalc-dims=\"1\" decoding=\"async\" width=\"804\" height=\"510\" src=\"https:\/\/i0.wp.com\/flaviendev.fr\/shop\/wp-content\/uploads\/sites\/4\/2024\/02\/MS_Img_20.png?resize=804%2C510&#038;ssl=1\" alt=\"\" class=\"wp-image-13055\" srcset=\"https:\/\/i0.wp.com\/flaviendev.fr\/shop\/wp-content\/uploads\/sites\/4\/2024\/02\/MS_Img_20.png?w=804&amp;ssl=1 804w, https:\/\/i0.wp.com\/flaviendev.fr\/shop\/wp-content\/uploads\/sites\/4\/2024\/02\/MS_Img_20.png?resize=300%2C190&amp;ssl=1 300w, https:\/\/i0.wp.com\/flaviendev.fr\/shop\/wp-content\/uploads\/sites\/4\/2024\/02\/MS_Img_20.png?resize=768%2C487&amp;ssl=1 768w, https:\/\/i0.wp.com\/flaviendev.fr\/shop\/wp-content\/uploads\/sites\/4\/2024\/02\/MS_Img_20.png?resize=95%2C60&amp;ssl=1 95w, https:\/\/i0.wp.com\/flaviendev.fr\/shop\/wp-content\/uploads\/sites\/4\/2024\/02\/MS_Img_20.png?resize=142%2C90&amp;ssl=1 142w\" sizes=\"(max-width: 804px) 100vw, 804px\" \/><\/figure>\n<\/div>\n\n\n\n<div class=\"wp-block-column is-vertically-aligned-center is-layout-flow wp-block-column-is-layout-flow\">\n<h2 class=\"wp-block-heading\" style=\"font-size:41px;font-style:normal;font-weight:300\">CR\u00c9ATEUR DE PARFUM EN SON NOM PROPRE<\/h2>\n\n\n\n<p style=\"font-size:18px\">Depuis 1825, Marcus Spurway, en tant que Ma\u00eetre Parfumeur, offre des parfums, cosm\u00e9tiques, et produits d&#8217;ambiance qui incarnent le raffinement et l&#8217;\u00e9l\u00e9gance fran\u00e7aise. La Maison assure un contr\u00f4le complet sur l&#8217;ensemble de son processus de production jusqu&#8217;au produit fini. Cette harmonie entre un savoir-faire h\u00e9rit\u00e9 des g\u00e9n\u00e9rations pass\u00e9es et l&#8217;int\u00e9gration de comp\u00e9tences technologiques et scientifiques modernes place la soci\u00e9t\u00e9 parmi les plus distingu\u00e9es de son secteur.<\/p>\n<\/div>\n<\/div>\n\n\n\n<div style=\"height:125px\" aria-hidden=\"true\" class=\"wp-block-spacer\"><\/div>\n\n\n\n<div class=\"wp-block-columns is-layout-flex wp-container-core-columns-is-layout-9d6595d7 wp-block-columns-is-layout-flex\">\n<div class=\"wp-block-column is-vertically-aligned-center is-layout-flow wp-block-column-is-layout-flow\">\n<div class=\"wp-block-cover\"><span aria-hidden=\"true\" class=\"wp-block-cover__background has-yith-proteo-editor-custom-color-2-background-color has-background-dim-40 has-background-dim\"><\/span><img data-recalc-dims=\"1\" loading=\"lazy\" decoding=\"async\" width=\"665\" height=\"741\" class=\"wp-block-cover__image-background wp-image-13057\" alt=\"\" src=\"https:\/\/i0.wp.com\/flaviendev.fr\/shop\/wp-content\/uploads\/sites\/4\/2024\/02\/ILLU_FLEURS.png?resize=665%2C741&#038;ssl=1\" data-object-fit=\"cover\" srcset=\"https:\/\/i0.wp.com\/flaviendev.fr\/shop\/wp-content\/uploads\/sites\/4\/2024\/02\/ILLU_FLEURS.png?w=665&amp;ssl=1 665w, https:\/\/i0.wp.com\/flaviendev.fr\/shop\/wp-content\/uploads\/sites\/4\/2024\/02\/ILLU_FLEURS.png?resize=269%2C300&amp;ssl=1 269w, https:\/\/i0.wp.com\/flaviendev.fr\/shop\/wp-content\/uploads\/sites\/4\/2024\/02\/ILLU_FLEURS.png?resize=54%2C60&amp;ssl=1 54w, https:\/\/i0.wp.com\/flaviendev.fr\/shop\/wp-content\/uploads\/sites\/4\/2024\/02\/ILLU_FLEURS.png?resize=81%2C90&amp;ssl=1 81w\" sizes=\"(max-width: 665px) 100vw, 665px\" \/><div class=\"wp-block-cover__inner-container is-layout-flow wp-block-cover-is-layout-flow\">\n<h2 class=\"wp-block-heading has-yith-proteo-editor-custom-color-6-color has-text-color has-link-color wp-elements-343f9841c57372793853ff37a7f5b186\" style=\"font-size:41px;font-style:normal;font-weight:300\">CR\u00c9ATEUR DE PARFUM SUR MESURE<\/h2>\n\n\n\n<div style=\"height:20px\" aria-hidden=\"true\" class=\"wp-block-spacer\"><\/div>\n\n\n\n<p class=\"has-yith-proteo-editor-custom-color-6-color has-text-color has-link-color wp-elements-555cac3a8c7c8c228d726a3e36623ee6\" style=\"font-size:18px\">Fort de son exp\u00e9rience et de son expertise, Marcus Spurway a choisi de mettre son savoir-faire au service de ses clients. De l&#8217;exploration olfactive \u00e0 la conception d&#8217;un produit personnalis\u00e9, ou m\u00eame au d\u00e9veloppement int\u00e9gral d&#8217;une ligne de parfums, Marcus Spurway concr\u00e9tise vos id\u00e9es en r\u00e9alit\u00e9.<\/p>\n<\/div><\/div>\n<\/div>\n\n\n\n<div class=\"wp-block-column is-vertically-aligned-center is-layout-flow wp-block-column-is-layout-flow\">\n<figure class=\"wp-block-image size-full\"><img data-recalc-dims=\"1\" loading=\"lazy\" decoding=\"async\" width=\"632\" height=\"472\" src=\"https:\/\/i0.wp.com\/flaviendev.fr\/shop\/wp-content\/uploads\/sites\/4\/2024\/02\/MS_Img_21.png?resize=632%2C472&#038;ssl=1\" alt=\"\" class=\"wp-image-13056\" srcset=\"https:\/\/i0.wp.com\/flaviendev.fr\/shop\/wp-content\/uploads\/sites\/4\/2024\/02\/MS_Img_21.png?w=632&amp;ssl=1 632w, https:\/\/i0.wp.com\/flaviendev.fr\/shop\/wp-content\/uploads\/sites\/4\/2024\/02\/MS_Img_21.png?resize=300%2C224&amp;ssl=1 300w, https:\/\/i0.wp.com\/flaviendev.fr\/shop\/wp-content\/uploads\/sites\/4\/2024\/02\/MS_Img_21.png?resize=80%2C60&amp;ssl=1 80w, https:\/\/i0.wp.com\/flaviendev.fr\/shop\/wp-content\/uploads\/sites\/4\/2024\/02\/MS_Img_21.png?resize=121%2C90&amp;ssl=1 121w\" sizes=\"(max-width: 632px) 100vw, 632px\" \/><\/figure>\n<\/div>\n<\/div>\n\n\n\n<div style=\"height:75px\" aria-hidden=\"true\" class=\"wp-block-spacer\"><\/div>\n\n\n\n<script async=\"\" src=\"https:\/\/pagead2.googlesyndication.com\/pagead\/js\/adsbygoogle.js\"><\/script>\n<!-- Horizontal -->\n<ins class=\"adsbygoogle\" style=\"display:block\" data-ad-client=\"ca-pub-5319183221160651\" data-ad-slot=\"6315779761\" data-ad-format=\"auto\" data-full-width-responsive=\"true\"><\/ins>\n<script>\n     (adsbygoogle = window.adsbygoogle || []).push({});\n<\/script>\n","protected":false},"excerpt":{"rendered":"<p>FABRICANT DE COMPOSITION PARFUM\u00c9E Marcus Spurway met \u00e0 disposition son expertise s\u00e9culaire pour aider des marques ou individus d\u00e9sireux d&#8217;\u00e9tablir leur propre signature olfactive. Nous collaborons \u00e9troitement pour cerner vos besoins et aspirations, et les mat\u00e9rialiser en cr\u00e9ations parfum\u00e9es uniques et personnelles. Notre engagement consiste \u00e0 vous soutenir et guider votre projet depuis sa conception<a class=\"more-link\" href=\"https:\/\/flaviendev.fr\/shop\/nos-metiers\/\">Lire la suite \u27f6<\/a><\/p>\n","protected":false},"author":1,"featured_media":0,"parent":0,"menu_order":0,"comment_status":"closed","ping_status":"closed","template":"","meta":{"footnotes":""},"class_list":["post-13052","page","type-page","status-publish","hentry"],"yoast_head":"<!-- This site is optimized with the Yoast SEO plugin v27.4 - https:\/\/yoast.com\/product\/yoast-seo-wordpress\/ -->\n<title>&#8902; Nos M\u00e9tiers &#8902; FlavienDev Shop<\/title>\n<meta name=\"description\" content=\"&#8902; Explorez Marcus Spurway, parfumerie de prestige depuis 1825, pour des cr\u00e9ations parfum\u00e9es exclusives et un h\u00e9ritage d&#039;excellence. &#8902;\" \/>\n<meta name=\"robots\" content=\"index, follow, max-snippet:-1, max-image-preview:large, max-video-preview:-1\" \/>\n<link rel=\"canonical\" href=\"https:\/\/flaviendev.fr\/shop\/nos-metiers\/\" \/>\n<meta property=\"og:locale\" content=\"fr_FR\" \/>\n<meta property=\"og:type\" content=\"article\" \/>\n<meta property=\"og:title\" content=\"&#8902; Nos M\u00e9tiers &#8902; FlavienDev Shop\" \/>\n<meta property=\"og:description\" content=\"&#8902; Explorez Marcus Spurway, parfumerie de prestige depuis 1825, pour des cr\u00e9ations parfum\u00e9es exclusives et un h\u00e9ritage d&#039;excellence. &#8902;\" \/>\n<meta property=\"og:url\" content=\"https:\/\/flaviendev.fr\/shop\/nos-metiers\/\" \/>\n<meta property=\"og:site_name\" content=\"FlavienDev Shop\" \/>\n<meta property=\"article:publisher\" content=\"https:\/\/www.facebook.com\/FlavienDev\" \/>\n<meta property=\"article:modified_time\" content=\"2025-06-23T20:36:43+00:00\" \/>\n<meta property=\"og:image\" content=\"https:\/\/flaviendev.fr\/shop\/wp-content\/uploads\/sites\/4\/2024\/02\/Banniere_Accueil_4.jpg\" \/>\n<meta name=\"twitter:card\" content=\"summary_large_image\" \/>\n<meta name=\"twitter:site\" content=\"@FlavienDev\" \/>\n<meta name=\"twitter:label1\" content=\"Dur\u00e9e de lecture estim\u00e9e\" \/>\n\t<meta name=\"twitter:data1\" content=\"3 minutes\" \/>\n<script type=\"application\/ld+json\" class=\"yoast-schema-graph\">{\"@context\":\"https:\\\/\\\/schema.org\",\"@graph\":[{\"@type\":\"WebPage\",\"@id\":\"https:\\\/\\\/flaviendev.fr\\\/shop\\\/nos-metiers\\\/\",\"url\":\"https:\\\/\\\/flaviendev.fr\\\/shop\\\/nos-metiers\\\/\",\"name\":\"&#8902; Nos M\u00e9tiers &#8902; FlavienDev Shop\",\"isPartOf\":{\"@id\":\"https:\\\/\\\/flaviendev.fr\\\/shop\\\/#website\"},\"primaryImageOfPage\":{\"@id\":\"https:\\\/\\\/flaviendev.fr\\\/shop\\\/nos-metiers\\\/#primaryimage\"},\"image\":{\"@id\":\"https:\\\/\\\/flaviendev.fr\\\/shop\\\/nos-metiers\\\/#primaryimage\"},\"thumbnailUrl\":\"https:\\\/\\\/flaviendev.fr\\\/shop\\\/wp-content\\\/uploads\\\/sites\\\/4\\\/2024\\\/02\\\/Banniere_Accueil_4.jpg\",\"datePublished\":\"2024-02-28T08:58:14+00:00\",\"dateModified\":\"2025-06-23T20:36:43+00:00\",\"description\":\"&#8902; Explorez Marcus Spurway, parfumerie de prestige depuis 1825, pour des cr\u00e9ations parfum\u00e9es exclusives et un h\u00e9ritage d'excellence. &#8902;\",\"breadcrumb\":{\"@id\":\"https:\\\/\\\/flaviendev.fr\\\/shop\\\/nos-metiers\\\/#breadcrumb\"},\"inLanguage\":\"fr-FR\",\"potentialAction\":[{\"@type\":\"ReadAction\",\"target\":[\"https:\\\/\\\/flaviendev.fr\\\/shop\\\/nos-metiers\\\/\"]}]},{\"@type\":\"ImageObject\",\"inLanguage\":\"fr-FR\",\"@id\":\"https:\\\/\\\/flaviendev.fr\\\/shop\\\/nos-metiers\\\/#primaryimage\",\"url\":\"https:\\\/\\\/i0.wp.com\\\/flaviendev.fr\\\/shop\\\/wp-content\\\/uploads\\\/sites\\\/4\\\/2024\\\/02\\\/Banniere_Accueil_4.jpg?fit=1920%2C812&ssl=1\",\"contentUrl\":\"https:\\\/\\\/i0.wp.com\\\/flaviendev.fr\\\/shop\\\/wp-content\\\/uploads\\\/sites\\\/4\\\/2024\\\/02\\\/Banniere_Accueil_4.jpg?fit=1920%2C812&ssl=1\",\"width\":1920,\"height\":812},{\"@type\":\"BreadcrumbList\",\"@id\":\"https:\\\/\\\/flaviendev.fr\\\/shop\\\/nos-metiers\\\/#breadcrumb\",\"itemListElement\":[{\"@type\":\"ListItem\",\"position\":1,\"name\":\"Accueil\",\"item\":\"https:\\\/\\\/flaviendev.fr\\\/shop\\\/\"},{\"@type\":\"ListItem\",\"position\":2,\"name\":\"Nos M\u00e9tiers\"}]},{\"@type\":\"WebSite\",\"@id\":\"https:\\\/\\\/flaviendev.fr\\\/shop\\\/#website\",\"url\":\"https:\\\/\\\/flaviendev.fr\\\/shop\\\/\",\"name\":\"FlavienDev Shop\",\"description\":\"\",\"publisher\":{\"@id\":\"https:\\\/\\\/flaviendev.fr\\\/shop\\\/#organization\"},\"potentialAction\":[{\"@type\":\"SearchAction\",\"target\":{\"@type\":\"EntryPoint\",\"urlTemplate\":\"https:\\\/\\\/flaviendev.fr\\\/shop\\\/?s={search_term_string}\"},\"query-input\":{\"@type\":\"PropertyValueSpecification\",\"valueRequired\":true,\"valueName\":\"search_term_string\"}}],\"inLanguage\":\"fr-FR\"},{\"@type\":\"Organization\",\"@id\":\"https:\\\/\\\/flaviendev.fr\\\/shop\\\/#organization\",\"name\":\"FlavienDev Shop\",\"url\":\"https:\\\/\\\/flaviendev.fr\\\/shop\\\/\",\"logo\":{\"@type\":\"ImageObject\",\"inLanguage\":\"fr-FR\",\"@id\":\"https:\\\/\\\/flaviendev.fr\\\/shop\\\/#\\\/schema\\\/logo\\\/image\\\/\",\"url\":\"https:\\\/\\\/i0.wp.com\\\/flaviendev.fr\\\/shop\\\/wp-content\\\/uploads\\\/sites\\\/4\\\/2020\\\/11\\\/cropped-FlavienDev_Couverture_Twitter_Transparent.png?fit=1500%2C500&ssl=1\",\"contentUrl\":\"https:\\\/\\\/i0.wp.com\\\/flaviendev.fr\\\/shop\\\/wp-content\\\/uploads\\\/sites\\\/4\\\/2020\\\/11\\\/cropped-FlavienDev_Couverture_Twitter_Transparent.png?fit=1500%2C500&ssl=1\",\"width\":1500,\"height\":500,\"caption\":\"FlavienDev Shop\"},\"image\":{\"@id\":\"https:\\\/\\\/flaviendev.fr\\\/shop\\\/#\\\/schema\\\/logo\\\/image\\\/\"},\"sameAs\":[\"https:\\\/\\\/www.facebook.com\\\/FlavienDev\",\"https:\\\/\\\/x.com\\\/FlavienDev\",\"https:\\\/\\\/www.instagram.com\\\/flaviendev\\\/\"]}]}<\/script>\n<!-- \/ Yoast SEO plugin. -->","yoast_head_json":{"title":"&#8902; Nos M\u00e9tiers &#8902; FlavienDev Shop","description":"&#8902; Explorez Marcus Spurway, parfumerie de prestige depuis 1825, pour des cr\u00e9ations parfum\u00e9es exclusives et un h\u00e9ritage d'excellence. &#8902;","robots":{"index":"index","follow":"follow","max-snippet":"max-snippet:-1","max-image-preview":"max-image-preview:large","max-video-preview":"max-video-preview:-1"},"canonical":"https:\/\/flaviendev.fr\/shop\/nos-metiers\/","og_locale":"fr_FR","og_type":"article","og_title":"&#8902; Nos M\u00e9tiers &#8902; FlavienDev Shop","og_description":"&#8902; Explorez Marcus Spurway, parfumerie de prestige depuis 1825, pour des cr\u00e9ations parfum\u00e9es exclusives et un h\u00e9ritage d'excellence. &#8902;","og_url":"https:\/\/flaviendev.fr\/shop\/nos-metiers\/","og_site_name":"FlavienDev Shop","article_publisher":"https:\/\/www.facebook.com\/FlavienDev","article_modified_time":"2025-06-23T20:36:43+00:00","og_image":[{"url":"https:\/\/flaviendev.fr\/shop\/wp-content\/uploads\/sites\/4\/2024\/02\/Banniere_Accueil_4.jpg","type":"","width":"","height":""}],"twitter_card":"summary_large_image","twitter_site":"@FlavienDev","twitter_misc":{"Dur\u00e9e de lecture estim\u00e9e":"3 minutes"},"schema":{"@context":"https:\/\/schema.org","@graph":[{"@type":"WebPage","@id":"https:\/\/flaviendev.fr\/shop\/nos-metiers\/","url":"https:\/\/flaviendev.fr\/shop\/nos-metiers\/","name":"&#8902; Nos M\u00e9tiers &#8902; FlavienDev Shop","isPartOf":{"@id":"https:\/\/flaviendev.fr\/shop\/#website"},"primaryImageOfPage":{"@id":"https:\/\/flaviendev.fr\/shop\/nos-metiers\/#primaryimage"},"image":{"@id":"https:\/\/flaviendev.fr\/shop\/nos-metiers\/#primaryimage"},"thumbnailUrl":"https:\/\/flaviendev.fr\/shop\/wp-content\/uploads\/sites\/4\/2024\/02\/Banniere_Accueil_4.jpg","datePublished":"2024-02-28T08:58:14+00:00","dateModified":"2025-06-23T20:36:43+00:00","description":"&#8902; Explorez Marcus Spurway, parfumerie de prestige depuis 1825, pour des cr\u00e9ations parfum\u00e9es exclusives et un h\u00e9ritage d'excellence. &#8902;","breadcrumb":{"@id":"https:\/\/flaviendev.fr\/shop\/nos-metiers\/#breadcrumb"},"inLanguage":"fr-FR","potentialAction":[{"@type":"ReadAction","target":["https:\/\/flaviendev.fr\/shop\/nos-metiers\/"]}]},{"@type":"ImageObject","inLanguage":"fr-FR","@id":"https:\/\/flaviendev.fr\/shop\/nos-metiers\/#primaryimage","url":"https:\/\/i0.wp.com\/flaviendev.fr\/shop\/wp-content\/uploads\/sites\/4\/2024\/02\/Banniere_Accueil_4.jpg?fit=1920%2C812&ssl=1","contentUrl":"https:\/\/i0.wp.com\/flaviendev.fr\/shop\/wp-content\/uploads\/sites\/4\/2024\/02\/Banniere_Accueil_4.jpg?fit=1920%2C812&ssl=1","width":1920,"height":812},{"@type":"BreadcrumbList","@id":"https:\/\/flaviendev.fr\/shop\/nos-metiers\/#breadcrumb","itemListElement":[{"@type":"ListItem","position":1,"name":"Accueil","item":"https:\/\/flaviendev.fr\/shop\/"},{"@type":"ListItem","position":2,"name":"Nos M\u00e9tiers"}]},{"@type":"WebSite","@id":"https:\/\/flaviendev.fr\/shop\/#website","url":"https:\/\/flaviendev.fr\/shop\/","name":"FlavienDev Shop","description":"","publisher":{"@id":"https:\/\/flaviendev.fr\/shop\/#organization"},"potentialAction":[{"@type":"SearchAction","target":{"@type":"EntryPoint","urlTemplate":"https:\/\/flaviendev.fr\/shop\/?s={search_term_string}"},"query-input":{"@type":"PropertyValueSpecification","valueRequired":true,"valueName":"search_term_string"}}],"inLanguage":"fr-FR"},{"@type":"Organization","@id":"https:\/\/flaviendev.fr\/shop\/#organization","name":"FlavienDev Shop","url":"https:\/\/flaviendev.fr\/shop\/","logo":{"@type":"ImageObject","inLanguage":"fr-FR","@id":"https:\/\/flaviendev.fr\/shop\/#\/schema\/logo\/image\/","url":"https:\/\/i0.wp.com\/flaviendev.fr\/shop\/wp-content\/uploads\/sites\/4\/2020\/11\/cropped-FlavienDev_Couverture_Twitter_Transparent.png?fit=1500%2C500&ssl=1","contentUrl":"https:\/\/i0.wp.com\/flaviendev.fr\/shop\/wp-content\/uploads\/sites\/4\/2020\/11\/cropped-FlavienDev_Couverture_Twitter_Transparent.png?fit=1500%2C500&ssl=1","width":1500,"height":500,"caption":"FlavienDev Shop"},"image":{"@id":"https:\/\/flaviendev.fr\/shop\/#\/schema\/logo\/image\/"},"sameAs":["https:\/\/www.facebook.com\/FlavienDev","https:\/\/x.com\/FlavienDev","https:\/\/www.instagram.com\/flaviendev\/"]}]}},"jetpack_shortlink":"https:\/\/wp.me\/PcBDdz-3ow","jetpack_sharing_enabled":true,"_links":{"self":[{"href":"https:\/\/flaviendev.fr\/shop\/wp-json\/wp\/v2\/pages\/13052","targetHints":{"allow":["GET"]}}],"collection":[{"href":"https:\/\/flaviendev.fr\/shop\/wp-json\/wp\/v2\/pages"}],"about":[{"href":"https:\/\/flaviendev.fr\/shop\/wp-json\/wp\/v2\/types\/page"}],"author":[{"embeddable":true,"href":"https:\/\/flaviendev.fr\/shop\/wp-json\/wp\/v2\/users\/1"}],"replies":[{"embeddable":true,"href":"https:\/\/flaviendev.fr\/shop\/wp-json\/wp\/v2\/comments?post=13052"}],"version-history":[{"count":5,"href":"https:\/\/flaviendev.fr\/shop\/wp-json\/wp\/v2\/pages\/13052\/revisions"}],"predecessor-version":[{"id":15356,"href":"https:\/\/flaviendev.fr\/shop\/wp-json\/wp\/v2\/pages\/13052\/revisions\/15356"}],"wp:attachment":[{"href":"https:\/\/flaviendev.fr\/shop\/wp-json\/wp\/v2\/media?parent=13052"}],"curies":[{"name":"wp","href":"https:\/\/api.w.org\/{rel}","templated":true}]}}