{"id":1715,"date":"2019-01-31T09:58:01","date_gmt":"2019-01-31T08:58:01","guid":{"rendered":"http:\/\/proteo.yithemes.com\/classic-shop\/?page_id=1715"},"modified":"2025-04-23T11:22:44","modified_gmt":"2025-04-23T09:22:44","slug":"mon-compte","status":"publish","type":"page","link":"https:\/\/flaviendev.fr\/shop\/mon-compte\/","title":{"rendered":"Mon compte"},"content":{"rendered":"\n<p class=\"has-text-align-center\">Pour toute question, information, commande, merci de nous contacter par :<br>&#8211; T\u00e9l\u00e9phone : <strong><a href=\"tel:0652547286\">06 52 54 72 86<\/a><\/strong><br>&#8211; Mail : <strong><a href=\"mailto:contact@flaviendev.fr\" target=\"_blank\" rel=\"noreferrer noopener\">contact@flaviendev.fr <\/a><\/strong><br>&#8211; Instagram : <strong><a href=\"https:\/\/www.instagram.com\/flaviendev\/\" target=\"_blank\" rel=\"noreferrer noopener\">@flaviendev<\/a> <\/strong><br>&#8211; Facebook : <strong><a href=\"https:\/\/www.facebook.com\/FlavienDev\" target=\"_blank\" rel=\"noreferrer noopener\">FlavienDev<\/a><\/strong><br>Pour d\u00e9couvrir toutes nos nouveaut\u00e9s en avant premi\u00e8re n&#8217;h\u00e9sitez pas \u00e0 suivre notre chaine What&#8217;s App : <br><a href=\"https:\/\/flaviendev.fr\/whatsapp\" target=\"_blank\" rel=\"noreferrer noopener\"><strong>Cliquez ici : Chaine What&#8217;s App<\/strong><\/a><\/p>\n\n\n\n<p class=\"has-text-align-center\">Si vous souhaitez organiser un atelier chez vous, nous organisons des ateliers dans toute la France !<br><\/p>\n\n\n<div class=\"woocommerce\"><\/div>","protected":false},"excerpt":{"rendered":"<p>Pour toute question, information, commande, merci de nous contacter par :&#8211; T\u00e9l\u00e9phone : 06 52 54 72 86&#8211; Mail : contact@flaviendev.fr &#8211; Instagram : @flaviendev &#8211; Facebook : FlavienDevPour d\u00e9couvrir toutes nos nouveaut\u00e9s en avant premi\u00e8re n&#8217;h\u00e9sitez pas \u00e0 suivre notre chaine What&#8217;s App : Cliquez ici : Chaine What&#8217;s App Si vous souhaitez organiser<a class=\"more-link\" href=\"https:\/\/flaviendev.fr\/shop\/mon-compte\/\">Lire la suite \u27f6<\/a><\/p>\n","protected":false},"author":1,"featured_media":0,"parent":0,"menu_order":0,"comment_status":"closed","ping_status":"closed","template":"","meta":{"footnotes":""},"class_list":["post-1715","page","type-page","status-publish","hentry"],"yoast_head":"<!-- This site is optimized with the Yoast SEO plugin v27.4 - https:\/\/yoast.com\/product\/yoast-seo-wordpress\/ -->\n<title>Mon compte &#8902; FlavienDev Shop<\/title>\n<meta name=\"robots\" content=\"index, follow, max-snippet:-1, max-image-preview:large, max-video-preview:-1\" \/>\n<link rel=\"canonical\" href=\"https:\/\/flaviendev.fr\/shop\/mon-compte\/\" \/>\n<meta property=\"og:locale\" content=\"fr_FR\" \/>\n<meta property=\"og:type\" content=\"article\" \/>\n<meta property=\"og:title\" content=\"Mon compte &#8902; FlavienDev Shop\" \/>\n<meta property=\"og:description\" content=\"Pour toute question, information, commande, merci de nous contacter par :&#8211; T\u00e9l\u00e9phone : 06 52 54 72 86&#8211; Mail : contact@flaviendev.fr &#8211; Instagram : @flaviendev &#8211; Facebook : FlavienDevPour d\u00e9couvrir toutes nos nouveaut\u00e9s en avant premi\u00e8re n&#8217;h\u00e9sitez pas \u00e0 suivre notre chaine What&#8217;s App : Cliquez ici : Chaine What&#8217;s App Si vous souhaitez organiserLire la suite \u27f6\" \/>\n<meta property=\"og:url\" content=\"https:\/\/flaviendev.fr\/shop\/mon-compte\/\" \/>\n<meta property=\"og:site_name\" content=\"FlavienDev Shop\" \/>\n<meta property=\"article:publisher\" content=\"https:\/\/www.facebook.com\/FlavienDev\" \/>\n<meta property=\"article:modified_time\" content=\"2025-04-23T09:22:44+00:00\" \/>\n<meta name=\"twitter:card\" content=\"summary_large_image\" \/>\n<meta name=\"twitter:site\" content=\"@FlavienDev\" \/>\n<meta name=\"twitter:label1\" content=\"Dur\u00e9e de lecture estim\u00e9e\" \/>\n\t<meta name=\"twitter:data1\" content=\"1 minute\" \/>\n<script type=\"application\/ld+json\" class=\"yoast-schema-graph\">{\"@context\":\"https:\\\/\\\/schema.org\",\"@graph\":[{\"@type\":\"WebPage\",\"@id\":\"https:\\\/\\\/flaviendev.fr\\\/shop\\\/mon-compte\\\/\",\"url\":\"https:\\\/\\\/flaviendev.fr\\\/shop\\\/mon-compte\\\/\",\"name\":\"Mon compte &#8902; FlavienDev Shop\",\"isPartOf\":{\"@id\":\"https:\\\/\\\/flaviendev.fr\\\/shop\\\/#website\"},\"datePublished\":\"2019-01-31T08:58:01+00:00\",\"dateModified\":\"2025-04-23T09:22:44+00:00\",\"breadcrumb\":{\"@id\":\"https:\\\/\\\/flaviendev.fr\\\/shop\\\/mon-compte\\\/#breadcrumb\"},\"inLanguage\":\"fr-FR\",\"potentialAction\":[{\"@type\":\"ReadAction\",\"target\":[\"https:\\\/\\\/flaviendev.fr\\\/shop\\\/mon-compte\\\/\"]}]},{\"@type\":\"BreadcrumbList\",\"@id\":\"https:\\\/\\\/flaviendev.fr\\\/shop\\\/mon-compte\\\/#breadcrumb\",\"itemListElement\":[{\"@type\":\"ListItem\",\"position\":1,\"name\":\"Accueil\",\"item\":\"https:\\\/\\\/flaviendev.fr\\\/shop\\\/\"},{\"@type\":\"ListItem\",\"position\":2,\"name\":\"Mon compte\"}]},{\"@type\":\"WebSite\",\"@id\":\"https:\\\/\\\/flaviendev.fr\\\/shop\\\/#website\",\"url\":\"https:\\\/\\\/flaviendev.fr\\\/shop\\\/\",\"name\":\"FlavienDev Shop\",\"description\":\"\",\"publisher\":{\"@id\":\"https:\\\/\\\/flaviendev.fr\\\/shop\\\/#organization\"},\"potentialAction\":[{\"@type\":\"SearchAction\",\"target\":{\"@type\":\"EntryPoint\",\"urlTemplate\":\"https:\\\/\\\/flaviendev.fr\\\/shop\\\/?s={search_term_string}\"},\"query-input\":{\"@type\":\"PropertyValueSpecification\",\"valueRequired\":true,\"valueName\":\"search_term_string\"}}],\"inLanguage\":\"fr-FR\"},{\"@type\":\"Organization\",\"@id\":\"https:\\\/\\\/flaviendev.fr\\\/shop\\\/#organization\",\"name\":\"FlavienDev Shop\",\"url\":\"https:\\\/\\\/flaviendev.fr\\\/shop\\\/\",\"logo\":{\"@type\":\"ImageObject\",\"inLanguage\":\"fr-FR\",\"@id\":\"https:\\\/\\\/flaviendev.fr\\\/shop\\\/#\\\/schema\\\/logo\\\/image\\\/\",\"url\":\"https:\\\/\\\/i0.wp.com\\\/flaviendev.fr\\\/shop\\\/wp-content\\\/uploads\\\/sites\\\/4\\\/2020\\\/11\\\/cropped-FlavienDev_Couverture_Twitter_Transparent.png?fit=1500%2C500&ssl=1\",\"contentUrl\":\"https:\\\/\\\/i0.wp.com\\\/flaviendev.fr\\\/shop\\\/wp-content\\\/uploads\\\/sites\\\/4\\\/2020\\\/11\\\/cropped-FlavienDev_Couverture_Twitter_Transparent.png?fit=1500%2C500&ssl=1\",\"width\":1500,\"height\":500,\"caption\":\"FlavienDev Shop\"},\"image\":{\"@id\":\"https:\\\/\\\/flaviendev.fr\\\/shop\\\/#\\\/schema\\\/logo\\\/image\\\/\"},\"sameAs\":[\"https:\\\/\\\/www.facebook.com\\\/FlavienDev\",\"https:\\\/\\\/x.com\\\/FlavienDev\",\"https:\\\/\\\/www.instagram.com\\\/flaviendev\\\/\"]}]}<\/script>\n<!-- \/ Yoast SEO plugin. -->","yoast_head_json":{"title":"Mon compte &#8902; FlavienDev Shop","robots":{"index":"index","follow":"follow","max-snippet":"max-snippet:-1","max-image-preview":"max-image-preview:large","max-video-preview":"max-video-preview:-1"},"canonical":"https:\/\/flaviendev.fr\/shop\/mon-compte\/","og_locale":"fr_FR","og_type":"article","og_title":"Mon compte &#8902; FlavienDev Shop","og_description":"Pour toute question, information, commande, merci de nous contacter par :&#8211; T\u00e9l\u00e9phone : 06 52 54 72 86&#8211; Mail : contact@flaviendev.fr &#8211; Instagram : @flaviendev &#8211; Facebook : FlavienDevPour d\u00e9couvrir toutes nos nouveaut\u00e9s en avant premi\u00e8re n&#8217;h\u00e9sitez pas \u00e0 suivre notre chaine What&#8217;s App : Cliquez ici : Chaine What&#8217;s App Si vous souhaitez organiserLire la suite \u27f6","og_url":"https:\/\/flaviendev.fr\/shop\/mon-compte\/","og_site_name":"FlavienDev Shop","article_publisher":"https:\/\/www.facebook.com\/FlavienDev","article_modified_time":"2025-04-23T09:22:44+00:00","twitter_card":"summary_large_image","twitter_site":"@FlavienDev","twitter_misc":{"Dur\u00e9e de lecture estim\u00e9e":"1 minute"},"schema":{"@context":"https:\/\/schema.org","@graph":[{"@type":"WebPage","@id":"https:\/\/flaviendev.fr\/shop\/mon-compte\/","url":"https:\/\/flaviendev.fr\/shop\/mon-compte\/","name":"Mon compte &#8902; FlavienDev Shop","isPartOf":{"@id":"https:\/\/flaviendev.fr\/shop\/#website"},"datePublished":"2019-01-31T08:58:01+00:00","dateModified":"2025-04-23T09:22:44+00:00","breadcrumb":{"@id":"https:\/\/flaviendev.fr\/shop\/mon-compte\/#breadcrumb"},"inLanguage":"fr-FR","potentialAction":[{"@type":"ReadAction","target":["https:\/\/flaviendev.fr\/shop\/mon-compte\/"]}]},{"@type":"BreadcrumbList","@id":"https:\/\/flaviendev.fr\/shop\/mon-compte\/#breadcrumb","itemListElement":[{"@type":"ListItem","position":1,"name":"Accueil","item":"https:\/\/flaviendev.fr\/shop\/"},{"@type":"ListItem","position":2,"name":"Mon compte"}]},{"@type":"WebSite","@id":"https:\/\/flaviendev.fr\/shop\/#website","url":"https:\/\/flaviendev.fr\/shop\/","name":"FlavienDev Shop","description":"","publisher":{"@id":"https:\/\/flaviendev.fr\/shop\/#organization"},"potentialAction":[{"@type":"SearchAction","target":{"@type":"EntryPoint","urlTemplate":"https:\/\/flaviendev.fr\/shop\/?s={search_term_string}"},"query-input":{"@type":"PropertyValueSpecification","valueRequired":true,"valueName":"search_term_string"}}],"inLanguage":"fr-FR"},{"@type":"Organization","@id":"https:\/\/flaviendev.fr\/shop\/#organization","name":"FlavienDev Shop","url":"https:\/\/flaviendev.fr\/shop\/","logo":{"@type":"ImageObject","inLanguage":"fr-FR","@id":"https:\/\/flaviendev.fr\/shop\/#\/schema\/logo\/image\/","url":"https:\/\/i0.wp.com\/flaviendev.fr\/shop\/wp-content\/uploads\/sites\/4\/2020\/11\/cropped-FlavienDev_Couverture_Twitter_Transparent.png?fit=1500%2C500&ssl=1","contentUrl":"https:\/\/i0.wp.com\/flaviendev.fr\/shop\/wp-content\/uploads\/sites\/4\/2020\/11\/cropped-FlavienDev_Couverture_Twitter_Transparent.png?fit=1500%2C500&ssl=1","width":1500,"height":500,"caption":"FlavienDev Shop"},"image":{"@id":"https:\/\/flaviendev.fr\/shop\/#\/schema\/logo\/image\/"},"sameAs":["https:\/\/www.facebook.com\/FlavienDev","https:\/\/x.com\/FlavienDev","https:\/\/www.instagram.com\/flaviendev\/"]}]}},"jetpack_shortlink":"https:\/\/wp.me\/PcBDdz-rF","jetpack_sharing_enabled":true,"_links":{"self":[{"href":"https:\/\/flaviendev.fr\/shop\/wp-json\/wp\/v2\/pages\/1715","targetHints":{"allow":["GET"]}}],"collection":[{"href":"https:\/\/flaviendev.fr\/shop\/wp-json\/wp\/v2\/pages"}],"about":[{"href":"https:\/\/flaviendev.fr\/shop\/wp-json\/wp\/v2\/types\/page"}],"author":[{"embeddable":true,"href":"https:\/\/flaviendev.fr\/shop\/wp-json\/wp\/v2\/users\/1"}],"replies":[{"embeddable":true,"href":"https:\/\/flaviendev.fr\/shop\/wp-json\/wp\/v2\/comments?post=1715"}],"version-history":[{"count":19,"href":"https:\/\/flaviendev.fr\/shop\/wp-json\/wp\/v2\/pages\/1715\/revisions"}],"predecessor-version":[{"id":15197,"href":"https:\/\/flaviendev.fr\/shop\/wp-json\/wp\/v2\/pages\/1715\/revisions\/15197"}],"wp:attachment":[{"href":"https:\/\/flaviendev.fr\/shop\/wp-json\/wp\/v2\/media?parent=1715"}],"curies":[{"name":"wp","href":"https:\/\/api.w.org\/{rel}","templated":true}]}}