{"id":13644,"date":"2024-04-07T12:03:44","date_gmt":"2024-04-07T10:03:44","guid":{"rendered":"https:\/\/flaviendev.fr\/shop\/?post_type=product&#038;p=13644"},"modified":"2025-03-03T09:30:59","modified_gmt":"2025-03-03T08:30:59","slug":"douceur-du-linge-100ml-fleur-doranger","status":"publish","type":"product","link":"https:\/\/flaviendev.fr\/shop\/produit\/douceur-du-linge-100ml-fleur-doranger\/","title":{"rendered":"Douceur du Linge 100ml Fleur d&#8217;Oranger"},"content":{"rendered":"","protected":false},"excerpt":{"rendered":"","protected":false},"featured_media":13645,"comment_status":"open","ping_status":"closed","template":"","meta":{"jetpack_publicize_message":"","jetpack_publicize_feature_enabled":true,"jetpack_social_post_already_shared":true,"jetpack_social_options":{"image_generator_settings":{"template":"highway","default_image_id":0,"font":"","enabled":false},"version":2}},"product_brand":[],"product_cat":[280,230,275],"product_tag":[301],"giftcard-category":[],"class_list":{"0":"post-13644","1":"product","2":"type-product","3":"status-publish","4":"has-post-thumbnail","6":"product_cat-douceur-du-linge","7":"product_cat-la-boutique","8":"product_cat-maison","9":"product_tag-fleur-doranger","11":"first","12":"instock","13":"taxable","14":"shipping-taxable","15":"purchasable","16":"product-type-simple"},"yoast_head":"<!-- This site is optimized with the Yoast SEO plugin v27.4 - https:\/\/yoast.com\/product\/yoast-seo-wordpress\/ -->\n<title>Douceur du Linge 100ml Fleur d&#039;Oranger &#8902; FlavienDev Shop<\/title>\n<meta name=\"description\" content=\"&#8902; Une brise douce et captivante, laissant derri\u00e8re elle un sillage doux de fleur d&#039;oranger et de n\u00e9roli, sublim\u00e9 par une touche de vanille s\u00e9duisante. &#8902;\" \/>\n<meta name=\"robots\" content=\"index, follow, max-snippet:-1, max-image-preview:large, max-video-preview:-1\" \/>\n<link rel=\"canonical\" href=\"https:\/\/flaviendev.fr\/shop\/produit\/douceur-du-linge-100ml-fleur-doranger\/\" \/>\n<meta property=\"og:locale\" content=\"fr_FR\" \/>\n<meta property=\"og:type\" content=\"article\" \/>\n<meta property=\"og:title\" content=\"Douceur du Linge 100ml Fleur d&#039;Oranger &#8902; FlavienDev Shop\" \/>\n<meta property=\"og:description\" content=\"&#8902; Une brise douce et captivante, laissant derri\u00e8re elle un sillage doux de fleur d&#039;oranger et de n\u00e9roli, sublim\u00e9 par une touche de vanille s\u00e9duisante. &#8902;\" \/>\n<meta property=\"og:url\" content=\"https:\/\/flaviendev.fr\/shop\/produit\/douceur-du-linge-100ml-fleur-doranger\/\" \/>\n<meta property=\"og:site_name\" content=\"FlavienDev Shop\" \/>\n<meta property=\"article:publisher\" content=\"https:\/\/www.facebook.com\/FlavienDev\" \/>\n<meta property=\"article:modified_time\" content=\"2025-03-03T08:30:59+00:00\" \/>\n<meta property=\"og:image\" content=\"https:\/\/flaviendev.fr\/shop\/wp-content\/uploads\/sites\/4\/2024\/04\/07100001_DLFleurdOranger.png\" \/>\n\t<meta property=\"og:image:width\" content=\"399\" \/>\n\t<meta property=\"og:image:height\" content=\"452\" \/>\n\t<meta property=\"og:image:type\" content=\"image\/png\" \/>\n<meta name=\"twitter:card\" content=\"summary_large_image\" \/>\n<meta name=\"twitter:site\" content=\"@FlavienDev\" \/>\n<meta name=\"twitter:label1\" content=\"Dur\u00e9e de lecture estim\u00e9e\" \/>\n\t<meta name=\"twitter:data1\" content=\"1 minute\" \/>\n<script type=\"application\/ld+json\" class=\"yoast-schema-graph\">{\"@context\":\"https:\\\/\\\/schema.org\",\"@graph\":[{\"@type\":\"WebPage\",\"@id\":\"https:\\\/\\\/flaviendev.fr\\\/shop\\\/produit\\\/douceur-du-linge-100ml-fleur-doranger\\\/\",\"url\":\"https:\\\/\\\/flaviendev.fr\\\/shop\\\/produit\\\/douceur-du-linge-100ml-fleur-doranger\\\/\",\"name\":\"Douceur du Linge 100ml Fleur d'Oranger &#8902; FlavienDev Shop\",\"isPartOf\":{\"@id\":\"https:\\\/\\\/flaviendev.fr\\\/shop\\\/#website\"},\"primaryImageOfPage\":{\"@id\":\"https:\\\/\\\/flaviendev.fr\\\/shop\\\/produit\\\/douceur-du-linge-100ml-fleur-doranger\\\/#primaryimage\"},\"image\":{\"@id\":\"https:\\\/\\\/flaviendev.fr\\\/shop\\\/produit\\\/douceur-du-linge-100ml-fleur-doranger\\\/#primaryimage\"},\"thumbnailUrl\":\"https:\\\/\\\/i0.wp.com\\\/flaviendev.fr\\\/shop\\\/wp-content\\\/uploads\\\/sites\\\/4\\\/2024\\\/04\\\/07100001_DLFleurdOranger.png?fit=399%2C452&ssl=1\",\"datePublished\":\"2024-04-07T10:03:44+00:00\",\"dateModified\":\"2025-03-03T08:30:59+00:00\",\"description\":\"&#8902; Une brise douce et captivante, laissant derri\u00e8re elle un sillage doux de fleur d'oranger et de n\u00e9roli, sublim\u00e9 par une touche de vanille s\u00e9duisante. &#8902;\",\"breadcrumb\":{\"@id\":\"https:\\\/\\\/flaviendev.fr\\\/shop\\\/produit\\\/douceur-du-linge-100ml-fleur-doranger\\\/#breadcrumb\"},\"inLanguage\":\"fr-FR\",\"potentialAction\":[{\"@type\":\"ReadAction\",\"target\":[\"https:\\\/\\\/flaviendev.fr\\\/shop\\\/produit\\\/douceur-du-linge-100ml-fleur-doranger\\\/\"]}]},{\"@type\":\"ImageObject\",\"inLanguage\":\"fr-FR\",\"@id\":\"https:\\\/\\\/flaviendev.fr\\\/shop\\\/produit\\\/douceur-du-linge-100ml-fleur-doranger\\\/#primaryimage\",\"url\":\"https:\\\/\\\/i0.wp.com\\\/flaviendev.fr\\\/shop\\\/wp-content\\\/uploads\\\/sites\\\/4\\\/2024\\\/04\\\/07100001_DLFleurdOranger.png?fit=399%2C452&ssl=1\",\"contentUrl\":\"https:\\\/\\\/i0.wp.com\\\/flaviendev.fr\\\/shop\\\/wp-content\\\/uploads\\\/sites\\\/4\\\/2024\\\/04\\\/07100001_DLFleurdOranger.png?fit=399%2C452&ssl=1\",\"width\":399,\"height\":452},{\"@type\":\"BreadcrumbList\",\"@id\":\"https:\\\/\\\/flaviendev.fr\\\/shop\\\/produit\\\/douceur-du-linge-100ml-fleur-doranger\\\/#breadcrumb\",\"itemListElement\":[{\"@type\":\"ListItem\",\"position\":1,\"name\":\"Accueil\",\"item\":\"https:\\\/\\\/flaviendev.fr\\\/shop\\\/\"},{\"@type\":\"ListItem\",\"position\":2,\"name\":\"Boutique\",\"item\":\"https:\\\/\\\/flaviendev.fr\\\/shop\\\/boutique\\\/\"},{\"@type\":\"ListItem\",\"position\":3,\"name\":\"Douceur du Linge 100ml Fleur d&#8217;Oranger\"}]},{\"@type\":\"WebSite\",\"@id\":\"https:\\\/\\\/flaviendev.fr\\\/shop\\\/#website\",\"url\":\"https:\\\/\\\/flaviendev.fr\\\/shop\\\/\",\"name\":\"FlavienDev Shop\",\"description\":\"\",\"publisher\":{\"@id\":\"https:\\\/\\\/flaviendev.fr\\\/shop\\\/#organization\"},\"potentialAction\":[{\"@type\":\"SearchAction\",\"target\":{\"@type\":\"EntryPoint\",\"urlTemplate\":\"https:\\\/\\\/flaviendev.fr\\\/shop\\\/?s={search_term_string}\"},\"query-input\":{\"@type\":\"PropertyValueSpecification\",\"valueRequired\":true,\"valueName\":\"search_term_string\"}}],\"inLanguage\":\"fr-FR\"},{\"@type\":\"Organization\",\"@id\":\"https:\\\/\\\/flaviendev.fr\\\/shop\\\/#organization\",\"name\":\"FlavienDev Shop\",\"url\":\"https:\\\/\\\/flaviendev.fr\\\/shop\\\/\",\"logo\":{\"@type\":\"ImageObject\",\"inLanguage\":\"fr-FR\",\"@id\":\"https:\\\/\\\/flaviendev.fr\\\/shop\\\/#\\\/schema\\\/logo\\\/image\\\/\",\"url\":\"https:\\\/\\\/i0.wp.com\\\/flaviendev.fr\\\/shop\\\/wp-content\\\/uploads\\\/sites\\\/4\\\/2020\\\/11\\\/cropped-FlavienDev_Couverture_Twitter_Transparent.png?fit=1500%2C500&ssl=1\",\"contentUrl\":\"https:\\\/\\\/i0.wp.com\\\/flaviendev.fr\\\/shop\\\/wp-content\\\/uploads\\\/sites\\\/4\\\/2020\\\/11\\\/cropped-FlavienDev_Couverture_Twitter_Transparent.png?fit=1500%2C500&ssl=1\",\"width\":1500,\"height\":500,\"caption\":\"FlavienDev Shop\"},\"image\":{\"@id\":\"https:\\\/\\\/flaviendev.fr\\\/shop\\\/#\\\/schema\\\/logo\\\/image\\\/\"},\"sameAs\":[\"https:\\\/\\\/www.facebook.com\\\/FlavienDev\",\"https:\\\/\\\/x.com\\\/FlavienDev\",\"https:\\\/\\\/www.instagram.com\\\/flaviendev\\\/\"]}]}<\/script>\n<!-- \/ Yoast SEO plugin. -->","yoast_head_json":{"title":"Douceur du Linge 100ml Fleur d'Oranger &#8902; FlavienDev Shop","description":"&#8902; Une brise douce et captivante, laissant derri\u00e8re elle un sillage doux de fleur d'oranger et de n\u00e9roli, sublim\u00e9 par une touche de vanille s\u00e9duisante. &#8902;","robots":{"index":"index","follow":"follow","max-snippet":"max-snippet:-1","max-image-preview":"max-image-preview:large","max-video-preview":"max-video-preview:-1"},"canonical":"https:\/\/flaviendev.fr\/shop\/produit\/douceur-du-linge-100ml-fleur-doranger\/","og_locale":"fr_FR","og_type":"article","og_title":"Douceur du Linge 100ml Fleur d'Oranger &#8902; FlavienDev Shop","og_description":"&#8902; Une brise douce et captivante, laissant derri\u00e8re elle un sillage doux de fleur d'oranger et de n\u00e9roli, sublim\u00e9 par une touche de vanille s\u00e9duisante. &#8902;","og_url":"https:\/\/flaviendev.fr\/shop\/produit\/douceur-du-linge-100ml-fleur-doranger\/","og_site_name":"FlavienDev Shop","article_publisher":"https:\/\/www.facebook.com\/FlavienDev","article_modified_time":"2025-03-03T08:30:59+00:00","og_image":[{"width":399,"height":452,"url":"https:\/\/flaviendev.fr\/shop\/wp-content\/uploads\/sites\/4\/2024\/04\/07100001_DLFleurdOranger.png","type":"image\/png"}],"twitter_card":"summary_large_image","twitter_site":"@FlavienDev","twitter_misc":{"Dur\u00e9e de lecture estim\u00e9e":"1 minute"},"schema":{"@context":"https:\/\/schema.org","@graph":[{"@type":"WebPage","@id":"https:\/\/flaviendev.fr\/shop\/produit\/douceur-du-linge-100ml-fleur-doranger\/","url":"https:\/\/flaviendev.fr\/shop\/produit\/douceur-du-linge-100ml-fleur-doranger\/","name":"Douceur du Linge 100ml Fleur d'Oranger &#8902; FlavienDev Shop","isPartOf":{"@id":"https:\/\/flaviendev.fr\/shop\/#website"},"primaryImageOfPage":{"@id":"https:\/\/flaviendev.fr\/shop\/produit\/douceur-du-linge-100ml-fleur-doranger\/#primaryimage"},"image":{"@id":"https:\/\/flaviendev.fr\/shop\/produit\/douceur-du-linge-100ml-fleur-doranger\/#primaryimage"},"thumbnailUrl":"https:\/\/i0.wp.com\/flaviendev.fr\/shop\/wp-content\/uploads\/sites\/4\/2024\/04\/07100001_DLFleurdOranger.png?fit=399%2C452&ssl=1","datePublished":"2024-04-07T10:03:44+00:00","dateModified":"2025-03-03T08:30:59+00:00","description":"&#8902; Une brise douce et captivante, laissant derri\u00e8re elle un sillage doux de fleur d'oranger et de n\u00e9roli, sublim\u00e9 par une touche de vanille s\u00e9duisante. &#8902;","breadcrumb":{"@id":"https:\/\/flaviendev.fr\/shop\/produit\/douceur-du-linge-100ml-fleur-doranger\/#breadcrumb"},"inLanguage":"fr-FR","potentialAction":[{"@type":"ReadAction","target":["https:\/\/flaviendev.fr\/shop\/produit\/douceur-du-linge-100ml-fleur-doranger\/"]}]},{"@type":"ImageObject","inLanguage":"fr-FR","@id":"https:\/\/flaviendev.fr\/shop\/produit\/douceur-du-linge-100ml-fleur-doranger\/#primaryimage","url":"https:\/\/i0.wp.com\/flaviendev.fr\/shop\/wp-content\/uploads\/sites\/4\/2024\/04\/07100001_DLFleurdOranger.png?fit=399%2C452&ssl=1","contentUrl":"https:\/\/i0.wp.com\/flaviendev.fr\/shop\/wp-content\/uploads\/sites\/4\/2024\/04\/07100001_DLFleurdOranger.png?fit=399%2C452&ssl=1","width":399,"height":452},{"@type":"BreadcrumbList","@id":"https:\/\/flaviendev.fr\/shop\/produit\/douceur-du-linge-100ml-fleur-doranger\/#breadcrumb","itemListElement":[{"@type":"ListItem","position":1,"name":"Accueil","item":"https:\/\/flaviendev.fr\/shop\/"},{"@type":"ListItem","position":2,"name":"Boutique","item":"https:\/\/flaviendev.fr\/shop\/boutique\/"},{"@type":"ListItem","position":3,"name":"Douceur du Linge 100ml Fleur d&#8217;Oranger"}]},{"@type":"WebSite","@id":"https:\/\/flaviendev.fr\/shop\/#website","url":"https:\/\/flaviendev.fr\/shop\/","name":"FlavienDev Shop","description":"","publisher":{"@id":"https:\/\/flaviendev.fr\/shop\/#organization"},"potentialAction":[{"@type":"SearchAction","target":{"@type":"EntryPoint","urlTemplate":"https:\/\/flaviendev.fr\/shop\/?s={search_term_string}"},"query-input":{"@type":"PropertyValueSpecification","valueRequired":true,"valueName":"search_term_string"}}],"inLanguage":"fr-FR"},{"@type":"Organization","@id":"https:\/\/flaviendev.fr\/shop\/#organization","name":"FlavienDev Shop","url":"https:\/\/flaviendev.fr\/shop\/","logo":{"@type":"ImageObject","inLanguage":"fr-FR","@id":"https:\/\/flaviendev.fr\/shop\/#\/schema\/logo\/image\/","url":"https:\/\/i0.wp.com\/flaviendev.fr\/shop\/wp-content\/uploads\/sites\/4\/2020\/11\/cropped-FlavienDev_Couverture_Twitter_Transparent.png?fit=1500%2C500&ssl=1","contentUrl":"https:\/\/i0.wp.com\/flaviendev.fr\/shop\/wp-content\/uploads\/sites\/4\/2020\/11\/cropped-FlavienDev_Couverture_Twitter_Transparent.png?fit=1500%2C500&ssl=1","width":1500,"height":500,"caption":"FlavienDev Shop"},"image":{"@id":"https:\/\/flaviendev.fr\/shop\/#\/schema\/logo\/image\/"},"sameAs":["https:\/\/www.facebook.com\/FlavienDev","https:\/\/x.com\/FlavienDev","https:\/\/www.instagram.com\/flaviendev\/"]}]}},"jetpack_publicize_connections":[],"jetpack_sharing_enabled":true,"_links":{"self":[{"href":"https:\/\/flaviendev.fr\/shop\/wp-json\/wp\/v2\/product\/13644","targetHints":{"allow":["GET"]}}],"collection":[{"href":"https:\/\/flaviendev.fr\/shop\/wp-json\/wp\/v2\/product"}],"about":[{"href":"https:\/\/flaviendev.fr\/shop\/wp-json\/wp\/v2\/types\/product"}],"replies":[{"embeddable":true,"href":"https:\/\/flaviendev.fr\/shop\/wp-json\/wp\/v2\/comments?post=13644"}],"wp:featuredmedia":[{"embeddable":true,"href":"https:\/\/flaviendev.fr\/shop\/wp-json\/wp\/v2\/media\/13645"}],"wp:attachment":[{"href":"https:\/\/flaviendev.fr\/shop\/wp-json\/wp\/v2\/media?parent=13644"}],"wp:term":[{"taxonomy":"product_brand","embeddable":true,"href":"https:\/\/flaviendev.fr\/shop\/wp-json\/wp\/v2\/product_brand?post=13644"},{"taxonomy":"product_cat","embeddable":true,"href":"https:\/\/flaviendev.fr\/shop\/wp-json\/wp\/v2\/product_cat?post=13644"},{"taxonomy":"product_tag","embeddable":true,"href":"https:\/\/flaviendev.fr\/shop\/wp-json\/wp\/v2\/product_tag?post=13644"},{"taxonomy":"giftcard-category","embeddable":true,"href":"https:\/\/flaviendev.fr\/shop\/wp-json\/wp\/v2\/giftcard-category?post=13644"}],"curies":[{"name":"wp","href":"https:\/\/api.w.org\/{rel}","templated":true}]}}