{"id":14043,"date":"2024-07-21T19:11:42","date_gmt":"2024-07-21T17:11:42","guid":{"rendered":"https:\/\/flaviendev.fr\/shop\/?post_type=product&#038;p=14043"},"modified":"2026-02-18T00:07:06","modified_gmt":"2026-02-17T23:07:06","slug":"parfum-homme-50ml-ambre-gris","status":"publish","type":"product","link":"https:\/\/flaviendev.fr\/shop\/produit\/parfum-homme-50ml-ambre-gris\/","title":{"rendered":"Parfum Homme 50ml Ambre Gris"},"content":{"rendered":"","protected":false},"excerpt":{"rendered":"","protected":false},"featured_media":15309,"comment_status":"open","ping_status":"closed","template":"","meta":{"jetpack_publicize_message":"","jetpack_publicize_feature_enabled":true,"jetpack_social_post_already_shared":true,"jetpack_social_options":{"image_generator_settings":{"template":"highway","default_image_id":0,"font":"","enabled":false},"version":2}},"product_brand":[],"product_cat":[230,350,272,322],"product_tag":[351],"giftcard-category":[],"class_list":{"0":"post-14043","1":"product","2":"type-product","3":"status-publish","4":"has-post-thumbnail","6":"product_cat-la-boutique","7":"product_cat-parfum-homme","8":"product_cat-parfums","9":"product_cat-parfums-homme","10":"product_tag-ambre-gris","12":"first","13":"instock","14":"taxable","15":"shipping-taxable","16":"purchasable","17":"product-type-simple"},"yoast_head":"<!-- This site is optimized with the Yoast SEO plugin v27.4 - https:\/\/yoast.com\/product\/yoast-seo-wordpress\/ -->\n<title>Parfum Homme 50ml Ambre Gris &#8902; FlavienDev Shop<\/title>\n<meta name=\"description\" content=\"&#8902; Une sensation d\u2019\u00e9nergie vibrante, une fra\u00eecheur pure et intense sont les sensations d\u00e9gag\u00e9es par ce parfum. Une fragrance addictive et envoutante !&#8902;\" \/>\n<meta name=\"robots\" content=\"index, follow, max-snippet:-1, max-image-preview:large, max-video-preview:-1\" \/>\n<link rel=\"canonical\" href=\"https:\/\/flaviendev.fr\/shop\/produit\/parfum-homme-50ml-ambre-gris\/\" \/>\n<meta property=\"og:locale\" content=\"fr_FR\" \/>\n<meta property=\"og:type\" content=\"article\" \/>\n<meta property=\"og:title\" content=\"Parfum Homme 50ml Ambre Gris &#8902; FlavienDev Shop\" \/>\n<meta property=\"og:description\" content=\"&#8902; Une sensation d\u2019\u00e9nergie vibrante, une fra\u00eecheur pure et intense sont les sensations d\u00e9gag\u00e9es par ce parfum. Une fragrance addictive et envoutante !&#8902;\" \/>\n<meta property=\"og:url\" content=\"https:\/\/flaviendev.fr\/shop\/produit\/parfum-homme-50ml-ambre-gris\/\" \/>\n<meta property=\"og:site_name\" content=\"FlavienDev Shop\" \/>\n<meta property=\"article:publisher\" content=\"https:\/\/www.facebook.com\/FlavienDev\" \/>\n<meta property=\"article:modified_time\" content=\"2026-02-17T23:07:06+00:00\" \/>\n<meta property=\"og:image\" content=\"https:\/\/flaviendev.fr\/shop\/wp-content\/uploads\/sites\/4\/2024\/07\/01050060_PAmbreGris_3.png\" \/>\n\t<meta property=\"og:image:width\" content=\"1080\" \/>\n\t<meta property=\"og:image:height\" content=\"1349\" \/>\n\t<meta property=\"og:image:type\" content=\"image\/png\" \/>\n<meta name=\"twitter:card\" content=\"summary_large_image\" \/>\n<meta name=\"twitter:site\" content=\"@FlavienDev\" \/>\n<meta name=\"twitter:label1\" content=\"Dur\u00e9e de lecture estim\u00e9e\" \/>\n\t<meta name=\"twitter:data1\" content=\"1 minute\" \/>\n<script type=\"application\/ld+json\" class=\"yoast-schema-graph\">{\"@context\":\"https:\\\/\\\/schema.org\",\"@graph\":[{\"@type\":\"WebPage\",\"@id\":\"https:\\\/\\\/flaviendev.fr\\\/shop\\\/produit\\\/parfum-homme-50ml-ambre-gris\\\/\",\"url\":\"https:\\\/\\\/flaviendev.fr\\\/shop\\\/produit\\\/parfum-homme-50ml-ambre-gris\\\/\",\"name\":\"Parfum Homme 50ml Ambre Gris &#8902; FlavienDev Shop\",\"isPartOf\":{\"@id\":\"https:\\\/\\\/flaviendev.fr\\\/shop\\\/#website\"},\"primaryImageOfPage\":{\"@id\":\"https:\\\/\\\/flaviendev.fr\\\/shop\\\/produit\\\/parfum-homme-50ml-ambre-gris\\\/#primaryimage\"},\"image\":{\"@id\":\"https:\\\/\\\/flaviendev.fr\\\/shop\\\/produit\\\/parfum-homme-50ml-ambre-gris\\\/#primaryimage\"},\"thumbnailUrl\":\"https:\\\/\\\/i0.wp.com\\\/flaviendev.fr\\\/shop\\\/wp-content\\\/uploads\\\/sites\\\/4\\\/2024\\\/07\\\/01050060_PAmbreGris_3.png?fit=1080%2C1349&ssl=1\",\"datePublished\":\"2024-07-21T17:11:42+00:00\",\"dateModified\":\"2026-02-17T23:07:06+00:00\",\"description\":\"&#8902; Une sensation d\u2019\u00e9nergie vibrante, une fra\u00eecheur pure et intense sont les sensations d\u00e9gag\u00e9es par ce parfum. Une fragrance addictive et envoutante !&#8902;\",\"breadcrumb\":{\"@id\":\"https:\\\/\\\/flaviendev.fr\\\/shop\\\/produit\\\/parfum-homme-50ml-ambre-gris\\\/#breadcrumb\"},\"inLanguage\":\"fr-FR\",\"potentialAction\":[{\"@type\":\"ReadAction\",\"target\":[\"https:\\\/\\\/flaviendev.fr\\\/shop\\\/produit\\\/parfum-homme-50ml-ambre-gris\\\/\"]}]},{\"@type\":\"ImageObject\",\"inLanguage\":\"fr-FR\",\"@id\":\"https:\\\/\\\/flaviendev.fr\\\/shop\\\/produit\\\/parfum-homme-50ml-ambre-gris\\\/#primaryimage\",\"url\":\"https:\\\/\\\/i0.wp.com\\\/flaviendev.fr\\\/shop\\\/wp-content\\\/uploads\\\/sites\\\/4\\\/2024\\\/07\\\/01050060_PAmbreGris_3.png?fit=1080%2C1349&ssl=1\",\"contentUrl\":\"https:\\\/\\\/i0.wp.com\\\/flaviendev.fr\\\/shop\\\/wp-content\\\/uploads\\\/sites\\\/4\\\/2024\\\/07\\\/01050060_PAmbreGris_3.png?fit=1080%2C1349&ssl=1\",\"width\":1080,\"height\":1349},{\"@type\":\"BreadcrumbList\",\"@id\":\"https:\\\/\\\/flaviendev.fr\\\/shop\\\/produit\\\/parfum-homme-50ml-ambre-gris\\\/#breadcrumb\",\"itemListElement\":[{\"@type\":\"ListItem\",\"position\":1,\"name\":\"Accueil\",\"item\":\"https:\\\/\\\/flaviendev.fr\\\/shop\\\/\"},{\"@type\":\"ListItem\",\"position\":2,\"name\":\"Boutique\",\"item\":\"https:\\\/\\\/flaviendev.fr\\\/shop\\\/boutique\\\/\"},{\"@type\":\"ListItem\",\"position\":3,\"name\":\"Parfum Homme 50ml Ambre Gris\"}]},{\"@type\":\"WebSite\",\"@id\":\"https:\\\/\\\/flaviendev.fr\\\/shop\\\/#website\",\"url\":\"https:\\\/\\\/flaviendev.fr\\\/shop\\\/\",\"name\":\"FlavienDev Shop\",\"description\":\"\",\"publisher\":{\"@id\":\"https:\\\/\\\/flaviendev.fr\\\/shop\\\/#organization\"},\"potentialAction\":[{\"@type\":\"SearchAction\",\"target\":{\"@type\":\"EntryPoint\",\"urlTemplate\":\"https:\\\/\\\/flaviendev.fr\\\/shop\\\/?s={search_term_string}\"},\"query-input\":{\"@type\":\"PropertyValueSpecification\",\"valueRequired\":true,\"valueName\":\"search_term_string\"}}],\"inLanguage\":\"fr-FR\"},{\"@type\":\"Organization\",\"@id\":\"https:\\\/\\\/flaviendev.fr\\\/shop\\\/#organization\",\"name\":\"FlavienDev Shop\",\"url\":\"https:\\\/\\\/flaviendev.fr\\\/shop\\\/\",\"logo\":{\"@type\":\"ImageObject\",\"inLanguage\":\"fr-FR\",\"@id\":\"https:\\\/\\\/flaviendev.fr\\\/shop\\\/#\\\/schema\\\/logo\\\/image\\\/\",\"url\":\"https:\\\/\\\/i0.wp.com\\\/flaviendev.fr\\\/shop\\\/wp-content\\\/uploads\\\/sites\\\/4\\\/2020\\\/11\\\/cropped-FlavienDev_Couverture_Twitter_Transparent.png?fit=1500%2C500&ssl=1\",\"contentUrl\":\"https:\\\/\\\/i0.wp.com\\\/flaviendev.fr\\\/shop\\\/wp-content\\\/uploads\\\/sites\\\/4\\\/2020\\\/11\\\/cropped-FlavienDev_Couverture_Twitter_Transparent.png?fit=1500%2C500&ssl=1\",\"width\":1500,\"height\":500,\"caption\":\"FlavienDev Shop\"},\"image\":{\"@id\":\"https:\\\/\\\/flaviendev.fr\\\/shop\\\/#\\\/schema\\\/logo\\\/image\\\/\"},\"sameAs\":[\"https:\\\/\\\/www.facebook.com\\\/FlavienDev\",\"https:\\\/\\\/x.com\\\/FlavienDev\",\"https:\\\/\\\/www.instagram.com\\\/flaviendev\\\/\"]}]}<\/script>\n<!-- \/ Yoast SEO plugin. -->","yoast_head_json":{"title":"Parfum Homme 50ml Ambre Gris &#8902; FlavienDev Shop","description":"&#8902; Une sensation d\u2019\u00e9nergie vibrante, une fra\u00eecheur pure et intense sont les sensations d\u00e9gag\u00e9es par ce parfum. Une fragrance addictive et envoutante !&#8902;","robots":{"index":"index","follow":"follow","max-snippet":"max-snippet:-1","max-image-preview":"max-image-preview:large","max-video-preview":"max-video-preview:-1"},"canonical":"https:\/\/flaviendev.fr\/shop\/produit\/parfum-homme-50ml-ambre-gris\/","og_locale":"fr_FR","og_type":"article","og_title":"Parfum Homme 50ml Ambre Gris &#8902; FlavienDev Shop","og_description":"&#8902; Une sensation d\u2019\u00e9nergie vibrante, une fra\u00eecheur pure et intense sont les sensations d\u00e9gag\u00e9es par ce parfum. Une fragrance addictive et envoutante !&#8902;","og_url":"https:\/\/flaviendev.fr\/shop\/produit\/parfum-homme-50ml-ambre-gris\/","og_site_name":"FlavienDev Shop","article_publisher":"https:\/\/www.facebook.com\/FlavienDev","article_modified_time":"2026-02-17T23:07:06+00:00","og_image":[{"width":1080,"height":1349,"url":"https:\/\/flaviendev.fr\/shop\/wp-content\/uploads\/sites\/4\/2024\/07\/01050060_PAmbreGris_3.png","type":"image\/png"}],"twitter_card":"summary_large_image","twitter_site":"@FlavienDev","twitter_misc":{"Dur\u00e9e de lecture estim\u00e9e":"1 minute"},"schema":{"@context":"https:\/\/schema.org","@graph":[{"@type":"WebPage","@id":"https:\/\/flaviendev.fr\/shop\/produit\/parfum-homme-50ml-ambre-gris\/","url":"https:\/\/flaviendev.fr\/shop\/produit\/parfum-homme-50ml-ambre-gris\/","name":"Parfum Homme 50ml Ambre Gris &#8902; FlavienDev Shop","isPartOf":{"@id":"https:\/\/flaviendev.fr\/shop\/#website"},"primaryImageOfPage":{"@id":"https:\/\/flaviendev.fr\/shop\/produit\/parfum-homme-50ml-ambre-gris\/#primaryimage"},"image":{"@id":"https:\/\/flaviendev.fr\/shop\/produit\/parfum-homme-50ml-ambre-gris\/#primaryimage"},"thumbnailUrl":"https:\/\/i0.wp.com\/flaviendev.fr\/shop\/wp-content\/uploads\/sites\/4\/2024\/07\/01050060_PAmbreGris_3.png?fit=1080%2C1349&ssl=1","datePublished":"2024-07-21T17:11:42+00:00","dateModified":"2026-02-17T23:07:06+00:00","description":"&#8902; Une sensation d\u2019\u00e9nergie vibrante, une fra\u00eecheur pure et intense sont les sensations d\u00e9gag\u00e9es par ce parfum. Une fragrance addictive et envoutante !&#8902;","breadcrumb":{"@id":"https:\/\/flaviendev.fr\/shop\/produit\/parfum-homme-50ml-ambre-gris\/#breadcrumb"},"inLanguage":"fr-FR","potentialAction":[{"@type":"ReadAction","target":["https:\/\/flaviendev.fr\/shop\/produit\/parfum-homme-50ml-ambre-gris\/"]}]},{"@type":"ImageObject","inLanguage":"fr-FR","@id":"https:\/\/flaviendev.fr\/shop\/produit\/parfum-homme-50ml-ambre-gris\/#primaryimage","url":"https:\/\/i0.wp.com\/flaviendev.fr\/shop\/wp-content\/uploads\/sites\/4\/2024\/07\/01050060_PAmbreGris_3.png?fit=1080%2C1349&ssl=1","contentUrl":"https:\/\/i0.wp.com\/flaviendev.fr\/shop\/wp-content\/uploads\/sites\/4\/2024\/07\/01050060_PAmbreGris_3.png?fit=1080%2C1349&ssl=1","width":1080,"height":1349},{"@type":"BreadcrumbList","@id":"https:\/\/flaviendev.fr\/shop\/produit\/parfum-homme-50ml-ambre-gris\/#breadcrumb","itemListElement":[{"@type":"ListItem","position":1,"name":"Accueil","item":"https:\/\/flaviendev.fr\/shop\/"},{"@type":"ListItem","position":2,"name":"Boutique","item":"https:\/\/flaviendev.fr\/shop\/boutique\/"},{"@type":"ListItem","position":3,"name":"Parfum Homme 50ml Ambre Gris"}]},{"@type":"WebSite","@id":"https:\/\/flaviendev.fr\/shop\/#website","url":"https:\/\/flaviendev.fr\/shop\/","name":"FlavienDev Shop","description":"","publisher":{"@id":"https:\/\/flaviendev.fr\/shop\/#organization"},"potentialAction":[{"@type":"SearchAction","target":{"@type":"EntryPoint","urlTemplate":"https:\/\/flaviendev.fr\/shop\/?s={search_term_string}"},"query-input":{"@type":"PropertyValueSpecification","valueRequired":true,"valueName":"search_term_string"}}],"inLanguage":"fr-FR"},{"@type":"Organization","@id":"https:\/\/flaviendev.fr\/shop\/#organization","name":"FlavienDev Shop","url":"https:\/\/flaviendev.fr\/shop\/","logo":{"@type":"ImageObject","inLanguage":"fr-FR","@id":"https:\/\/flaviendev.fr\/shop\/#\/schema\/logo\/image\/","url":"https:\/\/i0.wp.com\/flaviendev.fr\/shop\/wp-content\/uploads\/sites\/4\/2020\/11\/cropped-FlavienDev_Couverture_Twitter_Transparent.png?fit=1500%2C500&ssl=1","contentUrl":"https:\/\/i0.wp.com\/flaviendev.fr\/shop\/wp-content\/uploads\/sites\/4\/2020\/11\/cropped-FlavienDev_Couverture_Twitter_Transparent.png?fit=1500%2C500&ssl=1","width":1500,"height":500,"caption":"FlavienDev Shop"},"image":{"@id":"https:\/\/flaviendev.fr\/shop\/#\/schema\/logo\/image\/"},"sameAs":["https:\/\/www.facebook.com\/FlavienDev","https:\/\/x.com\/FlavienDev","https:\/\/www.instagram.com\/flaviendev\/"]}]}},"jetpack_publicize_connections":[],"jetpack_sharing_enabled":true,"_links":{"self":[{"href":"https:\/\/flaviendev.fr\/shop\/wp-json\/wp\/v2\/product\/14043","targetHints":{"allow":["GET"]}}],"collection":[{"href":"https:\/\/flaviendev.fr\/shop\/wp-json\/wp\/v2\/product"}],"about":[{"href":"https:\/\/flaviendev.fr\/shop\/wp-json\/wp\/v2\/types\/product"}],"replies":[{"embeddable":true,"href":"https:\/\/flaviendev.fr\/shop\/wp-json\/wp\/v2\/comments?post=14043"}],"wp:featuredmedia":[{"embeddable":true,"href":"https:\/\/flaviendev.fr\/shop\/wp-json\/wp\/v2\/media\/15309"}],"wp:attachment":[{"href":"https:\/\/flaviendev.fr\/shop\/wp-json\/wp\/v2\/media?parent=14043"}],"wp:term":[{"taxonomy":"product_brand","embeddable":true,"href":"https:\/\/flaviendev.fr\/shop\/wp-json\/wp\/v2\/product_brand?post=14043"},{"taxonomy":"product_cat","embeddable":true,"href":"https:\/\/flaviendev.fr\/shop\/wp-json\/wp\/v2\/product_cat?post=14043"},{"taxonomy":"product_tag","embeddable":true,"href":"https:\/\/flaviendev.fr\/shop\/wp-json\/wp\/v2\/product_tag?post=14043"},{"taxonomy":"giftcard-category","embeddable":true,"href":"https:\/\/flaviendev.fr\/shop\/wp-json\/wp\/v2\/giftcard-category?post=14043"}],"curies":[{"name":"wp","href":"https:\/\/api.w.org\/{rel}","templated":true}]}}