{"id":14512,"date":"2024-10-23T22:34:27","date_gmt":"2024-10-23T20:34:27","guid":{"rendered":"https:\/\/flaviendev.fr\/shop\/?post_type=product&#038;p=14512"},"modified":"2026-02-17T23:59:34","modified_gmt":"2026-02-17T22:59:34","slug":"parfum-femme-50ml-nuit-celeste","status":"publish","type":"product","link":"https:\/\/flaviendev.fr\/shop\/produit\/parfum-femme-50ml-nuit-celeste\/","title":{"rendered":"Parfum Femme 50ml Nuit C\u00e9leste"},"content":{"rendered":"","protected":false},"excerpt":{"rendered":"","protected":false},"featured_media":15887,"comment_status":"open","ping_status":"closed","template":"","meta":{"jetpack_publicize_message":"","jetpack_publicize_feature_enabled":true,"jetpack_social_post_already_shared":true,"jetpack_social_options":{"image_generator_settings":{"template":"highway","default_image_id":0,"font":"","enabled":false},"version":2}},"product_brand":[],"product_cat":[230,341,272,300],"product_tag":[423],"giftcard-category":[],"class_list":{"0":"post-14512","1":"product","2":"type-product","3":"status-publish","4":"has-post-thumbnail","6":"product_cat-la-boutique","7":"product_cat-parfums-parfum-femme","8":"product_cat-parfums","9":"product_cat-parfums-femme","10":"product_tag-nuit-celeste","12":"first","13":"instock","14":"taxable","15":"shipping-taxable","16":"purchasable","17":"product-type-simple"},"yoast_head":"<!-- This site is optimized with the Yoast SEO plugin v27.4 - https:\/\/yoast.com\/product\/yoast-seo-wordpress\/ -->\n<title>Parfum Femme 50ml Nuit C\u00e9leste &#8902; FlavienDev Shop<\/title>\n<meta name=\"description\" content=\"&#8902; Faites de vos r\u00eaves une r\u00e9alit\u00e9 avec &quot;Nuit C\u00e9leste&quot;, un souffle vif et lumineux qui incarne une f\u00e9minit\u00e9 irr\u00e9sistible rayonnant de confiance. &#8902;\" \/>\n<meta name=\"robots\" content=\"index, follow, max-snippet:-1, max-image-preview:large, max-video-preview:-1\" \/>\n<link rel=\"canonical\" href=\"https:\/\/flaviendev.fr\/shop\/produit\/parfum-femme-50ml-nuit-celeste\/\" \/>\n<meta property=\"og:locale\" content=\"fr_FR\" \/>\n<meta property=\"og:type\" content=\"article\" \/>\n<meta property=\"og:title\" content=\"Parfum Femme 50ml Nuit C\u00e9leste &#8902; FlavienDev Shop\" \/>\n<meta property=\"og:description\" content=\"&#8902; Faites de vos r\u00eaves une r\u00e9alit\u00e9 avec &quot;Nuit C\u00e9leste&quot;, un souffle vif et lumineux qui incarne une f\u00e9minit\u00e9 irr\u00e9sistible rayonnant de confiance. &#8902;\" \/>\n<meta property=\"og:url\" content=\"https:\/\/flaviendev.fr\/shop\/produit\/parfum-femme-50ml-nuit-celeste\/\" \/>\n<meta property=\"og:site_name\" content=\"FlavienDev Shop\" \/>\n<meta property=\"article:publisher\" content=\"https:\/\/www.facebook.com\/FlavienDev\" \/>\n<meta property=\"article:modified_time\" content=\"2026-02-17T22:59:34+00:00\" \/>\n<meta property=\"og:image\" content=\"https:\/\/flaviendev.fr\/shop\/wp-content\/uploads\/sites\/4\/2024\/10\/Parfum_NuitCeleste.png\" \/>\n\t<meta property=\"og:image:width\" content=\"1023\" \/>\n\t<meta property=\"og:image:height\" content=\"1024\" \/>\n\t<meta property=\"og:image:type\" content=\"image\/png\" \/>\n<meta name=\"twitter:card\" content=\"summary_large_image\" \/>\n<meta name=\"twitter:site\" content=\"@FlavienDev\" \/>\n<meta name=\"twitter:label1\" content=\"Dur\u00e9e de lecture estim\u00e9e\" \/>\n\t<meta name=\"twitter:data1\" content=\"1 minute\" \/>\n<script type=\"application\/ld+json\" class=\"yoast-schema-graph\">{\"@context\":\"https:\\\/\\\/schema.org\",\"@graph\":[{\"@type\":\"WebPage\",\"@id\":\"https:\\\/\\\/flaviendev.fr\\\/shop\\\/produit\\\/parfum-femme-50ml-nuit-celeste\\\/\",\"url\":\"https:\\\/\\\/flaviendev.fr\\\/shop\\\/produit\\\/parfum-femme-50ml-nuit-celeste\\\/\",\"name\":\"Parfum Femme 50ml Nuit C\u00e9leste &#8902; FlavienDev Shop\",\"isPartOf\":{\"@id\":\"https:\\\/\\\/flaviendev.fr\\\/shop\\\/#website\"},\"primaryImageOfPage\":{\"@id\":\"https:\\\/\\\/flaviendev.fr\\\/shop\\\/produit\\\/parfum-femme-50ml-nuit-celeste\\\/#primaryimage\"},\"image\":{\"@id\":\"https:\\\/\\\/flaviendev.fr\\\/shop\\\/produit\\\/parfum-femme-50ml-nuit-celeste\\\/#primaryimage\"},\"thumbnailUrl\":\"https:\\\/\\\/i0.wp.com\\\/flaviendev.fr\\\/shop\\\/wp-content\\\/uploads\\\/sites\\\/4\\\/2024\\\/10\\\/Parfum_NuitCeleste.png?fit=1023%2C1024&ssl=1\",\"datePublished\":\"2024-10-23T20:34:27+00:00\",\"dateModified\":\"2026-02-17T22:59:34+00:00\",\"description\":\"&#8902; Faites de vos r\u00eaves une r\u00e9alit\u00e9 avec \\\"Nuit C\u00e9leste\\\", un souffle vif et lumineux qui incarne une f\u00e9minit\u00e9 irr\u00e9sistible rayonnant de confiance. &#8902;\",\"breadcrumb\":{\"@id\":\"https:\\\/\\\/flaviendev.fr\\\/shop\\\/produit\\\/parfum-femme-50ml-nuit-celeste\\\/#breadcrumb\"},\"inLanguage\":\"fr-FR\",\"potentialAction\":[{\"@type\":\"ReadAction\",\"target\":[\"https:\\\/\\\/flaviendev.fr\\\/shop\\\/produit\\\/parfum-femme-50ml-nuit-celeste\\\/\"]}]},{\"@type\":\"ImageObject\",\"inLanguage\":\"fr-FR\",\"@id\":\"https:\\\/\\\/flaviendev.fr\\\/shop\\\/produit\\\/parfum-femme-50ml-nuit-celeste\\\/#primaryimage\",\"url\":\"https:\\\/\\\/i0.wp.com\\\/flaviendev.fr\\\/shop\\\/wp-content\\\/uploads\\\/sites\\\/4\\\/2024\\\/10\\\/Parfum_NuitCeleste.png?fit=1023%2C1024&ssl=1\",\"contentUrl\":\"https:\\\/\\\/i0.wp.com\\\/flaviendev.fr\\\/shop\\\/wp-content\\\/uploads\\\/sites\\\/4\\\/2024\\\/10\\\/Parfum_NuitCeleste.png?fit=1023%2C1024&ssl=1\",\"width\":1023,\"height\":1024},{\"@type\":\"BreadcrumbList\",\"@id\":\"https:\\\/\\\/flaviendev.fr\\\/shop\\\/produit\\\/parfum-femme-50ml-nuit-celeste\\\/#breadcrumb\",\"itemListElement\":[{\"@type\":\"ListItem\",\"position\":1,\"name\":\"Accueil\",\"item\":\"https:\\\/\\\/flaviendev.fr\\\/shop\\\/\"},{\"@type\":\"ListItem\",\"position\":2,\"name\":\"Boutique\",\"item\":\"https:\\\/\\\/flaviendev.fr\\\/shop\\\/boutique\\\/\"},{\"@type\":\"ListItem\",\"position\":3,\"name\":\"Parfum Femme 50ml Nuit C\u00e9leste\"}]},{\"@type\":\"WebSite\",\"@id\":\"https:\\\/\\\/flaviendev.fr\\\/shop\\\/#website\",\"url\":\"https:\\\/\\\/flaviendev.fr\\\/shop\\\/\",\"name\":\"FlavienDev Shop\",\"description\":\"\",\"publisher\":{\"@id\":\"https:\\\/\\\/flaviendev.fr\\\/shop\\\/#organization\"},\"potentialAction\":[{\"@type\":\"SearchAction\",\"target\":{\"@type\":\"EntryPoint\",\"urlTemplate\":\"https:\\\/\\\/flaviendev.fr\\\/shop\\\/?s={search_term_string}\"},\"query-input\":{\"@type\":\"PropertyValueSpecification\",\"valueRequired\":true,\"valueName\":\"search_term_string\"}}],\"inLanguage\":\"fr-FR\"},{\"@type\":\"Organization\",\"@id\":\"https:\\\/\\\/flaviendev.fr\\\/shop\\\/#organization\",\"name\":\"FlavienDev Shop\",\"url\":\"https:\\\/\\\/flaviendev.fr\\\/shop\\\/\",\"logo\":{\"@type\":\"ImageObject\",\"inLanguage\":\"fr-FR\",\"@id\":\"https:\\\/\\\/flaviendev.fr\\\/shop\\\/#\\\/schema\\\/logo\\\/image\\\/\",\"url\":\"https:\\\/\\\/i0.wp.com\\\/flaviendev.fr\\\/shop\\\/wp-content\\\/uploads\\\/sites\\\/4\\\/2020\\\/11\\\/cropped-FlavienDev_Couverture_Twitter_Transparent.png?fit=1500%2C500&ssl=1\",\"contentUrl\":\"https:\\\/\\\/i0.wp.com\\\/flaviendev.fr\\\/shop\\\/wp-content\\\/uploads\\\/sites\\\/4\\\/2020\\\/11\\\/cropped-FlavienDev_Couverture_Twitter_Transparent.png?fit=1500%2C500&ssl=1\",\"width\":1500,\"height\":500,\"caption\":\"FlavienDev Shop\"},\"image\":{\"@id\":\"https:\\\/\\\/flaviendev.fr\\\/shop\\\/#\\\/schema\\\/logo\\\/image\\\/\"},\"sameAs\":[\"https:\\\/\\\/www.facebook.com\\\/FlavienDev\",\"https:\\\/\\\/x.com\\\/FlavienDev\",\"https:\\\/\\\/www.instagram.com\\\/flaviendev\\\/\"]}]}<\/script>\n<!-- \/ Yoast SEO plugin. -->","yoast_head_json":{"title":"Parfum Femme 50ml Nuit C\u00e9leste &#8902; FlavienDev Shop","description":"&#8902; Faites de vos r\u00eaves une r\u00e9alit\u00e9 avec \"Nuit C\u00e9leste\", un souffle vif et lumineux qui incarne une f\u00e9minit\u00e9 irr\u00e9sistible rayonnant de confiance. &#8902;","robots":{"index":"index","follow":"follow","max-snippet":"max-snippet:-1","max-image-preview":"max-image-preview:large","max-video-preview":"max-video-preview:-1"},"canonical":"https:\/\/flaviendev.fr\/shop\/produit\/parfum-femme-50ml-nuit-celeste\/","og_locale":"fr_FR","og_type":"article","og_title":"Parfum Femme 50ml Nuit C\u00e9leste &#8902; FlavienDev Shop","og_description":"&#8902; Faites de vos r\u00eaves une r\u00e9alit\u00e9 avec \"Nuit C\u00e9leste\", un souffle vif et lumineux qui incarne une f\u00e9minit\u00e9 irr\u00e9sistible rayonnant de confiance. &#8902;","og_url":"https:\/\/flaviendev.fr\/shop\/produit\/parfum-femme-50ml-nuit-celeste\/","og_site_name":"FlavienDev Shop","article_publisher":"https:\/\/www.facebook.com\/FlavienDev","article_modified_time":"2026-02-17T22:59:34+00:00","og_image":[{"width":1023,"height":1024,"url":"https:\/\/flaviendev.fr\/shop\/wp-content\/uploads\/sites\/4\/2024\/10\/Parfum_NuitCeleste.png","type":"image\/png"}],"twitter_card":"summary_large_image","twitter_site":"@FlavienDev","twitter_misc":{"Dur\u00e9e de lecture estim\u00e9e":"1 minute"},"schema":{"@context":"https:\/\/schema.org","@graph":[{"@type":"WebPage","@id":"https:\/\/flaviendev.fr\/shop\/produit\/parfum-femme-50ml-nuit-celeste\/","url":"https:\/\/flaviendev.fr\/shop\/produit\/parfum-femme-50ml-nuit-celeste\/","name":"Parfum Femme 50ml Nuit C\u00e9leste &#8902; FlavienDev Shop","isPartOf":{"@id":"https:\/\/flaviendev.fr\/shop\/#website"},"primaryImageOfPage":{"@id":"https:\/\/flaviendev.fr\/shop\/produit\/parfum-femme-50ml-nuit-celeste\/#primaryimage"},"image":{"@id":"https:\/\/flaviendev.fr\/shop\/produit\/parfum-femme-50ml-nuit-celeste\/#primaryimage"},"thumbnailUrl":"https:\/\/i0.wp.com\/flaviendev.fr\/shop\/wp-content\/uploads\/sites\/4\/2024\/10\/Parfum_NuitCeleste.png?fit=1023%2C1024&ssl=1","datePublished":"2024-10-23T20:34:27+00:00","dateModified":"2026-02-17T22:59:34+00:00","description":"&#8902; Faites de vos r\u00eaves une r\u00e9alit\u00e9 avec \"Nuit C\u00e9leste\", un souffle vif et lumineux qui incarne une f\u00e9minit\u00e9 irr\u00e9sistible rayonnant de confiance. &#8902;","breadcrumb":{"@id":"https:\/\/flaviendev.fr\/shop\/produit\/parfum-femme-50ml-nuit-celeste\/#breadcrumb"},"inLanguage":"fr-FR","potentialAction":[{"@type":"ReadAction","target":["https:\/\/flaviendev.fr\/shop\/produit\/parfum-femme-50ml-nuit-celeste\/"]}]},{"@type":"ImageObject","inLanguage":"fr-FR","@id":"https:\/\/flaviendev.fr\/shop\/produit\/parfum-femme-50ml-nuit-celeste\/#primaryimage","url":"https:\/\/i0.wp.com\/flaviendev.fr\/shop\/wp-content\/uploads\/sites\/4\/2024\/10\/Parfum_NuitCeleste.png?fit=1023%2C1024&ssl=1","contentUrl":"https:\/\/i0.wp.com\/flaviendev.fr\/shop\/wp-content\/uploads\/sites\/4\/2024\/10\/Parfum_NuitCeleste.png?fit=1023%2C1024&ssl=1","width":1023,"height":1024},{"@type":"BreadcrumbList","@id":"https:\/\/flaviendev.fr\/shop\/produit\/parfum-femme-50ml-nuit-celeste\/#breadcrumb","itemListElement":[{"@type":"ListItem","position":1,"name":"Accueil","item":"https:\/\/flaviendev.fr\/shop\/"},{"@type":"ListItem","position":2,"name":"Boutique","item":"https:\/\/flaviendev.fr\/shop\/boutique\/"},{"@type":"ListItem","position":3,"name":"Parfum Femme 50ml Nuit C\u00e9leste"}]},{"@type":"WebSite","@id":"https:\/\/flaviendev.fr\/shop\/#website","url":"https:\/\/flaviendev.fr\/shop\/","name":"FlavienDev Shop","description":"","publisher":{"@id":"https:\/\/flaviendev.fr\/shop\/#organization"},"potentialAction":[{"@type":"SearchAction","target":{"@type":"EntryPoint","urlTemplate":"https:\/\/flaviendev.fr\/shop\/?s={search_term_string}"},"query-input":{"@type":"PropertyValueSpecification","valueRequired":true,"valueName":"search_term_string"}}],"inLanguage":"fr-FR"},{"@type":"Organization","@id":"https:\/\/flaviendev.fr\/shop\/#organization","name":"FlavienDev Shop","url":"https:\/\/flaviendev.fr\/shop\/","logo":{"@type":"ImageObject","inLanguage":"fr-FR","@id":"https:\/\/flaviendev.fr\/shop\/#\/schema\/logo\/image\/","url":"https:\/\/i0.wp.com\/flaviendev.fr\/shop\/wp-content\/uploads\/sites\/4\/2020\/11\/cropped-FlavienDev_Couverture_Twitter_Transparent.png?fit=1500%2C500&ssl=1","contentUrl":"https:\/\/i0.wp.com\/flaviendev.fr\/shop\/wp-content\/uploads\/sites\/4\/2020\/11\/cropped-FlavienDev_Couverture_Twitter_Transparent.png?fit=1500%2C500&ssl=1","width":1500,"height":500,"caption":"FlavienDev Shop"},"image":{"@id":"https:\/\/flaviendev.fr\/shop\/#\/schema\/logo\/image\/"},"sameAs":["https:\/\/www.facebook.com\/FlavienDev","https:\/\/x.com\/FlavienDev","https:\/\/www.instagram.com\/flaviendev\/"]}]}},"jetpack_publicize_connections":[],"jetpack_sharing_enabled":true,"_links":{"self":[{"href":"https:\/\/flaviendev.fr\/shop\/wp-json\/wp\/v2\/product\/14512","targetHints":{"allow":["GET"]}}],"collection":[{"href":"https:\/\/flaviendev.fr\/shop\/wp-json\/wp\/v2\/product"}],"about":[{"href":"https:\/\/flaviendev.fr\/shop\/wp-json\/wp\/v2\/types\/product"}],"replies":[{"embeddable":true,"href":"https:\/\/flaviendev.fr\/shop\/wp-json\/wp\/v2\/comments?post=14512"}],"wp:featuredmedia":[{"embeddable":true,"href":"https:\/\/flaviendev.fr\/shop\/wp-json\/wp\/v2\/media\/15887"}],"wp:attachment":[{"href":"https:\/\/flaviendev.fr\/shop\/wp-json\/wp\/v2\/media?parent=14512"}],"wp:term":[{"taxonomy":"product_brand","embeddable":true,"href":"https:\/\/flaviendev.fr\/shop\/wp-json\/wp\/v2\/product_brand?post=14512"},{"taxonomy":"product_cat","embeddable":true,"href":"https:\/\/flaviendev.fr\/shop\/wp-json\/wp\/v2\/product_cat?post=14512"},{"taxonomy":"product_tag","embeddable":true,"href":"https:\/\/flaviendev.fr\/shop\/wp-json\/wp\/v2\/product_tag?post=14512"},{"taxonomy":"giftcard-category","embeddable":true,"href":"https:\/\/flaviendev.fr\/shop\/wp-json\/wp\/v2\/giftcard-category?post=14512"}],"curies":[{"name":"wp","href":"https:\/\/api.w.org\/{rel}","templated":true}]}}