{"id":16022,"date":"2026-04-19T14:42:41","date_gmt":"2026-04-19T12:42:41","guid":{"rendered":"https:\/\/flaviendev.fr\/shop\/?post_type=product&#038;p=16022"},"modified":"2026-04-19T15:10:25","modified_gmt":"2026-04-19T13:10:25","slug":"coffret-monoi-de-tahiti-brume-huile-parfum-cheveux-100ml-rituel-sensoriel-complet","status":"publish","type":"product","link":"https:\/\/flaviendev.fr\/shop\/produit\/coffret-monoi-de-tahiti-brume-huile-parfum-cheveux-100ml-rituel-sensoriel-complet\/","title":{"rendered":"Coffret Mono\u00ef de Tahiti \u2013 Brume, Huile &#038; Parfum Cheveux 100ml | Rituel Sensoriel Complet"},"content":{"rendered":"","protected":false},"excerpt":{"rendered":"","protected":false},"featured_media":16023,"comment_status":"open","ping_status":"closed","template":"","meta":{"jetpack_publicize_message":"","jetpack_publicize_feature_enabled":true,"jetpack_social_post_already_shared":true,"jetpack_social_options":{"image_generator_settings":{"template":"highway","default_image_id":0,"font":"","enabled":false},"version":2}},"product_brand":[499],"product_cat":[273,266,338,292,230,339,291,272,297,300],"product_tag":[285],"giftcard-category":[],"class_list":{"0":"post-16022","1":"product","2":"type-product","3":"status-publish","4":"has-post-thumbnail","6":"product_brand-marcus-spurway","7":"product_cat-brumes-parfumees","8":"product_cat-cosmetiques","9":"product_cat-douche-corps-femme","10":"product_cat-edition-limitee","11":"product_cat-la-boutique","12":"product_cat-la-selection-du-parfumeur","13":"product_cat-offres","14":"product_cat-parfums","15":"product_cat-parfums-cheveux","16":"product_cat-parfums-femme","17":"product_tag-monoi-de-tahiti","19":"first","20":"onbackorder","21":"sale","22":"taxable","23":"shipping-taxable","24":"purchasable","25":"product-type-simple"},"yoast_head":"<!-- This site is optimized with the Yoast SEO plugin v27.4 - https:\/\/yoast.com\/product\/yoast-seo-wordpress\/ -->\n<title>Coffret Mono\u00ef de Tahiti \u2013 Gommage &amp; Douche Parfum\u00e9e &#8902; FlavienDev Shop<\/title>\n<meta name=\"description\" content=\"&#8902; Coffret Mono\u00ef de Tahiti : gommage corps + douche parfum\u00e9e pour une peau douce, exfoli\u00e9e et d\u00e9licatement parfum\u00e9e aux notes solaires. &#8902;\" \/>\n<meta name=\"robots\" content=\"index, follow, max-snippet:-1, max-image-preview:large, max-video-preview:-1\" \/>\n<link rel=\"canonical\" href=\"https:\/\/flaviendev.fr\/shop\/produit\/coffret-monoi-de-tahiti-brume-huile-parfum-cheveux-100ml-rituel-sensoriel-complet\/\" \/>\n<meta property=\"og:locale\" content=\"fr_FR\" \/>\n<meta property=\"og:type\" content=\"article\" \/>\n<meta property=\"og:title\" content=\"Coffret Mono\u00ef de Tahiti \u2013 Gommage &amp; Douche Parfum\u00e9e &#8902; FlavienDev Shop\" \/>\n<meta property=\"og:description\" content=\"&#8902; Coffret Mono\u00ef de Tahiti : gommage corps + douche parfum\u00e9e pour une peau douce, exfoli\u00e9e et d\u00e9licatement parfum\u00e9e aux notes solaires. &#8902;\" \/>\n<meta property=\"og:url\" content=\"https:\/\/flaviendev.fr\/shop\/produit\/coffret-monoi-de-tahiti-brume-huile-parfum-cheveux-100ml-rituel-sensoriel-complet\/\" \/>\n<meta property=\"og:site_name\" content=\"FlavienDev Shop\" \/>\n<meta property=\"article:publisher\" content=\"https:\/\/www.facebook.com\/FlavienDev\" \/>\n<meta property=\"article:modified_time\" content=\"2026-04-19T13:10:25+00:00\" \/>\n<meta property=\"og:image\" content=\"https:\/\/flaviendev.fr\/shop\/wp-content\/uploads\/sites\/4\/2026\/04\/TrioBrumeHuileCheveux_MonoiDeTahiti.jpg.png\" \/>\n\t<meta property=\"og:image:width\" content=\"1076\" \/>\n\t<meta property=\"og:image:height\" content=\"1076\" \/>\n\t<meta property=\"og:image:type\" content=\"image\/png\" \/>\n<meta name=\"twitter:card\" content=\"summary_large_image\" \/>\n<meta name=\"twitter:site\" content=\"@FlavienDev\" \/>\n<meta name=\"twitter:label1\" content=\"Dur\u00e9e de lecture estim\u00e9e\" \/>\n\t<meta name=\"twitter:data1\" content=\"1 minute\" \/>\n<script type=\"application\/ld+json\" class=\"yoast-schema-graph\">{\"@context\":\"https:\\\/\\\/schema.org\",\"@graph\":[{\"@type\":\"WebPage\",\"@id\":\"https:\\\/\\\/flaviendev.fr\\\/shop\\\/produit\\\/coffret-monoi-de-tahiti-brume-huile-parfum-cheveux-100ml-rituel-sensoriel-complet\\\/\",\"url\":\"https:\\\/\\\/flaviendev.fr\\\/shop\\\/produit\\\/coffret-monoi-de-tahiti-brume-huile-parfum-cheveux-100ml-rituel-sensoriel-complet\\\/\",\"name\":\"Coffret Mono\u00ef de Tahiti \u2013 Gommage & Douche Parfum\u00e9e &#8902; FlavienDev Shop\",\"isPartOf\":{\"@id\":\"https:\\\/\\\/flaviendev.fr\\\/shop\\\/#website\"},\"primaryImageOfPage\":{\"@id\":\"https:\\\/\\\/flaviendev.fr\\\/shop\\\/produit\\\/coffret-monoi-de-tahiti-brume-huile-parfum-cheveux-100ml-rituel-sensoriel-complet\\\/#primaryimage\"},\"image\":{\"@id\":\"https:\\\/\\\/flaviendev.fr\\\/shop\\\/produit\\\/coffret-monoi-de-tahiti-brume-huile-parfum-cheveux-100ml-rituel-sensoriel-complet\\\/#primaryimage\"},\"thumbnailUrl\":\"https:\\\/\\\/i0.wp.com\\\/flaviendev.fr\\\/shop\\\/wp-content\\\/uploads\\\/sites\\\/4\\\/2026\\\/04\\\/TrioBrumeHuileCheveux_MonoiDeTahiti.jpg.png?fit=1076%2C1076&ssl=1\",\"datePublished\":\"2026-04-19T12:42:41+00:00\",\"dateModified\":\"2026-04-19T13:10:25+00:00\",\"description\":\"&#8902; Coffret Mono\u00ef de Tahiti : gommage corps + douche parfum\u00e9e pour une peau douce, exfoli\u00e9e et d\u00e9licatement parfum\u00e9e aux notes solaires. &#8902;\",\"breadcrumb\":{\"@id\":\"https:\\\/\\\/flaviendev.fr\\\/shop\\\/produit\\\/coffret-monoi-de-tahiti-brume-huile-parfum-cheveux-100ml-rituel-sensoriel-complet\\\/#breadcrumb\"},\"inLanguage\":\"fr-FR\",\"potentialAction\":[{\"@type\":\"ReadAction\",\"target\":[\"https:\\\/\\\/flaviendev.fr\\\/shop\\\/produit\\\/coffret-monoi-de-tahiti-brume-huile-parfum-cheveux-100ml-rituel-sensoriel-complet\\\/\"]}]},{\"@type\":\"ImageObject\",\"inLanguage\":\"fr-FR\",\"@id\":\"https:\\\/\\\/flaviendev.fr\\\/shop\\\/produit\\\/coffret-monoi-de-tahiti-brume-huile-parfum-cheveux-100ml-rituel-sensoriel-complet\\\/#primaryimage\",\"url\":\"https:\\\/\\\/i0.wp.com\\\/flaviendev.fr\\\/shop\\\/wp-content\\\/uploads\\\/sites\\\/4\\\/2026\\\/04\\\/TrioBrumeHuileCheveux_MonoiDeTahiti.jpg.png?fit=1076%2C1076&ssl=1\",\"contentUrl\":\"https:\\\/\\\/i0.wp.com\\\/flaviendev.fr\\\/shop\\\/wp-content\\\/uploads\\\/sites\\\/4\\\/2026\\\/04\\\/TrioBrumeHuileCheveux_MonoiDeTahiti.jpg.png?fit=1076%2C1076&ssl=1\",\"width\":1076,\"height\":1076},{\"@type\":\"BreadcrumbList\",\"@id\":\"https:\\\/\\\/flaviendev.fr\\\/shop\\\/produit\\\/coffret-monoi-de-tahiti-brume-huile-parfum-cheveux-100ml-rituel-sensoriel-complet\\\/#breadcrumb\",\"itemListElement\":[{\"@type\":\"ListItem\",\"position\":1,\"name\":\"Accueil\",\"item\":\"https:\\\/\\\/flaviendev.fr\\\/shop\\\/\"},{\"@type\":\"ListItem\",\"position\":2,\"name\":\"Boutique\",\"item\":\"https:\\\/\\\/flaviendev.fr\\\/shop\\\/boutique\\\/\"},{\"@type\":\"ListItem\",\"position\":3,\"name\":\"Coffret Mono\u00ef de Tahiti \u2013 Brume, Huile &#038; Parfum Cheveux 100ml | Rituel Sensoriel Complet\"}]},{\"@type\":\"WebSite\",\"@id\":\"https:\\\/\\\/flaviendev.fr\\\/shop\\\/#website\",\"url\":\"https:\\\/\\\/flaviendev.fr\\\/shop\\\/\",\"name\":\"FlavienDev Shop\",\"description\":\"\",\"publisher\":{\"@id\":\"https:\\\/\\\/flaviendev.fr\\\/shop\\\/#organization\"},\"potentialAction\":[{\"@type\":\"SearchAction\",\"target\":{\"@type\":\"EntryPoint\",\"urlTemplate\":\"https:\\\/\\\/flaviendev.fr\\\/shop\\\/?s={search_term_string}\"},\"query-input\":{\"@type\":\"PropertyValueSpecification\",\"valueRequired\":true,\"valueName\":\"search_term_string\"}}],\"inLanguage\":\"fr-FR\"},{\"@type\":\"Organization\",\"@id\":\"https:\\\/\\\/flaviendev.fr\\\/shop\\\/#organization\",\"name\":\"FlavienDev Shop\",\"url\":\"https:\\\/\\\/flaviendev.fr\\\/shop\\\/\",\"logo\":{\"@type\":\"ImageObject\",\"inLanguage\":\"fr-FR\",\"@id\":\"https:\\\/\\\/flaviendev.fr\\\/shop\\\/#\\\/schema\\\/logo\\\/image\\\/\",\"url\":\"https:\\\/\\\/i0.wp.com\\\/flaviendev.fr\\\/shop\\\/wp-content\\\/uploads\\\/sites\\\/4\\\/2020\\\/11\\\/cropped-FlavienDev_Couverture_Twitter_Transparent.png?fit=1500%2C500&ssl=1\",\"contentUrl\":\"https:\\\/\\\/i0.wp.com\\\/flaviendev.fr\\\/shop\\\/wp-content\\\/uploads\\\/sites\\\/4\\\/2020\\\/11\\\/cropped-FlavienDev_Couverture_Twitter_Transparent.png?fit=1500%2C500&ssl=1\",\"width\":1500,\"height\":500,\"caption\":\"FlavienDev Shop\"},\"image\":{\"@id\":\"https:\\\/\\\/flaviendev.fr\\\/shop\\\/#\\\/schema\\\/logo\\\/image\\\/\"},\"sameAs\":[\"https:\\\/\\\/www.facebook.com\\\/FlavienDev\",\"https:\\\/\\\/x.com\\\/FlavienDev\",\"https:\\\/\\\/www.instagram.com\\\/flaviendev\\\/\"]}]}<\/script>\n<!-- \/ Yoast SEO plugin. -->","yoast_head_json":{"title":"Coffret Mono\u00ef de Tahiti \u2013 Gommage & Douche Parfum\u00e9e &#8902; FlavienDev Shop","description":"&#8902; Coffret Mono\u00ef de Tahiti : gommage corps + douche parfum\u00e9e pour une peau douce, exfoli\u00e9e et d\u00e9licatement parfum\u00e9e aux notes solaires. &#8902;","robots":{"index":"index","follow":"follow","max-snippet":"max-snippet:-1","max-image-preview":"max-image-preview:large","max-video-preview":"max-video-preview:-1"},"canonical":"https:\/\/flaviendev.fr\/shop\/produit\/coffret-monoi-de-tahiti-brume-huile-parfum-cheveux-100ml-rituel-sensoriel-complet\/","og_locale":"fr_FR","og_type":"article","og_title":"Coffret Mono\u00ef de Tahiti \u2013 Gommage & Douche Parfum\u00e9e &#8902; FlavienDev Shop","og_description":"&#8902; Coffret Mono\u00ef de Tahiti : gommage corps + douche parfum\u00e9e pour une peau douce, exfoli\u00e9e et d\u00e9licatement parfum\u00e9e aux notes solaires. &#8902;","og_url":"https:\/\/flaviendev.fr\/shop\/produit\/coffret-monoi-de-tahiti-brume-huile-parfum-cheveux-100ml-rituel-sensoriel-complet\/","og_site_name":"FlavienDev Shop","article_publisher":"https:\/\/www.facebook.com\/FlavienDev","article_modified_time":"2026-04-19T13:10:25+00:00","og_image":[{"width":1076,"height":1076,"url":"https:\/\/flaviendev.fr\/shop\/wp-content\/uploads\/sites\/4\/2026\/04\/TrioBrumeHuileCheveux_MonoiDeTahiti.jpg.png","type":"image\/png"}],"twitter_card":"summary_large_image","twitter_site":"@FlavienDev","twitter_misc":{"Dur\u00e9e de lecture estim\u00e9e":"1 minute"},"schema":{"@context":"https:\/\/schema.org","@graph":[{"@type":"WebPage","@id":"https:\/\/flaviendev.fr\/shop\/produit\/coffret-monoi-de-tahiti-brume-huile-parfum-cheveux-100ml-rituel-sensoriel-complet\/","url":"https:\/\/flaviendev.fr\/shop\/produit\/coffret-monoi-de-tahiti-brume-huile-parfum-cheveux-100ml-rituel-sensoriel-complet\/","name":"Coffret Mono\u00ef de Tahiti \u2013 Gommage & Douche Parfum\u00e9e &#8902; FlavienDev Shop","isPartOf":{"@id":"https:\/\/flaviendev.fr\/shop\/#website"},"primaryImageOfPage":{"@id":"https:\/\/flaviendev.fr\/shop\/produit\/coffret-monoi-de-tahiti-brume-huile-parfum-cheveux-100ml-rituel-sensoriel-complet\/#primaryimage"},"image":{"@id":"https:\/\/flaviendev.fr\/shop\/produit\/coffret-monoi-de-tahiti-brume-huile-parfum-cheveux-100ml-rituel-sensoriel-complet\/#primaryimage"},"thumbnailUrl":"https:\/\/i0.wp.com\/flaviendev.fr\/shop\/wp-content\/uploads\/sites\/4\/2026\/04\/TrioBrumeHuileCheveux_MonoiDeTahiti.jpg.png?fit=1076%2C1076&ssl=1","datePublished":"2026-04-19T12:42:41+00:00","dateModified":"2026-04-19T13:10:25+00:00","description":"&#8902; Coffret Mono\u00ef de Tahiti : gommage corps + douche parfum\u00e9e pour une peau douce, exfoli\u00e9e et d\u00e9licatement parfum\u00e9e aux notes solaires. &#8902;","breadcrumb":{"@id":"https:\/\/flaviendev.fr\/shop\/produit\/coffret-monoi-de-tahiti-brume-huile-parfum-cheveux-100ml-rituel-sensoriel-complet\/#breadcrumb"},"inLanguage":"fr-FR","potentialAction":[{"@type":"ReadAction","target":["https:\/\/flaviendev.fr\/shop\/produit\/coffret-monoi-de-tahiti-brume-huile-parfum-cheveux-100ml-rituel-sensoriel-complet\/"]}]},{"@type":"ImageObject","inLanguage":"fr-FR","@id":"https:\/\/flaviendev.fr\/shop\/produit\/coffret-monoi-de-tahiti-brume-huile-parfum-cheveux-100ml-rituel-sensoriel-complet\/#primaryimage","url":"https:\/\/i0.wp.com\/flaviendev.fr\/shop\/wp-content\/uploads\/sites\/4\/2026\/04\/TrioBrumeHuileCheveux_MonoiDeTahiti.jpg.png?fit=1076%2C1076&ssl=1","contentUrl":"https:\/\/i0.wp.com\/flaviendev.fr\/shop\/wp-content\/uploads\/sites\/4\/2026\/04\/TrioBrumeHuileCheveux_MonoiDeTahiti.jpg.png?fit=1076%2C1076&ssl=1","width":1076,"height":1076},{"@type":"BreadcrumbList","@id":"https:\/\/flaviendev.fr\/shop\/produit\/coffret-monoi-de-tahiti-brume-huile-parfum-cheveux-100ml-rituel-sensoriel-complet\/#breadcrumb","itemListElement":[{"@type":"ListItem","position":1,"name":"Accueil","item":"https:\/\/flaviendev.fr\/shop\/"},{"@type":"ListItem","position":2,"name":"Boutique","item":"https:\/\/flaviendev.fr\/shop\/boutique\/"},{"@type":"ListItem","position":3,"name":"Coffret Mono\u00ef de Tahiti \u2013 Brume, Huile &#038; Parfum Cheveux 100ml | Rituel Sensoriel Complet"}]},{"@type":"WebSite","@id":"https:\/\/flaviendev.fr\/shop\/#website","url":"https:\/\/flaviendev.fr\/shop\/","name":"FlavienDev Shop","description":"","publisher":{"@id":"https:\/\/flaviendev.fr\/shop\/#organization"},"potentialAction":[{"@type":"SearchAction","target":{"@type":"EntryPoint","urlTemplate":"https:\/\/flaviendev.fr\/shop\/?s={search_term_string}"},"query-input":{"@type":"PropertyValueSpecification","valueRequired":true,"valueName":"search_term_string"}}],"inLanguage":"fr-FR"},{"@type":"Organization","@id":"https:\/\/flaviendev.fr\/shop\/#organization","name":"FlavienDev Shop","url":"https:\/\/flaviendev.fr\/shop\/","logo":{"@type":"ImageObject","inLanguage":"fr-FR","@id":"https:\/\/flaviendev.fr\/shop\/#\/schema\/logo\/image\/","url":"https:\/\/i0.wp.com\/flaviendev.fr\/shop\/wp-content\/uploads\/sites\/4\/2020\/11\/cropped-FlavienDev_Couverture_Twitter_Transparent.png?fit=1500%2C500&ssl=1","contentUrl":"https:\/\/i0.wp.com\/flaviendev.fr\/shop\/wp-content\/uploads\/sites\/4\/2020\/11\/cropped-FlavienDev_Couverture_Twitter_Transparent.png?fit=1500%2C500&ssl=1","width":1500,"height":500,"caption":"FlavienDev Shop"},"image":{"@id":"https:\/\/flaviendev.fr\/shop\/#\/schema\/logo\/image\/"},"sameAs":["https:\/\/www.facebook.com\/FlavienDev","https:\/\/x.com\/FlavienDev","https:\/\/www.instagram.com\/flaviendev\/"]}]}},"jetpack_publicize_connections":[],"jetpack_sharing_enabled":true,"_links":{"self":[{"href":"https:\/\/flaviendev.fr\/shop\/wp-json\/wp\/v2\/product\/16022","targetHints":{"allow":["GET"]}}],"collection":[{"href":"https:\/\/flaviendev.fr\/shop\/wp-json\/wp\/v2\/product"}],"about":[{"href":"https:\/\/flaviendev.fr\/shop\/wp-json\/wp\/v2\/types\/product"}],"replies":[{"embeddable":true,"href":"https:\/\/flaviendev.fr\/shop\/wp-json\/wp\/v2\/comments?post=16022"}],"wp:featuredmedia":[{"embeddable":true,"href":"https:\/\/flaviendev.fr\/shop\/wp-json\/wp\/v2\/media\/16023"}],"wp:attachment":[{"href":"https:\/\/flaviendev.fr\/shop\/wp-json\/wp\/v2\/media?parent=16022"}],"wp:term":[{"taxonomy":"product_brand","embeddable":true,"href":"https:\/\/flaviendev.fr\/shop\/wp-json\/wp\/v2\/product_brand?post=16022"},{"taxonomy":"product_cat","embeddable":true,"href":"https:\/\/flaviendev.fr\/shop\/wp-json\/wp\/v2\/product_cat?post=16022"},{"taxonomy":"product_tag","embeddable":true,"href":"https:\/\/flaviendev.fr\/shop\/wp-json\/wp\/v2\/product_tag?post=16022"},{"taxonomy":"giftcard-category","embeddable":true,"href":"https:\/\/flaviendev.fr\/shop\/wp-json\/wp\/v2\/giftcard-category?post=16022"}],"curies":[{"name":"wp","href":"https:\/\/api.w.org\/{rel}","templated":true}]}}