{"id":8103,"date":"2020-12-19T18:13:47","date_gmt":"2020-12-19T17:13:47","guid":{"rendered":"https:\/\/flaviendev.fr\/shop\/?post_type=product&#038;p=8103"},"modified":"2021-11-11T20:05:07","modified_gmt":"2021-11-11T19:05:07","slug":"premium","status":"publish","type":"product","link":"https:\/\/flaviendev.fr\/shop\/produit\/premium\/","title":{"rendered":"Premium"},"content":{"rendered":"<p>Adh\u00e9rez \u00e0 l&#8217;abonnement <strong>Premium<\/strong> vous simplifie la vie :<\/p>\n<ul>\n<li><strong>La livraison est gratuite :<\/strong>\n<ul>\n<li><strong>0\u20ac<\/strong> de frais de livraisons,<\/li>\n<li>Commandez de mani\u00e8re <strong>illimit\u00e9e<\/strong> sans payer la livraison,<\/li>\n<li>Livraison valable dans <strong>toute la France et en Belgique<\/strong>.<\/li>\n<\/ul>\n<\/li>\n<li><strong>Acc\u00e8s au blog toute l&#8217;ann\u00e9e :<\/strong>\n<ul>\n<li>Profitez d&#8217;un <strong>acc\u00e8s au blog<\/strong> tout au long de l&#8217;ann\u00e9e,<\/li>\n<li>Des articles sur tous les sujets.<\/li>\n<\/ul>\n<\/li>\n<\/ul>\n<p>Si vous souhaitez pouvoir cumuler votre avantage avec des codes promo, mais aussi avoir acc\u00e8s \u00e0 des ventes priv\u00e9es, obtenir des r\u00e9ductions exclusives, &#8230;, nous vous conseillons de jeter un \u0153il \u00e0 l&#8217;offre <a href=\"https:\/\/flaviendev.fr\/shop\/produit\/premium-plus\/\" target=\"_blank\" rel=\"noopener\"><strong>Premium+<\/strong><\/a> !<\/p>\n","protected":false},"excerpt":{"rendered":"<p>Adh\u00e9rez \u00e0 l&#8217;abonnement Premium vous simplifie la vie : La livraison est gratuite : 0\u20ac de frais de livraisons, Commandez de mani\u00e8re illimit\u00e9e sans payer la livraison, Livraison valable dans toute la France et en Belgique. Acc\u00e8s au blog toute l&#8217;ann\u00e9e : Profitez d&#8217;un acc\u00e8s au blog tout au long de l&#8217;ann\u00e9e, Des articles sur<a class=\"more-link\" href=\"https:\/\/flaviendev.fr\/shop\/produit\/premium\/\">Lire la suite \u27f6<\/a><\/p>\n","protected":false},"featured_media":10087,"comment_status":"open","ping_status":"closed","template":"","meta":{"jetpack_publicize_message":"","jetpack_publicize_feature_enabled":true,"jetpack_social_post_already_shared":false,"jetpack_social_options":{"image_generator_settings":{"template":"highway","default_image_id":0,"font":"","enabled":false},"version":2}},"product_brand":[],"product_cat":[150],"product_tag":[],"giftcard-category":[],"class_list":{"0":"post-8103","1":"product","2":"type-product","3":"status-publish","4":"has-post-thumbnail","6":"product_cat-abonnements","8":"first","9":"instock","10":"virtual","11":"sold-individually","12":"purchasable","13":"product-type-simple"},"yoast_head":"<!-- This site is optimized with the Yoast SEO plugin v27.4 - https:\/\/yoast.com\/product\/yoast-seo-wordpress\/ -->\n<title>&#8902; Adh\u00e9rer \u00e0 Premium &#8902; FlavienDev Shop &#8902; Des avantages exlusifs ! &#8902;<\/title>\n<meta name=\"description\" content=\"&#8902; Premium c&#039;est quoi ? Premium est un abonnement mensuel permettant d&#039;obtenir une multitude d&#039;avantages sur FlavienDev Shop ! &#8902;\" \/>\n<meta name=\"robots\" content=\"index, follow, max-snippet:-1, max-image-preview:large, max-video-preview:-1\" \/>\n<link rel=\"canonical\" href=\"https:\/\/flaviendev.fr\/shop\/produit\/premium\/\" \/>\n<meta property=\"og:locale\" content=\"fr_FR\" \/>\n<meta property=\"og:type\" content=\"article\" \/>\n<meta property=\"og:title\" content=\"&#8902; Adh\u00e9rer \u00e0 Premium &#8902; FlavienDev Shop &#8902; Des avantages exlusifs ! &#8902;\" \/>\n<meta property=\"og:description\" content=\"&#8902; Premium c&#039;est quoi ? Premium est un abonnement mensuel permettant d&#039;obtenir une multitude d&#039;avantages sur FlavienDev Shop ! &#8902;\" \/>\n<meta property=\"og:url\" content=\"https:\/\/flaviendev.fr\/shop\/produit\/premium\/\" \/>\n<meta property=\"og:site_name\" content=\"FlavienDev Shop\" \/>\n<meta property=\"article:publisher\" content=\"https:\/\/www.facebook.com\/FlavienDev\" \/>\n<meta property=\"article:modified_time\" content=\"2021-11-11T19:05:07+00:00\" \/>\n<meta property=\"og:image\" content=\"https:\/\/flaviendev.fr\/shop\/wp-content\/uploads\/sites\/4\/2020\/12\/1-1.png\" \/>\n\t<meta property=\"og:image:width\" content=\"1080\" \/>\n\t<meta property=\"og:image:height\" content=\"1080\" \/>\n\t<meta property=\"og:image:type\" content=\"image\/png\" \/>\n<meta name=\"twitter:card\" content=\"summary_large_image\" \/>\n<meta name=\"twitter:site\" content=\"@FlavienDev\" \/>\n<script type=\"application\/ld+json\" class=\"yoast-schema-graph\">{\"@context\":\"https:\\\/\\\/schema.org\",\"@graph\":[{\"@type\":\"WebPage\",\"@id\":\"https:\\\/\\\/flaviendev.fr\\\/shop\\\/produit\\\/premium\\\/\",\"url\":\"https:\\\/\\\/flaviendev.fr\\\/shop\\\/produit\\\/premium\\\/\",\"name\":\"&#8902; Adh\u00e9rer \u00e0 Premium &#8902; FlavienDev Shop &#8902; Des avantages exlusifs ! &#8902;\",\"isPartOf\":{\"@id\":\"https:\\\/\\\/flaviendev.fr\\\/shop\\\/#website\"},\"primaryImageOfPage\":{\"@id\":\"https:\\\/\\\/flaviendev.fr\\\/shop\\\/produit\\\/premium\\\/#primaryimage\"},\"image\":{\"@id\":\"https:\\\/\\\/flaviendev.fr\\\/shop\\\/produit\\\/premium\\\/#primaryimage\"},\"thumbnailUrl\":\"https:\\\/\\\/i0.wp.com\\\/flaviendev.fr\\\/shop\\\/wp-content\\\/uploads\\\/sites\\\/4\\\/2020\\\/12\\\/1-1.png?fit=1080%2C1080&ssl=1\",\"datePublished\":\"2020-12-19T17:13:47+00:00\",\"dateModified\":\"2021-11-11T19:05:07+00:00\",\"description\":\"&#8902; Premium c'est quoi ? Premium est un abonnement mensuel permettant d'obtenir une multitude d'avantages sur FlavienDev Shop ! &#8902;\",\"breadcrumb\":{\"@id\":\"https:\\\/\\\/flaviendev.fr\\\/shop\\\/produit\\\/premium\\\/#breadcrumb\"},\"inLanguage\":\"fr-FR\",\"potentialAction\":[{\"@type\":\"ReadAction\",\"target\":[\"https:\\\/\\\/flaviendev.fr\\\/shop\\\/produit\\\/premium\\\/\"]}]},{\"@type\":\"ImageObject\",\"inLanguage\":\"fr-FR\",\"@id\":\"https:\\\/\\\/flaviendev.fr\\\/shop\\\/produit\\\/premium\\\/#primaryimage\",\"url\":\"https:\\\/\\\/i0.wp.com\\\/flaviendev.fr\\\/shop\\\/wp-content\\\/uploads\\\/sites\\\/4\\\/2020\\\/12\\\/1-1.png?fit=1080%2C1080&ssl=1\",\"contentUrl\":\"https:\\\/\\\/i0.wp.com\\\/flaviendev.fr\\\/shop\\\/wp-content\\\/uploads\\\/sites\\\/4\\\/2020\\\/12\\\/1-1.png?fit=1080%2C1080&ssl=1\",\"width\":1080,\"height\":1080},{\"@type\":\"BreadcrumbList\",\"@id\":\"https:\\\/\\\/flaviendev.fr\\\/shop\\\/produit\\\/premium\\\/#breadcrumb\",\"itemListElement\":[{\"@type\":\"ListItem\",\"position\":1,\"name\":\"Accueil\",\"item\":\"https:\\\/\\\/flaviendev.fr\\\/shop\\\/\"},{\"@type\":\"ListItem\",\"position\":2,\"name\":\"Boutique\",\"item\":\"https:\\\/\\\/flaviendev.fr\\\/shop\\\/boutique\\\/\"},{\"@type\":\"ListItem\",\"position\":3,\"name\":\"Premium\"}]},{\"@type\":\"WebSite\",\"@id\":\"https:\\\/\\\/flaviendev.fr\\\/shop\\\/#website\",\"url\":\"https:\\\/\\\/flaviendev.fr\\\/shop\\\/\",\"name\":\"FlavienDev Shop\",\"description\":\"\",\"publisher\":{\"@id\":\"https:\\\/\\\/flaviendev.fr\\\/shop\\\/#organization\"},\"potentialAction\":[{\"@type\":\"SearchAction\",\"target\":{\"@type\":\"EntryPoint\",\"urlTemplate\":\"https:\\\/\\\/flaviendev.fr\\\/shop\\\/?s={search_term_string}\"},\"query-input\":{\"@type\":\"PropertyValueSpecification\",\"valueRequired\":true,\"valueName\":\"search_term_string\"}}],\"inLanguage\":\"fr-FR\"},{\"@type\":\"Organization\",\"@id\":\"https:\\\/\\\/flaviendev.fr\\\/shop\\\/#organization\",\"name\":\"FlavienDev Shop\",\"url\":\"https:\\\/\\\/flaviendev.fr\\\/shop\\\/\",\"logo\":{\"@type\":\"ImageObject\",\"inLanguage\":\"fr-FR\",\"@id\":\"https:\\\/\\\/flaviendev.fr\\\/shop\\\/#\\\/schema\\\/logo\\\/image\\\/\",\"url\":\"https:\\\/\\\/i0.wp.com\\\/flaviendev.fr\\\/shop\\\/wp-content\\\/uploads\\\/sites\\\/4\\\/2020\\\/11\\\/cropped-FlavienDev_Couverture_Twitter_Transparent.png?fit=1500%2C500&ssl=1\",\"contentUrl\":\"https:\\\/\\\/i0.wp.com\\\/flaviendev.fr\\\/shop\\\/wp-content\\\/uploads\\\/sites\\\/4\\\/2020\\\/11\\\/cropped-FlavienDev_Couverture_Twitter_Transparent.png?fit=1500%2C500&ssl=1\",\"width\":1500,\"height\":500,\"caption\":\"FlavienDev Shop\"},\"image\":{\"@id\":\"https:\\\/\\\/flaviendev.fr\\\/shop\\\/#\\\/schema\\\/logo\\\/image\\\/\"},\"sameAs\":[\"https:\\\/\\\/www.facebook.com\\\/FlavienDev\",\"https:\\\/\\\/x.com\\\/FlavienDev\",\"https:\\\/\\\/www.instagram.com\\\/flaviendev\\\/\"]}]}<\/script>\n<!-- \/ Yoast SEO plugin. -->","yoast_head_json":{"title":"&#8902; Adh\u00e9rer \u00e0 Premium &#8902; FlavienDev Shop &#8902; Des avantages exlusifs ! &#8902;","description":"&#8902; Premium c'est quoi ? Premium est un abonnement mensuel permettant d'obtenir une multitude d'avantages sur FlavienDev Shop ! &#8902;","robots":{"index":"index","follow":"follow","max-snippet":"max-snippet:-1","max-image-preview":"max-image-preview:large","max-video-preview":"max-video-preview:-1"},"canonical":"https:\/\/flaviendev.fr\/shop\/produit\/premium\/","og_locale":"fr_FR","og_type":"article","og_title":"&#8902; Adh\u00e9rer \u00e0 Premium &#8902; FlavienDev Shop &#8902; Des avantages exlusifs ! &#8902;","og_description":"&#8902; Premium c'est quoi ? Premium est un abonnement mensuel permettant d'obtenir une multitude d'avantages sur FlavienDev Shop ! &#8902;","og_url":"https:\/\/flaviendev.fr\/shop\/produit\/premium\/","og_site_name":"FlavienDev Shop","article_publisher":"https:\/\/www.facebook.com\/FlavienDev","article_modified_time":"2021-11-11T19:05:07+00:00","og_image":[{"width":1080,"height":1080,"url":"https:\/\/flaviendev.fr\/shop\/wp-content\/uploads\/sites\/4\/2020\/12\/1-1.png","type":"image\/png"}],"twitter_card":"summary_large_image","twitter_site":"@FlavienDev","schema":{"@context":"https:\/\/schema.org","@graph":[{"@type":"WebPage","@id":"https:\/\/flaviendev.fr\/shop\/produit\/premium\/","url":"https:\/\/flaviendev.fr\/shop\/produit\/premium\/","name":"&#8902; Adh\u00e9rer \u00e0 Premium &#8902; FlavienDev Shop &#8902; Des avantages exlusifs ! &#8902;","isPartOf":{"@id":"https:\/\/flaviendev.fr\/shop\/#website"},"primaryImageOfPage":{"@id":"https:\/\/flaviendev.fr\/shop\/produit\/premium\/#primaryimage"},"image":{"@id":"https:\/\/flaviendev.fr\/shop\/produit\/premium\/#primaryimage"},"thumbnailUrl":"https:\/\/i0.wp.com\/flaviendev.fr\/shop\/wp-content\/uploads\/sites\/4\/2020\/12\/1-1.png?fit=1080%2C1080&ssl=1","datePublished":"2020-12-19T17:13:47+00:00","dateModified":"2021-11-11T19:05:07+00:00","description":"&#8902; Premium c'est quoi ? Premium est un abonnement mensuel permettant d'obtenir une multitude d'avantages sur FlavienDev Shop ! &#8902;","breadcrumb":{"@id":"https:\/\/flaviendev.fr\/shop\/produit\/premium\/#breadcrumb"},"inLanguage":"fr-FR","potentialAction":[{"@type":"ReadAction","target":["https:\/\/flaviendev.fr\/shop\/produit\/premium\/"]}]},{"@type":"ImageObject","inLanguage":"fr-FR","@id":"https:\/\/flaviendev.fr\/shop\/produit\/premium\/#primaryimage","url":"https:\/\/i0.wp.com\/flaviendev.fr\/shop\/wp-content\/uploads\/sites\/4\/2020\/12\/1-1.png?fit=1080%2C1080&ssl=1","contentUrl":"https:\/\/i0.wp.com\/flaviendev.fr\/shop\/wp-content\/uploads\/sites\/4\/2020\/12\/1-1.png?fit=1080%2C1080&ssl=1","width":1080,"height":1080},{"@type":"BreadcrumbList","@id":"https:\/\/flaviendev.fr\/shop\/produit\/premium\/#breadcrumb","itemListElement":[{"@type":"ListItem","position":1,"name":"Accueil","item":"https:\/\/flaviendev.fr\/shop\/"},{"@type":"ListItem","position":2,"name":"Boutique","item":"https:\/\/flaviendev.fr\/shop\/boutique\/"},{"@type":"ListItem","position":3,"name":"Premium"}]},{"@type":"WebSite","@id":"https:\/\/flaviendev.fr\/shop\/#website","url":"https:\/\/flaviendev.fr\/shop\/","name":"FlavienDev Shop","description":"","publisher":{"@id":"https:\/\/flaviendev.fr\/shop\/#organization"},"potentialAction":[{"@type":"SearchAction","target":{"@type":"EntryPoint","urlTemplate":"https:\/\/flaviendev.fr\/shop\/?s={search_term_string}"},"query-input":{"@type":"PropertyValueSpecification","valueRequired":true,"valueName":"search_term_string"}}],"inLanguage":"fr-FR"},{"@type":"Organization","@id":"https:\/\/flaviendev.fr\/shop\/#organization","name":"FlavienDev Shop","url":"https:\/\/flaviendev.fr\/shop\/","logo":{"@type":"ImageObject","inLanguage":"fr-FR","@id":"https:\/\/flaviendev.fr\/shop\/#\/schema\/logo\/image\/","url":"https:\/\/i0.wp.com\/flaviendev.fr\/shop\/wp-content\/uploads\/sites\/4\/2020\/11\/cropped-FlavienDev_Couverture_Twitter_Transparent.png?fit=1500%2C500&ssl=1","contentUrl":"https:\/\/i0.wp.com\/flaviendev.fr\/shop\/wp-content\/uploads\/sites\/4\/2020\/11\/cropped-FlavienDev_Couverture_Twitter_Transparent.png?fit=1500%2C500&ssl=1","width":1500,"height":500,"caption":"FlavienDev Shop"},"image":{"@id":"https:\/\/flaviendev.fr\/shop\/#\/schema\/logo\/image\/"},"sameAs":["https:\/\/www.facebook.com\/FlavienDev","https:\/\/x.com\/FlavienDev","https:\/\/www.instagram.com\/flaviendev\/"]}]}},"jetpack_publicize_connections":[],"jetpack_sharing_enabled":true,"_links":{"self":[{"href":"https:\/\/flaviendev.fr\/shop\/wp-json\/wp\/v2\/product\/8103","targetHints":{"allow":["GET"]}}],"collection":[{"href":"https:\/\/flaviendev.fr\/shop\/wp-json\/wp\/v2\/product"}],"about":[{"href":"https:\/\/flaviendev.fr\/shop\/wp-json\/wp\/v2\/types\/product"}],"replies":[{"embeddable":true,"href":"https:\/\/flaviendev.fr\/shop\/wp-json\/wp\/v2\/comments?post=8103"}],"wp:featuredmedia":[{"embeddable":true,"href":"https:\/\/flaviendev.fr\/shop\/wp-json\/wp\/v2\/media\/10087"}],"wp:attachment":[{"href":"https:\/\/flaviendev.fr\/shop\/wp-json\/wp\/v2\/media?parent=8103"}],"wp:term":[{"taxonomy":"product_brand","embeddable":true,"href":"https:\/\/flaviendev.fr\/shop\/wp-json\/wp\/v2\/product_brand?post=8103"},{"taxonomy":"product_cat","embeddable":true,"href":"https:\/\/flaviendev.fr\/shop\/wp-json\/wp\/v2\/product_cat?post=8103"},{"taxonomy":"product_tag","embeddable":true,"href":"https:\/\/flaviendev.fr\/shop\/wp-json\/wp\/v2\/product_tag?post=8103"},{"taxonomy":"giftcard-category","embeddable":true,"href":"https:\/\/flaviendev.fr\/shop\/wp-json\/wp\/v2\/giftcard-category?post=8103"}],"curies":[{"name":"wp","href":"https:\/\/api.w.org\/{rel}","templated":true}]}}