{"id":8113,"date":"2020-12-19T22:10:14","date_gmt":"2020-12-19T21:10:14","guid":{"rendered":"https:\/\/flaviendev.fr\/shop\/?post_type=product&#038;p=8113"},"modified":"2021-01-22T16:59:30","modified_gmt":"2021-01-22T15:59:30","slug":"dons-mensuel-pour-les-forets-francaises","status":"publish","type":"product","link":"https:\/\/flaviendev.fr\/shop\/produit\/dons-mensuel-pour-les-forets-francaises\/","title":{"rendered":"Don mensuel pour les for\u00eats fran\u00e7aises"},"content":{"rendered":"<div><strong>Pourquoi faire un don pour nos for\u00eats ?<\/strong><\/div>\n<div><\/div>\n<ul>\n<li class=\"subtitle2 ux-display-4 py-3 font-weight-semi-bold\"><strong>Un puits de carbone pour le climat : <\/strong>Les for\u00eats sont merveilleuses. Elles ont besoin d&#8217;\u00eatre pr\u00e9serv\u00e9es. Et nous avons besoin de plus de for\u00eats pour capturer le carbone et lutter contre le changement climatique !<\/li>\n<li>\n<div class=\"subtitle2 ux-display-4 py-3 font-weight-semi-bold\"><strong>Un havre pour les plantes &amp; animaux : <\/strong>La biodiversit\u00e9 est au c\u0153ur de nos for\u00eats. Vos arbres poussent tout au long de leur vie dans des \u00e9cosyst\u00e8mes dynamiques o\u00f9 la faune et la flore prosp\u00e8rent.<\/div>\n<\/li>\n<li>\n<div class=\"subtitle2 ux-display-4 py-3 font-weight-semi-bold\"><strong>Une ressource durable et renouvelable : <\/strong>Lorsque l&#8217;absorption carbone de votre arbre diminue, celui-ci est exploit\u00e9 pour produire du bois d&#8217;\u0153uvre et maintenir la s\u00e9questration.<\/div>\n<\/li>\n<\/ul>\n<p>Ainsi en faisant un don mensuel, vous permettez de <strong>pr\u00e9server l&#8217;avenir et d&#8217;agir<\/strong>, \u00e0 votre \u00e9chelle, sur notre environnement ! En plus, n&#8217;est-il pas bon de se promener dans de <strong>magnifique for\u00eats fran\u00e7aises<\/strong> ? Nous pensons que la pand\u00e9mie de COVID-19 l&#8217;a prouv\u00e9, rien ne vaut l&#8217;<strong>air pur<\/strong> de nos campagnes et for\u00eats !<\/p>\n","protected":false},"excerpt":{"rendered":"<p>Pourquoi faire un don pour nos for\u00eats ? Un puits de carbone pour le climat : Les for\u00eats sont merveilleuses. Elles ont besoin d&#8217;\u00eatre pr\u00e9serv\u00e9es. Et nous avons besoin de plus de for\u00eats pour capturer le carbone et lutter contre le changement climatique ! Un havre pour les plantes &amp; animaux : La biodiversit\u00e9 est<a class=\"more-link\" href=\"https:\/\/flaviendev.fr\/shop\/produit\/dons-mensuel-pour-les-forets-francaises\/\">Lire la suite \u27f6<\/a><\/p>\n","protected":false},"featured_media":8375,"comment_status":"open","ping_status":"closed","template":"","meta":{"jetpack_publicize_message":"","jetpack_publicize_feature_enabled":true,"jetpack_social_post_already_shared":false,"jetpack_social_options":{"image_generator_settings":{"template":"highway","default_image_id":0,"font":"","enabled":false},"version":2}},"product_brand":[],"product_cat":[150,151],"product_tag":[],"giftcard-category":[],"class_list":{"0":"post-8113","1":"product","2":"type-product","3":"status-publish","4":"has-post-thumbnail","6":"product_cat-abonnements","7":"product_cat-dons","9":"first","10":"instock","11":"sold-individually","12":"purchasable","13":"product-type-variable"},"yoast_head":"<!-- This site is optimized with the Yoast SEO plugin v27.4 - https:\/\/yoast.com\/product\/yoast-seo-wordpress\/ -->\n<title>&#8902; Don mensuel pour les for\u00eats fran\u00e7aises &#8902; FlavienDev Shop &#8902;<\/title>\n<meta name=\"description\" content=\"&#8902; Aidez FlavienDev Shop \u00e0 s&#039;investir pour notre plan\u00e8te ! Rien de plus simple, abonnez-vous \u00e0 l&#039;abonnement mensuel pour planter des arbres! &#8902;\" \/>\n<meta name=\"robots\" content=\"index, follow, max-snippet:-1, max-image-preview:large, max-video-preview:-1\" \/>\n<link rel=\"canonical\" href=\"https:\/\/flaviendev.fr\/shop\/produit\/dons-mensuel-pour-les-forets-francaises\/\" \/>\n<meta property=\"og:locale\" content=\"fr_FR\" \/>\n<meta property=\"og:type\" content=\"article\" \/>\n<meta property=\"og:title\" content=\"&#8902; Don mensuel pour les for\u00eats fran\u00e7aises &#8902; FlavienDev Shop &#8902;\" \/>\n<meta property=\"og:description\" content=\"&#8902; Aidez FlavienDev Shop \u00e0 s&#039;investir pour notre plan\u00e8te ! Rien de plus simple, abonnez-vous \u00e0 l&#039;abonnement mensuel pour planter des arbres! &#8902;\" \/>\n<meta property=\"og:url\" content=\"https:\/\/flaviendev.fr\/shop\/produit\/dons-mensuel-pour-les-forets-francaises\/\" \/>\n<meta property=\"og:site_name\" content=\"FlavienDev Shop\" \/>\n<meta property=\"article:publisher\" content=\"https:\/\/www.facebook.com\/FlavienDev\" \/>\n<meta property=\"article:modified_time\" content=\"2021-01-22T15:59:30+00:00\" \/>\n<meta property=\"og:image\" content=\"https:\/\/flaviendev.fr\/shop\/wp-content\/uploads\/sites\/4\/2020\/12\/ForestFamily-1024x1024.png\" \/>\n\t<meta property=\"og:image:width\" content=\"1024\" \/>\n\t<meta property=\"og:image:height\" content=\"1024\" \/>\n\t<meta property=\"og:image:type\" content=\"image\/png\" \/>\n<meta name=\"twitter:card\" content=\"summary_large_image\" \/>\n<meta name=\"twitter:site\" content=\"@FlavienDev\" \/>\n<meta name=\"twitter:label1\" content=\"Dur\u00e9e de lecture estim\u00e9e\" \/>\n\t<meta name=\"twitter:data1\" content=\"1 minute\" \/>\n<script type=\"application\/ld+json\" class=\"yoast-schema-graph\">{\"@context\":\"https:\\\/\\\/schema.org\",\"@graph\":[{\"@type\":\"WebPage\",\"@id\":\"https:\\\/\\\/flaviendev.fr\\\/shop\\\/produit\\\/dons-mensuel-pour-les-forets-francaises\\\/\",\"url\":\"https:\\\/\\\/flaviendev.fr\\\/shop\\\/produit\\\/dons-mensuel-pour-les-forets-francaises\\\/\",\"name\":\"&#8902; Don mensuel pour les for\u00eats fran\u00e7aises &#8902; FlavienDev Shop &#8902;\",\"isPartOf\":{\"@id\":\"https:\\\/\\\/flaviendev.fr\\\/shop\\\/#website\"},\"primaryImageOfPage\":{\"@id\":\"https:\\\/\\\/flaviendev.fr\\\/shop\\\/produit\\\/dons-mensuel-pour-les-forets-francaises\\\/#primaryimage\"},\"image\":{\"@id\":\"https:\\\/\\\/flaviendev.fr\\\/shop\\\/produit\\\/dons-mensuel-pour-les-forets-francaises\\\/#primaryimage\"},\"thumbnailUrl\":\"https:\\\/\\\/i0.wp.com\\\/flaviendev.fr\\\/shop\\\/wp-content\\\/uploads\\\/sites\\\/4\\\/2020\\\/12\\\/ForestFamily.png?fit=1600%2C1600&ssl=1\",\"datePublished\":\"2020-12-19T21:10:14+00:00\",\"dateModified\":\"2021-01-22T15:59:30+00:00\",\"description\":\"&#8902; Aidez FlavienDev Shop \u00e0 s'investir pour notre plan\u00e8te ! Rien de plus simple, abonnez-vous \u00e0 l'abonnement mensuel pour planter des arbres! &#8902;\",\"breadcrumb\":{\"@id\":\"https:\\\/\\\/flaviendev.fr\\\/shop\\\/produit\\\/dons-mensuel-pour-les-forets-francaises\\\/#breadcrumb\"},\"inLanguage\":\"fr-FR\",\"potentialAction\":[{\"@type\":\"ReadAction\",\"target\":[\"https:\\\/\\\/flaviendev.fr\\\/shop\\\/produit\\\/dons-mensuel-pour-les-forets-francaises\\\/\"]}]},{\"@type\":\"ImageObject\",\"inLanguage\":\"fr-FR\",\"@id\":\"https:\\\/\\\/flaviendev.fr\\\/shop\\\/produit\\\/dons-mensuel-pour-les-forets-francaises\\\/#primaryimage\",\"url\":\"https:\\\/\\\/i0.wp.com\\\/flaviendev.fr\\\/shop\\\/wp-content\\\/uploads\\\/sites\\\/4\\\/2020\\\/12\\\/ForestFamily.png?fit=1600%2C1600&ssl=1\",\"contentUrl\":\"https:\\\/\\\/i0.wp.com\\\/flaviendev.fr\\\/shop\\\/wp-content\\\/uploads\\\/sites\\\/4\\\/2020\\\/12\\\/ForestFamily.png?fit=1600%2C1600&ssl=1\",\"width\":1600,\"height\":1600},{\"@type\":\"BreadcrumbList\",\"@id\":\"https:\\\/\\\/flaviendev.fr\\\/shop\\\/produit\\\/dons-mensuel-pour-les-forets-francaises\\\/#breadcrumb\",\"itemListElement\":[{\"@type\":\"ListItem\",\"position\":1,\"name\":\"Accueil\",\"item\":\"https:\\\/\\\/flaviendev.fr\\\/shop\\\/\"},{\"@type\":\"ListItem\",\"position\":2,\"name\":\"Boutique\",\"item\":\"https:\\\/\\\/flaviendev.fr\\\/shop\\\/boutique\\\/\"},{\"@type\":\"ListItem\",\"position\":3,\"name\":\"Don mensuel pour les for\u00eats fran\u00e7aises\"}]},{\"@type\":\"WebSite\",\"@id\":\"https:\\\/\\\/flaviendev.fr\\\/shop\\\/#website\",\"url\":\"https:\\\/\\\/flaviendev.fr\\\/shop\\\/\",\"name\":\"FlavienDev Shop\",\"description\":\"\",\"publisher\":{\"@id\":\"https:\\\/\\\/flaviendev.fr\\\/shop\\\/#organization\"},\"potentialAction\":[{\"@type\":\"SearchAction\",\"target\":{\"@type\":\"EntryPoint\",\"urlTemplate\":\"https:\\\/\\\/flaviendev.fr\\\/shop\\\/?s={search_term_string}\"},\"query-input\":{\"@type\":\"PropertyValueSpecification\",\"valueRequired\":true,\"valueName\":\"search_term_string\"}}],\"inLanguage\":\"fr-FR\"},{\"@type\":\"Organization\",\"@id\":\"https:\\\/\\\/flaviendev.fr\\\/shop\\\/#organization\",\"name\":\"FlavienDev Shop\",\"url\":\"https:\\\/\\\/flaviendev.fr\\\/shop\\\/\",\"logo\":{\"@type\":\"ImageObject\",\"inLanguage\":\"fr-FR\",\"@id\":\"https:\\\/\\\/flaviendev.fr\\\/shop\\\/#\\\/schema\\\/logo\\\/image\\\/\",\"url\":\"https:\\\/\\\/i0.wp.com\\\/flaviendev.fr\\\/shop\\\/wp-content\\\/uploads\\\/sites\\\/4\\\/2020\\\/11\\\/cropped-FlavienDev_Couverture_Twitter_Transparent.png?fit=1500%2C500&ssl=1\",\"contentUrl\":\"https:\\\/\\\/i0.wp.com\\\/flaviendev.fr\\\/shop\\\/wp-content\\\/uploads\\\/sites\\\/4\\\/2020\\\/11\\\/cropped-FlavienDev_Couverture_Twitter_Transparent.png?fit=1500%2C500&ssl=1\",\"width\":1500,\"height\":500,\"caption\":\"FlavienDev Shop\"},\"image\":{\"@id\":\"https:\\\/\\\/flaviendev.fr\\\/shop\\\/#\\\/schema\\\/logo\\\/image\\\/\"},\"sameAs\":[\"https:\\\/\\\/www.facebook.com\\\/FlavienDev\",\"https:\\\/\\\/x.com\\\/FlavienDev\",\"https:\\\/\\\/www.instagram.com\\\/flaviendev\\\/\"]}]}<\/script>\n<!-- \/ Yoast SEO plugin. -->","yoast_head_json":{"title":"&#8902; Don mensuel pour les for\u00eats fran\u00e7aises &#8902; FlavienDev Shop &#8902;","description":"&#8902; Aidez FlavienDev Shop \u00e0 s'investir pour notre plan\u00e8te ! Rien de plus simple, abonnez-vous \u00e0 l'abonnement mensuel pour planter des arbres! &#8902;","robots":{"index":"index","follow":"follow","max-snippet":"max-snippet:-1","max-image-preview":"max-image-preview:large","max-video-preview":"max-video-preview:-1"},"canonical":"https:\/\/flaviendev.fr\/shop\/produit\/dons-mensuel-pour-les-forets-francaises\/","og_locale":"fr_FR","og_type":"article","og_title":"&#8902; Don mensuel pour les for\u00eats fran\u00e7aises &#8902; FlavienDev Shop &#8902;","og_description":"&#8902; Aidez FlavienDev Shop \u00e0 s'investir pour notre plan\u00e8te ! Rien de plus simple, abonnez-vous \u00e0 l'abonnement mensuel pour planter des arbres! &#8902;","og_url":"https:\/\/flaviendev.fr\/shop\/produit\/dons-mensuel-pour-les-forets-francaises\/","og_site_name":"FlavienDev Shop","article_publisher":"https:\/\/www.facebook.com\/FlavienDev","article_modified_time":"2021-01-22T15:59:30+00:00","og_image":[{"width":1024,"height":1024,"url":"https:\/\/flaviendev.fr\/shop\/wp-content\/uploads\/sites\/4\/2020\/12\/ForestFamily-1024x1024.png","type":"image\/png"}],"twitter_card":"summary_large_image","twitter_site":"@FlavienDev","twitter_misc":{"Dur\u00e9e de lecture estim\u00e9e":"1 minute"},"schema":{"@context":"https:\/\/schema.org","@graph":[{"@type":"WebPage","@id":"https:\/\/flaviendev.fr\/shop\/produit\/dons-mensuel-pour-les-forets-francaises\/","url":"https:\/\/flaviendev.fr\/shop\/produit\/dons-mensuel-pour-les-forets-francaises\/","name":"&#8902; Don mensuel pour les for\u00eats fran\u00e7aises &#8902; FlavienDev Shop &#8902;","isPartOf":{"@id":"https:\/\/flaviendev.fr\/shop\/#website"},"primaryImageOfPage":{"@id":"https:\/\/flaviendev.fr\/shop\/produit\/dons-mensuel-pour-les-forets-francaises\/#primaryimage"},"image":{"@id":"https:\/\/flaviendev.fr\/shop\/produit\/dons-mensuel-pour-les-forets-francaises\/#primaryimage"},"thumbnailUrl":"https:\/\/i0.wp.com\/flaviendev.fr\/shop\/wp-content\/uploads\/sites\/4\/2020\/12\/ForestFamily.png?fit=1600%2C1600&ssl=1","datePublished":"2020-12-19T21:10:14+00:00","dateModified":"2021-01-22T15:59:30+00:00","description":"&#8902; Aidez FlavienDev Shop \u00e0 s'investir pour notre plan\u00e8te ! Rien de plus simple, abonnez-vous \u00e0 l'abonnement mensuel pour planter des arbres! &#8902;","breadcrumb":{"@id":"https:\/\/flaviendev.fr\/shop\/produit\/dons-mensuel-pour-les-forets-francaises\/#breadcrumb"},"inLanguage":"fr-FR","potentialAction":[{"@type":"ReadAction","target":["https:\/\/flaviendev.fr\/shop\/produit\/dons-mensuel-pour-les-forets-francaises\/"]}]},{"@type":"ImageObject","inLanguage":"fr-FR","@id":"https:\/\/flaviendev.fr\/shop\/produit\/dons-mensuel-pour-les-forets-francaises\/#primaryimage","url":"https:\/\/i0.wp.com\/flaviendev.fr\/shop\/wp-content\/uploads\/sites\/4\/2020\/12\/ForestFamily.png?fit=1600%2C1600&ssl=1","contentUrl":"https:\/\/i0.wp.com\/flaviendev.fr\/shop\/wp-content\/uploads\/sites\/4\/2020\/12\/ForestFamily.png?fit=1600%2C1600&ssl=1","width":1600,"height":1600},{"@type":"BreadcrumbList","@id":"https:\/\/flaviendev.fr\/shop\/produit\/dons-mensuel-pour-les-forets-francaises\/#breadcrumb","itemListElement":[{"@type":"ListItem","position":1,"name":"Accueil","item":"https:\/\/flaviendev.fr\/shop\/"},{"@type":"ListItem","position":2,"name":"Boutique","item":"https:\/\/flaviendev.fr\/shop\/boutique\/"},{"@type":"ListItem","position":3,"name":"Don mensuel pour les for\u00eats fran\u00e7aises"}]},{"@type":"WebSite","@id":"https:\/\/flaviendev.fr\/shop\/#website","url":"https:\/\/flaviendev.fr\/shop\/","name":"FlavienDev Shop","description":"","publisher":{"@id":"https:\/\/flaviendev.fr\/shop\/#organization"},"potentialAction":[{"@type":"SearchAction","target":{"@type":"EntryPoint","urlTemplate":"https:\/\/flaviendev.fr\/shop\/?s={search_term_string}"},"query-input":{"@type":"PropertyValueSpecification","valueRequired":true,"valueName":"search_term_string"}}],"inLanguage":"fr-FR"},{"@type":"Organization","@id":"https:\/\/flaviendev.fr\/shop\/#organization","name":"FlavienDev Shop","url":"https:\/\/flaviendev.fr\/shop\/","logo":{"@type":"ImageObject","inLanguage":"fr-FR","@id":"https:\/\/flaviendev.fr\/shop\/#\/schema\/logo\/image\/","url":"https:\/\/i0.wp.com\/flaviendev.fr\/shop\/wp-content\/uploads\/sites\/4\/2020\/11\/cropped-FlavienDev_Couverture_Twitter_Transparent.png?fit=1500%2C500&ssl=1","contentUrl":"https:\/\/i0.wp.com\/flaviendev.fr\/shop\/wp-content\/uploads\/sites\/4\/2020\/11\/cropped-FlavienDev_Couverture_Twitter_Transparent.png?fit=1500%2C500&ssl=1","width":1500,"height":500,"caption":"FlavienDev Shop"},"image":{"@id":"https:\/\/flaviendev.fr\/shop\/#\/schema\/logo\/image\/"},"sameAs":["https:\/\/www.facebook.com\/FlavienDev","https:\/\/x.com\/FlavienDev","https:\/\/www.instagram.com\/flaviendev\/"]}]}},"jetpack_publicize_connections":[],"jetpack_sharing_enabled":true,"_links":{"self":[{"href":"https:\/\/flaviendev.fr\/shop\/wp-json\/wp\/v2\/product\/8113","targetHints":{"allow":["GET"]}}],"collection":[{"href":"https:\/\/flaviendev.fr\/shop\/wp-json\/wp\/v2\/product"}],"about":[{"href":"https:\/\/flaviendev.fr\/shop\/wp-json\/wp\/v2\/types\/product"}],"replies":[{"embeddable":true,"href":"https:\/\/flaviendev.fr\/shop\/wp-json\/wp\/v2\/comments?post=8113"}],"wp:featuredmedia":[{"embeddable":true,"href":"https:\/\/flaviendev.fr\/shop\/wp-json\/wp\/v2\/media\/8375"}],"wp:attachment":[{"href":"https:\/\/flaviendev.fr\/shop\/wp-json\/wp\/v2\/media?parent=8113"}],"wp:term":[{"taxonomy":"product_brand","embeddable":true,"href":"https:\/\/flaviendev.fr\/shop\/wp-json\/wp\/v2\/product_brand?post=8113"},{"taxonomy":"product_cat","embeddable":true,"href":"https:\/\/flaviendev.fr\/shop\/wp-json\/wp\/v2\/product_cat?post=8113"},{"taxonomy":"product_tag","embeddable":true,"href":"https:\/\/flaviendev.fr\/shop\/wp-json\/wp\/v2\/product_tag?post=8113"},{"taxonomy":"giftcard-category","embeddable":true,"href":"https:\/\/flaviendev.fr\/shop\/wp-json\/wp\/v2\/giftcard-category?post=8113"}],"curies":[{"name":"wp","href":"https:\/\/api.w.org\/{rel}","templated":true}]}}